{"id":99314,"date":"2026-02-27T17:18:15","date_gmt":"2026-02-27T17:18:15","guid":{"rendered":"https:\/\/brandss.com.py\/index\/?post_type=product&#038;p=99314"},"modified":"2026-02-27T17:19:36","modified_gmt":"2026-02-27T17:19:36","slug":"celular-honor-x6b-5g-ds-4-256gb-forest-green","status":"publish","type":"product","link":"https:\/\/brandss.com.py\/index\/producto\/celular-honor-x6b-5g-ds-4-256gb-forest-green\/","title":{"rendered":"CELULAR HONOR X6B 5G DS 4\/256GB FOREST GREEN"},"content":{"rendered":"<p><img loading=\"lazy\" decoding=\"async\" class=\"\" src=\"https:\/\/download.logo.wine\/logo\/Honor_(brand)\/Honor_(brand)-Logo.wine.png\" alt=\"Download Honor Logo in SVG Vector or PNG File Format - Logo.wine\" width=\"90\" height=\"60\" \/><\/p>\n<h1>X6B 5G<\/h1>\n<p>El Honor X6b Dual ofrece un balance entre funcionalidad y dise\u00f1o moderno, destac\u00e1ndose por su pantalla TFT LCD de 6.56 pulgadas con una resoluci\u00f3n de 720 x 1612 p\u00edxeles, que brinda una experiencia visual clara y n\u00edtida. Su sistema de c\u00e1maras incluye una configuraci\u00f3n trasera dual, con un sensor principal de 50MP y un sensor secundario de 2MP, ideal para capturar fotograf\u00edas con buen detalle. En el frente, cuenta con una c\u00e1mara de 5MP, perfecta para selfies y videollamadas. Este modelo combina rendimiento y estilo, siendo una opci\u00f3n pr\u00e1ctica para quienes buscan un smartphone eficiente y accesible.<img loading=\"lazy\" decoding=\"async\" class=\"alignleft\" src=\"https:\/\/smartconcept.cl\/wp-content\/uploads\/2024\/08\/x6bplus8256green-3-2.jpg\" width=\"656\" height=\"656\" \/><\/p>\n<h3>Especificaciones<\/h3>\n<p>Color: Forest Green<br \/>\nMemoria RAM: 4 GB<br \/>\nTipo de SIM: Nano SIM<br \/>\nTama\u00f1o de pantalla: 6.56&#8243;<br \/>\nBandas 3G: 1 (2100 Mhz), 2 (1900 Mhz), 5 (850 Mhz), 8 (900 Mhz)<br \/>\nConectividad Inal\u00e1mbrica: BeiDou, GALILEO , GLONASS, GPS, Wi-Fi 802.11 a\/b\/g\/n\/ac<br \/>\nBater\u00eda: 5200 mAh<br \/>\nSlot Micro SD: Hasta 2TB<br \/>\nBandas 2G: 850 &#8211; 900 &#8211; 1800 &#8211; 1900<br \/>\nMemoria Interna: 256 GB<br \/>\nLectores de acceso: Huella Digital<br \/>\nTecnolog\u00eda de pantalla: TFT LCD<br \/>\nC\u00e1mara Trasera Dual: 50Mp &#8211; 2Mp<br \/>\nSistema Operativo: Android 14, MagicOS 8<br \/>\nResoluci\u00f3n de video: 1080p<br \/>\nVelocidad: 2.0 GHz<br \/>\nFlash LED: S\u00ed<br \/>\nC\u00e1mara Frontal: 5Mp<br \/>\nBandas 4G Latinas: B13 (700 Mhz), B17 (700 Mhz), B2 (1900 Mhz), B28 (700 Mhz), B3 (1800 Mhz), B38 (2600 Mhz), B4 (1700-2100 Mhz), B7 (2600 Mhz), B1(2100 Mhz), B5 (850 Mhz), B8 (900 Mhz), B20 (800 Mhz), B66 (AWS-3), B40 (2300 Mhz), B41 (2500 Mhz), B18 (850 MHz), B26 (850 MHz)<br \/>\nProcesador Gr\u00e1fico: Mali-G52 MC2<br \/>\nDual SIM: Si<br \/>\nInterfaz: USB Type-C 2.0, OTG<br \/>\nResoluci\u00f3n: 720 x 1612p<br \/>\nChipset: MediaTek Helio G85<br \/>\nRango de pantalla: Mayor o igual a 5.5<br \/>\nCPU Procesador \/ N\u00facleos: (8) Octa-core<\/p>\n","protected":false},"excerpt":{"rendered":"<p>X6B 5G El Honor X6b Dual ofrece un balance entre funcionalidad y dise\u00f1o moderno, destac\u00e1ndose por su pantalla TFT LCD<\/p>\n","protected":false},"featured_media":99315,"comment_status":"open","ping_status":"closed","template":"","meta":{"nf_dc_page":""},"product_brand":[2186],"product_cat":[2187],"product_tag":[2985],"class_list":{"0":"post-99314","1":"product","2":"type-product","3":"status-publish","4":"has-post-thumbnail","6":"product_brand-honor","7":"product_cat-celulares","8":"product_tag-2985","10":"first","11":"instock","12":"shipping-taxable","13":"purchasable","14":"product-type-simple"},"_links":{"self":[{"href":"https:\/\/brandss.com.py\/index\/wp-json\/wp\/v2\/product\/99314","targetHints":{"allow":["GET"]}}],"collection":[{"href":"https:\/\/brandss.com.py\/index\/wp-json\/wp\/v2\/product"}],"about":[{"href":"https:\/\/brandss.com.py\/index\/wp-json\/wp\/v2\/types\/product"}],"replies":[{"embeddable":true,"href":"https:\/\/brandss.com.py\/index\/wp-json\/wp\/v2\/comments?post=99314"}],"version-history":[{"count":2,"href":"https:\/\/brandss.com.py\/index\/wp-json\/wp\/v2\/product\/99314\/revisions"}],"predecessor-version":[{"id":99327,"href":"https:\/\/brandss.com.py\/index\/wp-json\/wp\/v2\/product\/99314\/revisions\/99327"}],"wp:featuredmedia":[{"embeddable":true,"href":"https:\/\/brandss.com.py\/index\/wp-json\/wp\/v2\/media\/99315"}],"wp:attachment":[{"href":"https:\/\/brandss.com.py\/index\/wp-json\/wp\/v2\/media?parent=99314"}],"wp:term":[{"taxonomy":"product_brand","embeddable":true,"href":"https:\/\/brandss.com.py\/index\/wp-json\/wp\/v2\/product_brand?post=99314"},{"taxonomy":"product_cat","embeddable":true,"href":"https:\/\/brandss.com.py\/index\/wp-json\/wp\/v2\/product_cat?post=99314"},{"taxonomy":"product_tag","embeddable":true,"href":"https:\/\/brandss.com.py\/index\/wp-json\/wp\/v2\/product_tag?post=99314"}],"curies":[{"name":"wp","href":"https:\/\/api.w.org\/{rel}","templated":true}]}}