{"id":99356,"date":"2026-02-28T10:12:49","date_gmt":"2026-02-28T10:12:49","guid":{"rendered":"https:\/\/brandss.com.py\/index\/?post_type=product&#038;p=99356"},"modified":"2026-02-28T12:35:14","modified_gmt":"2026-02-28T12:35:14","slug":"celular-xiaomi-redmi-note-14-pro-ds-8-256gb-midnight-black","status":"publish","type":"product","link":"https:\/\/brandss.com.py\/index\/producto\/celular-xiaomi-redmi-note-14-pro-ds-8-256gb-midnight-black\/","title":{"rendered":"CELULAR XIAOMI REDMI NOTE 14 PRO DS 8\/256GB MIDNIGHT BLACK"},"content":{"rendered":"<p><img loading=\"lazy\" decoding=\"async\" class=\"\" src=\"https:\/\/upload.wikimedia.org\/wikipedia\/commons\/thumb\/a\/ae\/Xiaomi_logo_%282021-%29.svg\/1280px-Xiaomi_logo_%282021-%29.svg.png\" alt=\"Archivo:Xiaomi logo (2021-).svg - Wikipedia, la enciclopedia libre\" width=\"95\" height=\"95\" \/><\/p>\n<h1>NOTE 14 PRO<\/h1>\n<section class=\"template-descripcion template-contenedor center\">El Xiaomi Redmi Note 14 Pro con pantalla de 6,67&#8243; es la combinaci\u00f3n perfecta de elegancia y rendimiento. Equipado con 8GB de RAM y 256GB de almacenamiento interno, ofrece espacio suficiente para aplicaciones, fotos y archivos sin preocupaciones. Su procesador MediaTek Helio G100-Ultra garantiza un desempe\u00f1o fluido en multitarea y un rendimiento \u00f3ptimo en juegos moderados. Adem\u00e1s, cuenta con una c\u00e1mara principal de 200MP, capaz de capturar im\u00e1genes con un alto nivel de detalle, mientras que la c\u00e1mara frontal de 32MP es perfecta para selfies y videollamadas en alta resoluci\u00f3n.<\/p>\n<\/section>\n<section class=\"template-especificaciones\">\n<div class=\"template-contenedor alinear\">\n<div class=\"template-sm-grid-12 template-md-grid-6 template-grid-6 parrafo\">\n<h3>Calidad de imagen mejorada<\/h3>\n<p>El Redmi Note 14 Pro est\u00e1 equipado con una c\u00e1mara principal insignia de 200 MP, un potente hardware y estabilizaci\u00f3n \u00f3ptica de imagen (OIS) para ofrecer detalles m\u00e1s claros y tomas nocturnas m\u00e1s n\u00edtidas.<\/p>\n<\/div>\n<p><img decoding=\"async\" class=\"template-sm-grid-12 template-md-grid-6 template-grid-6 alignright\" src=\"https:\/\/laoferta.com.uy\/html-uy\/smartphones\/xiaomi\/xiaomi-redmi-note-14-pro-8gb256gb\/img\/img-01.jpg\" \/><\/div>\n<div class=\"template-linea template-grid-12\"><\/div>\n<div class=\"template-contenedor alinear\"><img decoding=\"async\" class=\"template-sm-grid-12 template-md-grid-6 template-grid-6 alignleft\" src=\"https:\/\/laoferta.com.uy\/html-uy\/smartphones\/xiaomi\/xiaomi-redmi-note-14-pro-8gb256gb\/img\/img-02.jpg\" \/><\/p>\n<div class=\"template-sm-grid-12 template-md-grid-6 template-grid-6 parrafo\">\n<h3>Zoom \u00f3ptico sin p\u00e9rdidas<\/h3>\n<p>Con los dos zoom \u00f3pticos sin p\u00e9rdidas de 4x y 2x, pod\u00e9s cambiar f\u00e1cilmente entre diferentes longitudes focales para encuadrar la toma sin que haya un p\u00edxel fuera de lugar.<\/p>\n<\/div>\n<\/div>\n<div class=\"template-linea template-grid-12\"><\/div>\n<div class=\"template-contenedor alinear\">\n<div class=\"template-sm-grid-12 template-md-grid-6 template-grid-6 parrafo\">\n<h3>Descubr\u00ed la belleza de la oscuridad<\/h3>\n<p>Los algoritmos RAW se han perfeccionado a\u00fan m\u00e1s para conservar m\u00e1s detalles de la imagen, lo que hace que las fotograf\u00edas nocturnas sean a\u00fan m\u00e1s impresionantes.<\/p>\n<\/div>\n<p><img decoding=\"async\" class=\"template-sm-grid-12 template-md-grid-6 template-grid-6 alignright\" src=\"https:\/\/laoferta.com.uy\/html-uy\/smartphones\/xiaomi\/xiaomi-redmi-note-14-pro-8gb256gb\/img\/img-03.jpg\" \/><\/div>\n<div class=\"template-linea template-grid-12\"><\/div>\n<div class=\"template-contenedor\">\n<div class=\"template-sm-grid-12 template-md-grid-12 template-grid-6 template-xl-grid-6 center sm-left\">\n<h3>AI Erase Pro<\/h3>\n<p>Elimin\u00e1 el desorden no deseado de tus fotos. Solo ten\u00e9s que tocar lo que quer\u00e9s eliminar y ver c\u00f3mo desaparece como por arte de magia.<\/p>\n<\/div>\n<div class=\"template-sm-grid-12 template-md-grid-12 template-grid-6 template-xl-grid-6 center sm-left\">\n<h3>Expansi\u00f3n de im\u00e1genes por IA<\/h3>\n<p>Ampli\u00e1 tu imagen sin esfuerzo m\u00e1s all\u00e1 de su marco original gracias a la IA para crear al instante las \u00e1reas que faltan.<\/p>\n<\/div>\n<\/div>\n<div class=\"template-contenedor\">\n<div class=\"template-sm-grid-12 template-md-grid-12 template-grid-6 template-xl-grid-6 center sm-left\">\n<h3>AI Bokeh<\/h3>\n<p>A\u00f1ad\u00ed un efecto de fondo desenfocado para que el sujeto de la imagen destaque.<\/p>\n<\/div>\n<div class=\"template-sm-grid-12 template-md-grid-12 template-grid-6 template-xl-grid-6 center sm-left\">\n<h3>AI Film<\/h3>\n<p>Cre\u00e1 videoblogs y videos cortos con AI. Seleccion\u00e1 fotos y videos, agreg\u00e1 descripciones clave y obten\u00e9 plantillas y bandas sonoras personalizadas.<\/p>\n<\/div>\n<\/div>\n<div class=\"template-linea template-grid-12\"><\/div>\n<div class=\"template-contenedor alinear\"><img decoding=\"async\" class=\"template-sm-grid-12 template-md-grid-6 template-grid-6 alignleft\" src=\"https:\/\/laoferta.com.uy\/html-uy\/smartphones\/xiaomi\/xiaomi-redmi-note-14-pro-8gb256gb\/img\/img-06.jpg\" \/><\/p>\n<div class=\"template-sm-grid-12 template-md-grid-6 template-grid-6 parrafo\">\n<h3>Modo belleza con AI<\/h3>\n<p>El reconocimiento de g\u00e9nero y las caracter\u00edsticas de belleza de nivel profesional generan efectos m\u00e1s incre\u00edbles y naturales.<\/p>\n<\/div>\n<\/div>\n<div class=\"template-linea template-grid-12\"><\/div>\n<div class=\"template-contenedor\">\n<div class=\"template-sm-grid-12 template-md-grid-12 template-grid-4 template-xl-grid-4 center sm-left\"><img decoding=\"async\" class=\"template-sm-grid-12 template-md-grid-12 template-grid-12 template-xl-grid-12 alignright\" src=\"https:\/\/laoferta.com.uy\/html-uy\/smartphones\/xiaomi\/xiaomi-redmi-note-14-pro-8gb256gb\/img\/img-07.jpg\" data-cfsrc=\"https:\/\/laoferta.com.uy\/html-uy\/smartphones\/xiaomi\/xiaomi-redmi-note-14-pro-8gb256gb\/img\/img-07.jpg\" \/><\/p>\n<h3>Magn\u00edficos selfies<\/h3>\n<p>La c\u00e1mara frontal ultran\u00edtida de 0,8x ofrece una visi\u00f3n m\u00e1s amplia para selfies de grupo.<\/p>\n<\/div>\n<div class=\"template-sm-grid-12 template-md-grid-12 template-grid-4 template-xl-grid-4 center sm-left\"><img decoding=\"async\" class=\"template-sm-grid-12 template-md-grid-12 template-grid-12 template-xl-grid-12 alignleft\" src=\"https:\/\/laoferta.com.uy\/html-uy\/smartphones\/xiaomi\/xiaomi-redmi-note-14-pro-8gb256gb\/img\/img-08.jpg\" data-cfsrc=\"https:\/\/laoferta.com.uy\/html-uy\/smartphones\/xiaomi\/xiaomi-redmi-note-14-pro-8gb256gb\/img\/img-08.jpg\" \/><\/p>\n<h3>Fotos din\u00e1micas<\/h3>\n<p>Ahora pod\u00e9s hacer fotograf\u00edas din\u00e1micas y seleccionar tus favoritas con tres opciones de exportaci\u00f3n: foto, video y GIF para conservar tus recuerdos.<\/p>\n<\/div>\n<div class=\"template-sm-grid-12 template-md-grid-12 template-grid-4 template-xl-grid-4 center sm-left\"><img decoding=\"async\" class=\"template-sm-grid-12 template-md-grid-12 template-grid-12 template-xl-grid-12 alignright\" src=\"https:\/\/laoferta.com.uy\/html-uy\/smartphones\/xiaomi\/xiaomi-redmi-note-14-pro-8gb256gb\/img\/img-09.jpg\" data-cfsrc=\"https:\/\/laoferta.com.uy\/html-uy\/smartphones\/xiaomi\/xiaomi-redmi-note-14-pro-8gb256gb\/img\/img-09.jpg\" \/><\/p>\n<h3>Video dual<\/h3>\n<p>Grab\u00e1 simult\u00e1neamente desde las c\u00e1maras frontal y trasera para capturar m\u00faltiples perspectivas.<\/p>\n<\/div>\n<\/div>\n<div class=\"template-linea template-grid-12\"><\/div>\n<div class=\"template-contenedor alinear\">\n<div class=\"template-sm-grid-12 template-md-grid-6 template-grid-6 parrafo\">\n<h3>Resistencia al polvo y al agua IP64<\/h3>\n<p>Con una clasificaci\u00f3n de resistencia al agua y al polvo IP64, el Redmi Note 14 Pro est\u00e1 bien equipado con protecci\u00f3n contra salpicaduras y polvo.<\/p>\n<\/div>\n<p><img decoding=\"async\" class=\"template-sm-grid-12 template-md-grid-6 template-grid-6 alignleft\" src=\"https:\/\/laoferta.com.uy\/html-uy\/smartphones\/xiaomi\/xiaomi-redmi-note-14-pro-8gb256gb\/img\/img-10.jpg\" \/><\/div>\n<div class=\"template-linea template-grid-12\"><\/div>\n<div class=\"template-contenedor alinear\"><img decoding=\"async\" class=\"template-sm-grid-12 template-md-grid-6 template-grid-6 alignright\" src=\"https:\/\/laoferta.com.uy\/html-uy\/smartphones\/xiaomi\/xiaomi-redmi-note-14-pro-8gb256gb\/img\/img-11.jpg\" \/><\/p>\n<div class=\"template-sm-grid-12 template-md-grid-6 template-grid-6 parrafo\">\n<h3>Resistente al desgaste y a los ara\u00f1azos<\/h3>\n<p>La resistente pantalla de cristal de gama alta ofrece una resistencia incomparable que resiste con facilidad las ca\u00eddas accidentales.<\/p>\n<\/div>\n<\/div>\n<div class=\"template-linea template-grid-12\"><\/div>\n<div class=\"template-sm-grid-12 template-md-grid-12 template-grid-12 template-xl-grid-12 parrafo center sm-left\">\n<h3>M\u00e1s resistente y duradero<\/h3>\n<\/div>\n<div class=\"template-contenedor\">\n<div class=\"template-sm-grid-12 template-md-grid-12 template-grid-6 template-xl-grid-6 center sm-left\">\n<h3>Marco compuesto de aluminio<\/h3>\n<p>Marco compuesto de aluminio de alta resistencia que protege los componentes internos de forma eficaz, lo que evita ca\u00eddas o impactos accidentales que podr\u00edan da\u00f1ar el dispositivo.<\/p>\n<\/div>\n<div class=\"template-sm-grid-12 template-md-grid-12 template-grid-6 template-xl-grid-6 center sm-left\">\n<h3>Refuerzo interno en las cuatro esquinas<\/h3>\n<p>Refuerza significativamente la integridad estructural general y garantiza que el dispositivo est\u00e9 protegido contra ca\u00eddas accidentales diarias.<\/p>\n<\/div>\n<\/div>\n<div class=\"template-contenedor\">\n<div class=\"template-sm-grid-12 template-md-grid-12 template-grid-6 template-xl-grid-6 center sm-left\">\n<h3>Material amortiguador de pol\u00edmero<\/h3>\n<p>La espuma que absorbe energ\u00eda y el material amortiguador de pol\u00edmero garantizan un aterrizaje suave de la pantalla al dispersar las fuerzas de impacto.<\/p>\n<\/div>\n<div class=\"template-sm-grid-12 template-md-grid-12 template-grid-6 template-xl-grid-6 center sm-left\">\n<h3>N\u00facleo interior reforzado<\/h3>\n<p>El dise\u00f1o entrecruzado reforzado con acero y la placa base gruesa mejoran la resistencia a los impactos.<\/p>\n<\/div>\n<\/div>\n<div class=\"template-linea template-grid-12\"><\/div>\n<div class=\"template-contenedor alinear\">\n<div class=\"template-sm-grid-12 template-md-grid-6 template-grid-6 parrafo\">\n<h3>Extensiones Gemini<\/h3>\n<p>Las extensiones conectan Gemini a otras aplicaciones y servicios de Google en los que confi\u00e1s. Cre\u00e1 im\u00e1genes impresionantes y acced\u00e9 r\u00e1pidamente a Gemini y a la ayuda contextual con lo que aparece en la pantalla.<\/p>\n<\/div>\n<p><img decoding=\"async\" class=\"template-sm-grid-12 template-md-grid-6 template-grid-6 alignleft\" src=\"https:\/\/laoferta.com.uy\/html-uy\/smartphones\/xiaomi\/xiaomi-redmi-note-14-pro-8gb256gb\/img\/img-14.jpg\" \/><\/div>\n<div class=\"template-linea template-grid-12\"><\/div>\n<div class=\"template-linea template-grid-12\"><\/div>\n<div class=\"template-contenedor alinear\"><img decoding=\"async\" class=\"template-sm-grid-12 template-md-grid-6 template-grid-6 alignright\" src=\"https:\/\/laoferta.com.uy\/html-uy\/smartphones\/xiaomi\/xiaomi-redmi-note-14-pro-8gb256gb\/img\/img-15.jpg\" \/><\/p>\n<div class=\"template-sm-grid-12 template-md-grid-6 template-grid-6 parrafo\">\n<h3>Pantalla con cuidado visual<\/h3>\n<p>La funci\u00f3n de protecci\u00f3n ocular integrada ajusta autom\u00e1ticamente la temperatura de color de la pantalla para adaptarla a la hora del d\u00eda. Tambi\u00e9n ayuda a mejorar la comodidad visual al utilizar el tel\u00e9fono en la oscuridad, lo que reduce la fatiga visual.<\/p>\n<\/div>\n<\/div>\n<div class=\"template-linea template-grid-12\"><\/div>\n<div class=\"template-contenedor alinear\">\n<div class=\"template-sm-grid-12 template-md-grid-6 template-grid-6 parrafo\">\n<h3>Altavoces duales envolventes<\/h3>\n<p>Los efectos de sonido envolventes de los altavoces duales Dolby Atmos\u00ae ofrecen una experiencia de escucha mejorada.<\/p>\n<\/div>\n<p><img decoding=\"async\" class=\"template-sm-grid-12 template-md-grid-6 template-grid-6 alignleft\" src=\"https:\/\/laoferta.com.uy\/html-uy\/smartphones\/xiaomi\/xiaomi-redmi-note-14-pro-8gb256gb\/img\/img-16.jpg\" \/><\/div>\n<div class=\"template-linea template-grid-12\"><\/div>\n<div class=\"template-contenedor alinear\"><img decoding=\"async\" class=\"template-sm-grid-12 template-md-grid-6 template-grid-6 alignright\" src=\"https:\/\/laoferta.com.uy\/html-uy\/smartphones\/xiaomi\/xiaomi-redmi-note-14-pro-8gb256gb\/img\/img-17.jpg\" \/><\/p>\n<div class=\"template-sm-grid-12 template-md-grid-6 template-grid-6 parrafo\">\n<h3>Bater\u00eda de gran capacidad<\/h3>\n<p>La potente bater\u00eda de 5500 mAh garantiza una mayor duraci\u00f3n de la bater\u00eda.<\/p>\n<\/div>\n<\/div>\n<div class=\"template-linea template-grid-12\"><\/div>\n<div class=\"template-contenedor alinear\">\n<div class=\"template-sm-grid-12 template-md-grid-6 template-grid-6 parrafo\">\n<h3>Carga turbo de 45W<\/h3>\n<p>El algoritmo de gesti\u00f3n de la vida \u00fatil de la bater\u00eda aprende de tus h\u00e1bitos de carga diarios y ajusta la tensi\u00f3n y la corriente en tiempo real para ralentizar la degradaci\u00f3n de la bater\u00eda de forma eficaz.<\/p>\n<\/div>\n<p><img decoding=\"async\" class=\"template-sm-grid-12 template-md-grid-6 template-grid-6 alignleft\" src=\"https:\/\/laoferta.com.uy\/html-uy\/smartphones\/xiaomi\/xiaomi-redmi-note-14-pro-8gb256gb\/img\/img-18.jpg\" \/><\/div>\n<div class=\"template-linea template-grid-12\"><\/div>\n<div class=\"template-contenedor alinear\"><img decoding=\"async\" class=\"template-sm-grid-12 template-md-grid-6 template-grid-6 alignright\" src=\"https:\/\/laoferta.com.uy\/html-uy\/smartphones\/xiaomi\/xiaomi-redmi-note-14-pro-8gb256gb\/img\/img-19.jpg\" \/><\/p>\n<div class=\"template-sm-grid-12 template-md-grid-6 template-grid-6 parrafo\">\n<h3><\/h3>\n<h3><\/h3>\n<h3>MediaTek Helio G100-Ultra<\/h3>\n<p>El chipset de alta eficiencia mejora el rendimiento, la imagen y la conectividad para ofrecer una experiencia mejorada.<\/p>\n<\/div>\n<\/div>\n<div class=\"details allow active\" role=\"tab\" data-role=\"collapsible\" data-collapsible=\"true\" aria-expanded=\"true\">\n<div class=\"title\" data-role=\"trigger\">\n<h4>Especificaciones<\/h4>\n<\/div>\n<\/div>\n<div class=\"details\" role=\"tabpanel\" data-role=\"content\" aria-hidden=\"false\">Marca: Xiaomi<br \/>\nModelo: Redmi Note 14 Pro<br \/>\nColor: Midnight Black<br \/>\nPantalla: 6.67\u201d AMOLED, 1080 x 2400 px (FHD+)<br \/>\nMemoria: RAM 8 GB<br \/>\nAlmacenamiento interno: 256 GB<br \/>\nC\u00e1mara trasera Triple: 200\u202fMP + 8\u202fMP + 2\u202fMP<br \/>\nC\u00e1mara frontal: 32\u202fMP<br \/>\nBater\u00eda: 5500\u202fmAh<br \/>\nSistema operativo: Android 14, HyperOS<br \/>\nProcesador: MediaTek Helio G100, Octa-core 2.2 GHz<br \/>\nGPU: Mali-G57 MC2<br \/>\nSIM Dual: SIM (Nano SIM)<br \/>\nConectividad: Wi-Fi ac, Bluetooth 5.3, GPS, BeiDou, GALILEO, GLONASS<br \/>\nInterfaz: USB Type-C 2.0, OTG<br \/>\nRedes; 4G \/ 5G 4G: B1, B2, B3, B4, B5, B7, B8, B12, B13, B17, B18, B20, B26, B28, B38, B40, B41, B42, B48, B66<br \/>\n5G: n1, n2, n3, n5, n7, n8, n20, n28, n38, n40, n41, n48, n66, n77, n78<br \/>\nResistencia: IP64 (resistente a polvo y salpicaduras)<br \/>\nResoluci\u00f3n de video: 1080p FHD<br \/>\nLector de huella: S\u00ed<\/div>\n<\/section>\n","protected":false},"excerpt":{"rendered":"<p>NOTE 14 PRO El Xiaomi Redmi Note 14 Pro con pantalla de 6,67&#8243; es la combinaci\u00f3n perfecta de elegancia y<\/p>\n","protected":false},"featured_media":99357,"comment_status":"open","ping_status":"closed","template":"","meta":{"nf_dc_page":""},"product_brand":[977],"product_cat":[2187],"product_tag":[2988],"class_list":{"0":"post-99356","1":"product","2":"type-product","3":"status-publish","4":"has-post-thumbnail","6":"product_brand-xiaomi","7":"product_cat-celulares","8":"product_tag-2988","10":"first","11":"instock","12":"sale","13":"shipping-taxable","14":"purchasable","15":"product-type-simple"},"_links":{"self":[{"href":"https:\/\/brandss.com.py\/index\/wp-json\/wp\/v2\/product\/99356","targetHints":{"allow":["GET"]}}],"collection":[{"href":"https:\/\/brandss.com.py\/index\/wp-json\/wp\/v2\/product"}],"about":[{"href":"https:\/\/brandss.com.py\/index\/wp-json\/wp\/v2\/types\/product"}],"replies":[{"embeddable":true,"href":"https:\/\/brandss.com.py\/index\/wp-json\/wp\/v2\/comments?post=99356"}],"version-history":[{"count":1,"href":"https:\/\/brandss.com.py\/index\/wp-json\/wp\/v2\/product\/99356\/revisions"}],"predecessor-version":[{"id":99369,"href":"https:\/\/brandss.com.py\/index\/wp-json\/wp\/v2\/product\/99356\/revisions\/99369"}],"wp:featuredmedia":[{"embeddable":true,"href":"https:\/\/brandss.com.py\/index\/wp-json\/wp\/v2\/media\/99357"}],"wp:attachment":[{"href":"https:\/\/brandss.com.py\/index\/wp-json\/wp\/v2\/media?parent=99356"}],"wp:term":[{"taxonomy":"product_brand","embeddable":true,"href":"https:\/\/brandss.com.py\/index\/wp-json\/wp\/v2\/product_brand?post=99356"},{"taxonomy":"product_cat","embeddable":true,"href":"https:\/\/brandss.com.py\/index\/wp-json\/wp\/v2\/product_cat?post=99356"},{"taxonomy":"product_tag","embeddable":true,"href":"https:\/\/brandss.com.py\/index\/wp-json\/wp\/v2\/product_tag?post=99356"}],"curies":[{"name":"wp","href":"https:\/\/api.w.org\/{rel}","templated":true}]}}