{"id":99383,"date":"2026-02-28T11:43:46","date_gmt":"2026-02-28T11:43:46","guid":{"rendered":"https:\/\/brandss.com.py\/index\/?post_type=product&#038;p=99383"},"modified":"2026-02-28T11:44:14","modified_gmt":"2026-02-28T11:44:14","slug":"celular-xiaomi-redmi-a5-ds-4-128gb-midnight-black","status":"publish","type":"product","link":"https:\/\/brandss.com.py\/index\/producto\/celular-xiaomi-redmi-a5-ds-4-128gb-midnight-black\/","title":{"rendered":"CELULAR XIAOMI REDMI A5 DS 4\/128GB MIDNIGHT BLACK"},"content":{"rendered":"<p><img loading=\"lazy\" decoding=\"async\" class=\"\" src=\"https:\/\/upload.wikimedia.org\/wikipedia\/commons\/thumb\/a\/ae\/Xiaomi_logo_%282021-%29.svg\/1280px-Xiaomi_logo_%282021-%29.svg.png\" alt=\"Archivo:Xiaomi logo (2021-).svg - Wikipedia, la enciclopedia libre\" width=\"64\" height=\"64\" \/><\/p>\n<h1>REDMI A5<\/h1>\n<p>El Xiaomi Redmi A5 destaca por su amplia pantalla de 6,88\u201d, ideal para disfrutar de contenido multimedia con gran comodidad. Equipado con 4GB de RAM y 128GB de almacenamiento interno, ofrece un rendimiento fluido para las tareas diarias y espacio suficiente para tus aplicaciones y archivos. Su c\u00e1mara dual integrada de 32MP con inteligencia artificial, permite capturar im\u00e1genes n\u00edtidas y optimizadas en distintas condiciones. Adem\u00e1s, cuenta con una potente bater\u00eda de 5200mAh que garantiza una excelente autonom\u00eda, y admite carga r\u00e1pida de 15W para minimizar el tiempo de espera.<\/p>\n<div class=\"template-contenedor alinear\">\n<div class=\"template-sm-grid-12 template-md-grid-6 template-grid-6 parrafo\">\n<h3>C\u00e1mara dual integrada con IA<\/h3>\n<p>Un nuevo sistema de im\u00e1genes de doble c\u00e1mara con IA para obtener im\u00e1genes m\u00e1s claras y una experiencia fotogr\u00e1fica mejorada. Con una nueva marca de agua de c\u00e1mara para fotos m\u00e1s exclusivas.<\/p>\n<\/div>\n<p><img decoding=\"async\" class=\"template-sm-grid-12 template-md-grid-6 template-grid-6 alignleft\" src=\"https:\/\/i0.wp.com\/laoferta.com.uy\/html-uy\/smartphones\/xiaomi\/redmi-a5-4-128gb\/img\/img-01.jpg?ssl=1\" data-recalc-dims=\"1\" \/><\/p>\n<\/div>\n<div class=\"template-linea template-grid-12\"><\/div>\n<div class=\"template-contenedor alinear\"><img decoding=\"async\" class=\"template-sm-grid-12 template-md-grid-6 template-grid-6 alignright\" src=\"https:\/\/i0.wp.com\/laoferta.com.uy\/html-uy\/smartphones\/xiaomi\/redmi-a5-4-128gb\/img\/img-02.jpg?ssl=1\" data-recalc-dims=\"1\" \/>&nbsp;<\/p>\n<div class=\"template-sm-grid-12 template-md-grid-6 template-grid-6 parrafo\">\n<h3>Fotograf\u00edas nocturnas extraordinarias<\/h3>\n<p>Redmi A5 cuenta con un sensor de c\u00e1mara m\u00e1s grande, que captura un 18% m\u00e1s de luz y te permite tomar fotograf\u00edas extraordinarias con poca luz e incluso de noche.<\/p>\n<\/div>\n<\/div>\n<div class=\"template-linea template-grid-12\"><\/div>\n<div class=\"template-contenedor alinear\">\n<div class=\"template-sm-grid-12 template-md-grid-6 template-grid-6 parrafo\">\n<h3>C\u00e1mara frontal de 8MP<\/h3>\n<p>Una c\u00e1mara frontal mejorada con luz de relleno garantiza una calidad de selfie perfecta.<\/p>\n<\/div>\n<p><img decoding=\"async\" class=\"template-sm-grid-12 template-md-grid-6 template-grid-6 alignleft\" src=\"https:\/\/i0.wp.com\/laoferta.com.uy\/html-uy\/smartphones\/xiaomi\/redmi-a5-4-128gb\/img\/img-03.jpg?ssl=1\" data-recalc-dims=\"1\" \/><\/p>\n<\/div>\n<div class=\"template-linea template-grid-12\"><\/div>\n<div class=\"template-contenedor alinear\">\n<div class=\"template-sm-grid-12 template-md-grid-12 template-grid-12 template-xl-grid-12 parrafo center sm-left\">\n<h3>Una experiencia m\u00e1s fluida e inmersiva<\/h3>\n<p>Sumergite en pel\u00edculas, libros y documentos con su gran pantalla. Admite una frecuencia de actualizaci\u00f3n adaptativa de hasta 120Hz para un rendimiento m\u00e1s fluido.<\/p>\n<\/div>\n<p><img decoding=\"async\" class=\"template-sm-grid-12 template-md-grid-12 template-grid-12 template-xl-grid-12 alignright\" src=\"https:\/\/i0.wp.com\/laoferta.com.uy\/html-uy\/smartphones\/xiaomi\/redmi-a5-4-128gb\/img\/img-04.jpg?ssl=1\" data-recalc-dims=\"1\" \/><\/p>\n<\/div>\n<div class=\"template-linea template-grid-12\"><\/div>\n<div class=\"template-contenedor alinear\"><img decoding=\"async\" class=\"template-sm-grid-12 template-md-grid-6 template-grid-6 alignleft\" src=\"https:\/\/i0.wp.com\/laoferta.com.uy\/html-uy\/smartphones\/xiaomi\/redmi-a5-4-128gb\/img\/img-05.jpg?ssl=1\" data-recalc-dims=\"1\" \/>&nbsp;<\/p>\n<div class=\"template-sm-grid-12 template-md-grid-6 template-grid-6 parrafo\">\n<h3>Triple certificaci\u00f3n T\u00dcV Rheinland<\/h3>\n<p>Cuenta con atenuaci\u00f3n CC total, luz azul baja, sin parpadeo visible y una experiencia de lectura que recuerda a un libro real para que puedas leer durante largos per\u00edodos sin da\u00f1ar tus ojos.<\/p>\n<\/div>\n<\/div>\n<div class=\"template-linea template-grid-12\"><\/div>\n<div class=\"template-contenedor alinear\">\n<div class=\"template-sm-grid-12 template-md-grid-6 template-grid-6 parrafo\">\n<h3>Tecnolog\u00eda de tacto h\u00famedo<\/h3>\n<p>Control t\u00e1ctil preciso incluso con las manos mojadas.<\/p>\n<\/div>\n<p><img decoding=\"async\" class=\"template-sm-grid-12 template-md-grid-6 template-grid-6 alignright\" src=\"https:\/\/i0.wp.com\/laoferta.com.uy\/html-uy\/smartphones\/xiaomi\/redmi-a5-4-128gb\/img\/img-06.jpg?ssl=1\" data-recalc-dims=\"1\" \/><\/p>\n<\/div>\n<div class=\"template-linea template-grid-12\"><\/div>\n<div class=\"template-contenedor alinear\"><img decoding=\"async\" class=\"template-sm-grid-12 template-md-grid-6 template-grid-6 alignleft\" src=\"https:\/\/i0.wp.com\/laoferta.com.uy\/html-uy\/smartphones\/xiaomi\/redmi-a5-4-128gb\/img\/img-07.jpg?ssl=1\" data-recalc-dims=\"1\" \/>&nbsp;<\/p>\n<div class=\"template-sm-grid-12 template-md-grid-6 template-grid-6 parrafo\">\n<h3>Apariencia mejorada<\/h3>\n<p>Un elegante marco plano con una decoraci\u00f3n de c\u00e1mara resaltada crea un dise\u00f1o tan moderno como funcional.<\/p>\n<\/div>\n<\/div>\n<div class=\"template-linea template-grid-12\"><\/div>\n<div class=\"template-contenedor alinear\">\n<div class=\"template-sm-grid-12 template-md-grid-6 template-grid-6 parrafo\">\n<h3>Bater\u00eda de larga duraci\u00f3n<\/h3>\n<p>La gran capacidad de la bater\u00eda de 5200mAh (t\u00edpico) y la opci\u00f3n de carga r\u00e1pida de 15W hacen que el dispositivo sea ideal para leer y ver videos durante largos periodos sin preocuparse por quedarse sin bater\u00eda. Incluso despu\u00e9s de m\u00e1s de 1000 ciclos de carga, la bater\u00eda dura inquebrantablemente.<\/p>\n<\/div>\n<p><img decoding=\"async\" class=\"template-sm-grid-12 template-md-grid-6 template-grid-6 alignright\" src=\"https:\/\/i0.wp.com\/laoferta.com.uy\/html-uy\/smartphones\/xiaomi\/redmi-a5-4-128gb\/img\/img-08.jpg?ssl=1\" data-recalc-dims=\"1\" \/><\/p>\n<\/div>\n<div class=\"template-linea template-grid-12\"><\/div>\n<div class=\"template-contenedor alinear\"><img decoding=\"async\" class=\"template-sm-grid-12 template-md-grid-6 template-grid-6 alignleft\" src=\"https:\/\/i0.wp.com\/laoferta.com.uy\/html-uy\/smartphones\/xiaomi\/redmi-a5-4-128gb\/img\/img-09.jpg?ssl=1\" data-recalc-dims=\"1\" \/>&nbsp;<\/p>\n<div class=\"template-sm-grid-12 template-md-grid-6 template-grid-6 parrafo\">\n<h3>Un rendimiento m\u00e1s potente<\/h3>\n<p>Un nuevo procesador de ocho n\u00facleos ofrece mayor rendimiento con menor consumo de energ\u00eda. Adem\u00e1s, admite la expansi\u00f3n din\u00e1mica de RAM para una experiencia optimizada.<\/p>\n<\/div>\n<\/div>\n<div class=\"template-linea template-grid-12\"><\/div>\n<div class=\"template-contenedor alinear\">\n<div class=\"template-sm-grid-12 template-md-grid-12 template-grid-12 template-xl-grid-12 parrafo center sm-left\">\n<h3>Extensi\u00f3n de memoria<\/h3>\n<p>Con hasta 8GB de RAM a trav\u00e9s de la extensi\u00f3n de memoria, disfrut\u00e1 de una experiencia m\u00e1s fluida para aplicaciones, juegos y uso diario.<\/p>\n<\/div>\n<p>&nbsp;<\/p>\n<h3>Especificaciones<\/h3>\n<p>&nbsp;<\/p>\n<p>Color: Midnight Black.<br \/>\nMemoria RAM: 4 GB<br \/>\nTipo de SIM: Nano SIM<br \/>\nTipo de pantalla: Pantalla LCD<br \/>\nTama\u00f1o de la pantalla: 6,88\u2033<br \/>\nBandas 3G: 1 (2100 MHz), 2 (1900 MHz), 5 (850 MHz), 8 (900 MHz)<br \/>\nConectividad inal\u00e1mbrica: Bluetooth 5.2, GPS, Wi-Fi 802.11 a\/b\/g\/n\/ac<br \/>\nTiene una c\u00e1mara: S\u00ed<br \/>\nBater\u00eda: 5200 mAh<br \/>\nBandas 2G: 850 \u2013 900 \u2013 1800 \u2013 1900<br \/>\nMemoria interna: 128 GB<br \/>\nTecnolog\u00eda de pantalla: IPS<br \/>\nC\u00e1mara trasera: 32 MP<br \/>\nSistema operativo: Android 15 (edici\u00f3n Go)<br \/>\nResoluci\u00f3n de v\u00eddeo: 1080p FHD<br \/>\nFlash LED: S\u00ed<br \/>\nC\u00e1mara frontal: 8 megap\u00edxeles<br \/>\nBandas 4G de Am\u00e9rica Latina: B28 (700 MHz), B3 (1800 MHz), B7 (2600 MHz), B1 (2100 MHz), B5 (850 MHz), B8 (900 MHz), B20 (800 MHz), B38 (2600 MHz)<br \/>\nProcesador gr\u00e1fico: Mali-G57 MP1<br \/>\nOtras bandas 4G: 40 (2300 MHz), 41 (2500 MHz)<br \/>\nDoble SIM: S\u00ed<br \/>\nInterfaz: Conector para auriculares (3,5 mm), USB 2.0 Tipo-C<br \/>\nResoluci\u00f3n: 720 x 1640<br \/>\nConjunto de chips: Unisoc T7250<br \/>\nIntervalo de pantalla: Mayor o igual a 5,5<br \/>\nProcesador CPU \/ N\u00facleos: (8) Octa-core<\/p>\n<\/div>\n","protected":false},"excerpt":{"rendered":"<p>REDMI A5 El Xiaomi Redmi A5 destaca por su amplia pantalla de 6,88\u201d, ideal para disfrutar de contenido multimedia con<\/p>\n","protected":false},"featured_media":99384,"comment_status":"open","ping_status":"closed","template":"","meta":{"nf_dc_page":""},"product_brand":[977],"product_cat":[2187],"product_tag":[2990],"class_list":{"0":"post-99383","1":"product","2":"type-product","3":"status-publish","4":"has-post-thumbnail","6":"product_brand-xiaomi","7":"product_cat-celulares","8":"product_tag-2990","10":"first","11":"instock","12":"shipping-taxable","13":"purchasable","14":"product-type-simple"},"_links":{"self":[{"href":"https:\/\/brandss.com.py\/index\/wp-json\/wp\/v2\/product\/99383","targetHints":{"allow":["GET"]}}],"collection":[{"href":"https:\/\/brandss.com.py\/index\/wp-json\/wp\/v2\/product"}],"about":[{"href":"https:\/\/brandss.com.py\/index\/wp-json\/wp\/v2\/types\/product"}],"replies":[{"embeddable":true,"href":"https:\/\/brandss.com.py\/index\/wp-json\/wp\/v2\/comments?post=99383"}],"version-history":[{"count":1,"href":"https:\/\/brandss.com.py\/index\/wp-json\/wp\/v2\/product\/99383\/revisions"}],"predecessor-version":[{"id":99395,"href":"https:\/\/brandss.com.py\/index\/wp-json\/wp\/v2\/product\/99383\/revisions\/99395"}],"wp:featuredmedia":[{"embeddable":true,"href":"https:\/\/brandss.com.py\/index\/wp-json\/wp\/v2\/media\/99384"}],"wp:attachment":[{"href":"https:\/\/brandss.com.py\/index\/wp-json\/wp\/v2\/media?parent=99383"}],"wp:term":[{"taxonomy":"product_brand","embeddable":true,"href":"https:\/\/brandss.com.py\/index\/wp-json\/wp\/v2\/product_brand?post=99383"},{"taxonomy":"product_cat","embeddable":true,"href":"https:\/\/brandss.com.py\/index\/wp-json\/wp\/v2\/product_cat?post=99383"},{"taxonomy":"product_tag","embeddable":true,"href":"https:\/\/brandss.com.py\/index\/wp-json\/wp\/v2\/product_tag?post=99383"}],"curies":[{"name":"wp","href":"https:\/\/api.w.org\/{rel}","templated":true}]}}