{"id":99396,"date":"2026-02-28T12:28:26","date_gmt":"2026-02-28T12:28:26","guid":{"rendered":"https:\/\/brandss.com.py\/index\/?post_type=product&#038;p=99396"},"modified":"2026-02-28T12:28:47","modified_gmt":"2026-02-28T12:28:47","slug":"celular-xiaomi-poco-c71-ds-4-128gb-black","status":"publish","type":"product","link":"https:\/\/brandss.com.py\/index\/producto\/celular-xiaomi-poco-c71-ds-4-128gb-black\/","title":{"rendered":"CELULAR XIAOMI POCO C71 DS 4\/128GB BLACK"},"content":{"rendered":"<p><img loading=\"lazy\" decoding=\"async\" class=\"\" src=\"https:\/\/upload.wikimedia.org\/wikipedia\/commons\/thumb\/a\/ae\/Xiaomi_logo_%282021-%29.svg\/1280px-Xiaomi_logo_%282021-%29.svg.png\" alt=\"Archivo:Xiaomi logo (2021-).svg - Wikipedia, la enciclopedia libre\" width=\"99\" height=\"99\" \/><\/p>\n<h1>POCO C71<\/h1>\n<p>El Xiaomi POCO C71 combina una pantalla HD+ de 6,88\u201d con tasa de refresco de 120Hz, ideal para una experiencia visual fluida. Viene equipado con 4GB de RAM y 128GB de almacenamiento ampliable, junto a un procesador Unisoc T7250 que asegura buen rendimiento para tareas diarias. Su c\u00e1mara trasera es de 32MP con inteligencia artificial, y la frontal de 8MP, perfectas para fotos n\u00edtidas. Adem\u00e1s, incorpora una bater\u00eda de 5200mAh con carga r\u00e1pida de 15W, lector de huellas lateral y sistema operativo Android 15 Go Edition, ofreciendo eficiencia y funcionalidad en un dise\u00f1o moderno.<\/p>\n<div class=\"template-contenedor alinear\">\n<div class=\"template-sm-grid-12 template-md-grid-6 template-grid-6 parrafo\">\n<h3>Experiencia fluida e integral<\/h3>\n<p>&nbsp;<\/p>\n<\/div>\n<p><img decoding=\"async\" class=\"template-sm-grid-12 template-md-grid-6 template-grid-6 orden-imagen-primero alignleft\" src=\"https:\/\/laoferta.com.uy\/html-uy\/smartphones\/xiaomi\/poco-c71-4-128gb\/img\/img-01.jpg\" \/><\/div>\n<div class=\"template-linea template-grid-12\"><\/div>\n<div><\/div>\n<div><\/div>\n<div><\/div>\n<div><\/div>\n<div>Con un procesador UNISOC T7250, el rendimiento se reforz\u00f3 en un 83% en comparaci\u00f3n con la generaci\u00f3n anterior. Las tareas diarias, como chatear y ver videos cortos, se manejan con fluidez para ofrecer una experiencia sin interrupciones en todos los aspectos.<\/div>\n<div><\/div>\n<div class=\"template-contenedor alinear\"><img decoding=\"async\" class=\"template-sm-grid-12 template-md-grid-6 template-grid-6 alignright\" src=\"https:\/\/laoferta.com.uy\/html-uy\/smartphones\/xiaomi\/poco-c71-4-128gb\/img\/img-02.jpg\" \/><\/p>\n<div class=\"template-sm-grid-12 template-md-grid-6 template-grid-6 parrafo\">\n<h3>36 meses de fluidez como nuevo<\/h3>\n<p>Disfrut\u00e1 de un sistema optimizado y estable por m\u00e1s tiempo gracias a las actualizaciones continuas, pensadas para ofrecerte una experiencia siempre fluida.<\/p>\n<\/div>\n<\/div>\n<div class=\"template-linea template-grid-12\"><\/div>\n<div class=\"template-contenedor alinear\">\n<div class=\"template-sm-grid-12 template-md-grid-6 template-grid-6 parrafo\">\n<h3>Pantalla ultraamplia de 6,88\u201d<\/h3>\n<p>Sumergite en tu contenido con una pantalla de 6,88\u201d que te envuelve, ya sea viendo pel\u00edculas o leyendo. Gracias a su tasa de actualizaci\u00f3n de 120Hz, cada imagen se ve fluida y sin interrupciones.<\/p>\n<\/div>\n<p><img decoding=\"async\" class=\"template-sm-grid-12 template-md-grid-6 template-grid-6 orden-imagen-primero alignleft\" src=\"https:\/\/laoferta.com.uy\/html-uy\/smartphones\/xiaomi\/poco-c71-4-128gb\/img\/img-03.jpg\" \/><\/div>\n<div class=\"template-linea template-grid-12\"><\/div>\n<div class=\"template-contenedor alinear\"><img decoding=\"async\" class=\"template-sm-grid-12 template-md-grid-6 template-grid-6 alignright\" src=\"https:\/\/laoferta.com.uy\/html-uy\/smartphones\/xiaomi\/poco-c71-4-128gb\/img\/img-04.jpg\" \/><\/p>\n<div class=\"template-sm-grid-12 template-md-grid-6 template-grid-6 parrafo\">\n<h3>Triple certificaci\u00f3n de protecci\u00f3n visual<\/h3>\n<p>Proteg\u00e9 tu vista con una pantalla certificada para reducir la luz azul y evitar el parpadeo, mejorando la comodidad visual en cualquier momento del d\u00eda.<\/p>\n<\/div>\n<\/div>\n<div class=\"template-linea template-grid-12\"><\/div>\n<div class=\"template-contenedor alinear\">\n<div class=\"template-sm-grid-12 template-md-grid-6 template-grid-6 parrafo\">\n<h3>Sistema de c\u00e1mara dual de 32MP con AI<\/h3>\n<p>Captur\u00e1 momentos inolvidables con una potente c\u00e1mara dual de 32MP con inteligencia artificial. Logr\u00e1 fotos m\u00e1s n\u00edtidas, incluso en condiciones de poca luz. Adem\u00e1s, pod\u00e9s a\u00f1adir una marca de agua personalizada a tus im\u00e1genes.<\/p>\n<\/div>\n<p><img decoding=\"async\" class=\"template-sm-grid-12 template-md-grid-6 template-grid-6 orden-imagen-primero alignleft\" src=\"https:\/\/laoferta.com.uy\/html-uy\/smartphones\/xiaomi\/poco-c71-4-128gb\/img\/img-05.jpg\" \/><\/div>\n<div class=\"template-linea template-grid-12\"><\/div>\n<div class=\"template-contenedor\">\n<div class=\"template-sm-grid-12 template-md-grid-12 template-grid-6 template-xl-grid-6 center sm-left\"><img decoding=\"async\" class=\"template-sm-grid-12 template-md-grid-12 template-grid-12 template-xl-grid-12 alignright\" src=\"https:\/\/laoferta.com.uy\/html-uy\/smartphones\/xiaomi\/poco-c71-4-128gb\/img\/img-06.jpg\" \/><\/p>\n<h3>Fotograf\u00eda nocturna que inspira<\/h3>\n<p>Gracias a un sensor m\u00e1s grande, la entrada de luz aument\u00f3 en un 18%, lo que permite obtener im\u00e1genes brillantes y detalladas incluso de noche.<\/p>\n<\/div>\n<div class=\"template-sm-grid-12 template-md-grid-12 template-grid-6 template-xl-grid-6 center sm-left\"><img decoding=\"async\" class=\"template-sm-grid-12 template-md-grid-12 template-grid-12 template-xl-grid-12 alignleft\" src=\"https:\/\/laoferta.com.uy\/html-uy\/smartphones\/xiaomi\/poco-c71-4-128gb\/img\/img-07.jpg\" \/><\/p>\n<h3>C\u00e1mara frontal de 8MP<\/h3>\n<p>Incluye retoque facial con AI para lograr selfies m\u00e1s naturales, realzando los tonos de piel y suavizando la textura de forma sutil.<\/p>\n<\/div>\n<\/div>\n<div class=\"template-linea template-grid-12\"><\/div>\n<div class=\"template-contenedor alinear\"><img decoding=\"async\" class=\"template-sm-grid-12 template-md-grid-6 template-grid-6 alignright\" src=\"https:\/\/laoferta.com.uy\/html-uy\/smartphones\/xiaomi\/poco-c71-4-128gb\/img\/img-08.jpg\" \/><\/p>\n<div class=\"template-sm-grid-12 template-md-grid-6 template-grid-6 parrafo\">\n<h3>Bater\u00eda de gran capacidad de 5200mAh<\/h3>\n<p>El POCO C71 est\u00e1 equipado con una bater\u00eda de alta capacidad que cubre sin problema tus necesidades diarias. Usalo por mucho m\u00e1s tiempo para ver videos, jugar o simplemente disfrutar sin preocuparte por la carga.<\/p>\n<\/div>\n<\/div>\n<div class=\"template-linea template-grid-12\"><\/div>\n<div class=\"template-contenedor\">\n<div class=\"template-sm-grid-12 template-md-grid-12 template-grid-6 template-xl-grid-6 center sm-left\"><img decoding=\"async\" class=\"template-sm-grid-12 template-md-grid-12 template-grid-12 template-xl-grid-12 alignleft\" src=\"https:\/\/laoferta.com.uy\/html-uy\/smartphones\/xiaomi\/poco-c71-4-128gb\/img\/img-09.jpg\" \/><\/p>\n<h3>1000 ciclos de carga<\/h3>\n<p>Una bater\u00eda que dura m\u00e1s: incluso despu\u00e9s de 1000 ciclos de carga, mantiene su rendimiento para ofrecerte un dispositivo confiable por mucho m\u00e1s tiempo.<\/p>\n<\/div>\n<div class=\"template-sm-grid-12 template-md-grid-12 template-grid-6 template-xl-grid-6 center sm-left\"><img decoding=\"async\" class=\"template-sm-grid-12 template-md-grid-12 template-grid-12 template-xl-grid-12 alignright\" src=\"https:\/\/laoferta.com.uy\/html-uy\/smartphones\/xiaomi\/poco-c71-4-128gb\/img\/img-10.jpg\" \/><\/p>\n<h3>Carga de 15W<\/h3>\n<p>Compatible con carga r\u00e1pida de 15W a trav\u00e9s de puerto USB tipo C, pensada para recargar tu bater\u00eda de forma m\u00e1s r\u00e1pida y c\u00f3moda.<\/p>\n<\/div>\n<\/div>\n<div class=\"template-linea template-grid-12\"><\/div>\n<div class=\"template-contenedor alinear\">\n<div class=\"template-sm-grid-12 template-md-grid-6 template-grid-6 parrafo\">\n<h3>M\u00e9todos de doble identificaci\u00f3n<\/h3>\n<p>Incluye desbloqueo por huella digital lateral y reconocimiento facial con AI, para que elijas el m\u00e9todo que m\u00e1s se adapta a vos. Seguridad optimizada, privacidad protegida.<\/p>\n<\/div>\n<p><img decoding=\"async\" class=\"template-sm-grid-12 template-md-grid-6 template-grid-6 orden-imagen-primero alignleft\" src=\"https:\/\/laoferta.com.uy\/html-uy\/smartphones\/xiaomi\/poco-c71-4-128gb\/img\/img-11.jpg\" \/><\/div>\n<div class=\"template-linea template-grid-12\"><\/div>\n<div class=\"template-contenedor alinear\"><img decoding=\"async\" class=\"template-sm-grid-12 template-md-grid-6 template-grid-6 alignright\" src=\"https:\/\/laoferta.com.uy\/html-uy\/smartphones\/xiaomi\/poco-c71-4-128gb\/img\/img-08.jpg\" \/><\/p>\n<div class=\"template-sm-grid-12 template-md-grid-6 template-grid-6 parrafo\">\n<h3>Puerto de auriculares de 3,5mm<\/h3>\n<p>Conectividad sin complicaciones: compatible con auriculares con cable y modelos de las principales marcas, sin necesidad de adaptadores.<\/p>\n<\/div>\n<p>&nbsp;<\/p>\n<h3>Especificaciones<\/h3>\n<p>Color: Negro<br \/>\nMemoria RAM: 4 GB<br \/>\nTipo de SIM: Nano SIM<br \/>\nTama\u00f1o de pantalla: 6.88&#8243;<br \/>\nBandas 3G: 1 (2100 Mhz), 5 (850 Mhz), 8 (900 Mhz)<br \/>\nConectividad Inal\u00e1mbrica: Bluetooth 5.2, GPS, Wi-Fi 802.11 a\/b\/g\/n\/ac<br \/>\nBater\u00eda: 5200 mAh<br \/>\nBandas 2G: 850 &#8211; 900 &#8211; 1800 &#8211; 1900<br \/>\nMemoria Interna: 128 GB<br \/>\nLectores de acceso: Huella Digital<br \/>\nTecnolog\u00eda de pantalla: IPS LCD<br \/>\nC\u00e1mara Trasera: 32Mp<br \/>\nSistema Operativo: Android 15<br \/>\nResoluci\u00f3n de video: 1080p FHD<br \/>\nVelocidad: 1.8 GHz<br \/>\nFlash LED: S\u00ed<br \/>\nC\u00e1mara Frontal: 8Mp<br \/>\nBandas 4G Latinas: B13 (700 Mhz), B17 (700 Mhz), B2 (1900 Mhz), B28 (700 Mhz), B3 (1800 Mhz), B38 (2600 Mhz), B4 (1700-2100 Mhz), B7 (2600 Mhz), B1(2100 Mhz), B5 (850 Mhz), B8 (900 Mhz), B12 (700 Mhz), B20 (800 Mhz), B40 (2300 Mhz), B41 (2500 Mhz), B19 (850 MHz), B18 (850 MHz), B26 (850 MHz), B42 (3500 MHz), B48 (3600 MHz)<br \/>\nProcesador Gr\u00e1fico: Mali-G57 MP1<br \/>\nDual SIM: Si<br \/>\nInterfaz: USB 2.0 Type-C<br \/>\nResoluci\u00f3n: 720 x 1640<br \/>\nChipset: Unisoc T7250<br \/>\nRango de pantalla: Mayor o igual a 5.5<br \/>\nCPU Procesador \/ N\u00facleos: (8) Octa-core<\/p>\n<\/div>\n","protected":false},"excerpt":{"rendered":"<p>POCO C71 El Xiaomi POCO C71 combina una pantalla HD+ de 6,88\u201d con tasa de refresco de 120Hz, ideal para<\/p>\n","protected":false},"featured_media":99397,"comment_status":"open","ping_status":"closed","template":"","meta":{"nf_dc_page":""},"product_brand":[977],"product_cat":[2187],"product_tag":[2991],"class_list":{"0":"post-99396","1":"product","2":"type-product","3":"status-publish","4":"has-post-thumbnail","6":"product_brand-xiaomi","7":"product_cat-celulares","8":"product_tag-2991","10":"first","11":"instock","12":"shipping-taxable","13":"purchasable","14":"product-type-simple"},"_links":{"self":[{"href":"https:\/\/brandss.com.py\/index\/wp-json\/wp\/v2\/product\/99396","targetHints":{"allow":["GET"]}}],"collection":[{"href":"https:\/\/brandss.com.py\/index\/wp-json\/wp\/v2\/product"}],"about":[{"href":"https:\/\/brandss.com.py\/index\/wp-json\/wp\/v2\/types\/product"}],"replies":[{"embeddable":true,"href":"https:\/\/brandss.com.py\/index\/wp-json\/wp\/v2\/comments?post=99396"}],"version-history":[{"count":1,"href":"https:\/\/brandss.com.py\/index\/wp-json\/wp\/v2\/product\/99396\/revisions"}],"predecessor-version":[{"id":99407,"href":"https:\/\/brandss.com.py\/index\/wp-json\/wp\/v2\/product\/99396\/revisions\/99407"}],"wp:featuredmedia":[{"embeddable":true,"href":"https:\/\/brandss.com.py\/index\/wp-json\/wp\/v2\/media\/99397"}],"wp:attachment":[{"href":"https:\/\/brandss.com.py\/index\/wp-json\/wp\/v2\/media?parent=99396"}],"wp:term":[{"taxonomy":"product_brand","embeddable":true,"href":"https:\/\/brandss.com.py\/index\/wp-json\/wp\/v2\/product_brand?post=99396"},{"taxonomy":"product_cat","embeddable":true,"href":"https:\/\/brandss.com.py\/index\/wp-json\/wp\/v2\/product_cat?post=99396"},{"taxonomy":"product_tag","embeddable":true,"href":"https:\/\/brandss.com.py\/index\/wp-json\/wp\/v2\/product_tag?post=99396"}],"curies":[{"name":"wp","href":"https:\/\/api.w.org\/{rel}","templated":true}]}}