{"id":99469,"date":"2026-03-02T11:25:03","date_gmt":"2026-03-02T11:25:03","guid":{"rendered":"https:\/\/brandss.com.py\/index\/?post_type=product&#038;p=99469"},"modified":"2026-03-02T11:25:28","modified_gmt":"2026-03-02T11:25:28","slug":"celular-xiaomi-redmi-15-ds-8-256gb-sandy-purple","status":"publish","type":"product","link":"https:\/\/brandss.com.py\/index\/producto\/celular-xiaomi-redmi-15-ds-8-256gb-sandy-purple\/","title":{"rendered":"CELULAR XIAOMI REDMI 15 DS 8\/256GB SANDY PURPLE"},"content":{"rendered":"<p><img loading=\"lazy\" decoding=\"async\" class=\"\" src=\"https:\/\/upload.wikimedia.org\/wikipedia\/commons\/thumb\/a\/ae\/Xiaomi_logo_%282021-%29.svg\/1280px-Xiaomi_logo_%282021-%29.svg.png\" alt=\"Archivo:Xiaomi logo (2021-).svg - Wikipedia, la enciclopedia libre\" width=\"71\" height=\"71\" \/><\/p>\n<h1>REDMI 15<\/h1>\n<p>El Xiaomi Redmi Note 15 ofrece potencia y estilo en un solo equipo. Su pantalla FHD+ de 6,9\u2033 con hasta 144Hz brinda una experiencia fluida y envolvente, mientras que la bater\u00eda de 7000mAh con carga turbo de 33W asegura autonom\u00eda para todo el d\u00eda. Con c\u00e1mara dual de 50MP con IA y modo nocturno autom\u00e1tico, captur\u00e1 im\u00e1genes n\u00edtidas en cualquier situaci\u00f3n. Adem\u00e1s, cuenta con 8GB de RAM (ampliables a 16GB), 256GB de almacenamiento y un dise\u00f1o premium con resistencia al agua y polvo IP64. Un smartphone completo y confiable, pensado para acompa\u00f1arte en cada momento.<\/p>\n<div class=\"template-contenedor alinear\">\n<div class=\"template-sm-grid-12 template-md-grid-6 template-grid-6 parrafo\">\n<h3>Potencia superior y bater\u00eda de larga duraci\u00f3n<\/h3>\n<p>&nbsp;<\/p>\n<\/div>\n<p><img decoding=\"async\" class=\"template-sm-grid-12 template-md-grid-6 template-grid-6 alignleft\" src=\"https:\/\/i0.wp.com\/laoferta.com.uy\/html-uy\/smartphones\/xiaomi\/xiaomi-redmi-15-6gb-ram-128gb\/img\/img-01.jpg?ssl=1\" data-recalc-dims=\"1\" \/><\/p>\n<\/div>\n<div><\/div>\n<div><\/div>\n<div class=\"template-contenedor alinear\">Gracias a la tecnolog\u00eda avanzada de \u00e1nodo de silicio-carbono, el Redmi 15 ofrece una autonom\u00eda excepcional, permiti\u00e9ndote disfrutar de un rendimiento confiable y duradero durante todo el d\u00eda.<\/div>\n<div class=\"template-linea template-grid-12\"><\/div>\n<div class=\"template-contenedor alinear\"><img decoding=\"async\" class=\"template-sm-grid-12 template-md-grid-6 template-grid-6 alignright\" src=\"https:\/\/i0.wp.com\/laoferta.com.uy\/html-uy\/smartphones\/xiaomi\/xiaomi-redmi-15-6gb-ram-128gb\/img\/img-02.jpg?ssl=1\" data-recalc-dims=\"1\" \/>&nbsp;<\/p>\n<div class=\"template-sm-grid-12 template-md-grid-6 template-grid-6 parrafo\">\n<h3>Resistencia incluso al 1%<\/h3>\n<p>Cuando la bater\u00eda llega al 1%, el dispositivo mantiene el modo de espera para que a\u00fan puedas realizar y recibir llamadas sin preocuparte por quedarte incomunicado.<\/p>\n<\/div>\n<\/div>\n<div class=\"template-linea template-grid-12\"><\/div>\n<div class=\"template-contenedor alinear\">\n<div class=\"template-sm-grid-12 template-md-grid-6 template-grid-6 parrafo\">\n<h3>Energ\u00eda confiable incluso a -20\u2103<\/h3>\n<p>Gracias al chip Battery Extender y a materiales celulares innovadores, la bater\u00eda admite apagado de bajo voltaje de 3,0V, asegurando mayor capacidad y un rendimiento estable incluso en climas extremadamente fr\u00edos.<\/p>\n<\/div>\n<p><img decoding=\"async\" class=\"template-sm-grid-12 template-md-grid-6 template-grid-6 alignleft\" src=\"https:\/\/i0.wp.com\/laoferta.com.uy\/html-uy\/smartphones\/xiaomi\/xiaomi-redmi-15-6gb-ram-128gb\/img\/img-03.jpg?ssl=1\" data-recalc-dims=\"1\" \/><\/p>\n<\/div>\n<div class=\"template-linea template-grid-12\"><\/div>\n<div class=\"template-contenedor alinear\"><img decoding=\"async\" class=\"template-sm-grid-12 template-md-grid-6 template-grid-6 alignright\" src=\"https:\/\/i0.wp.com\/laoferta.com.uy\/html-uy\/smartphones\/xiaomi\/xiaomi-redmi-15-6gb-ram-128gb\/img\/img-04.jpg?ssl=1\" data-recalc-dims=\"1\" \/>&nbsp;<\/p>\n<div class=\"template-sm-grid-12 template-md-grid-6 template-grid-6 parrafo\">\n<h3>1600 ciclos de carga con capacidad duradera<\/h3>\n<p>Incluso despu\u00e9s de 1.600 ciclos completos, la bater\u00eda conserva al menos el 80% de su capacidad original, asegurando un rendimiento confiable por mucho m\u00e1s tiempo.<\/p>\n<\/div>\n<\/div>\n<div class=\"template-linea template-grid-12\"><\/div>\n<div class=\"template-contenedor alinear\">\n<div class=\"template-sm-grid-12 template-md-grid-6 template-grid-6 parrafo\">\n<h3>Carga turbo de 33W<\/h3>\n<p>Con la carga turbo de 33W recuper\u00e1s energ\u00eda en minutos, disfrutando de una bater\u00eda que combina velocidad de carga y gran autonom\u00eda para acompa\u00f1arte todo el d\u00eda.<\/p>\n<\/div>\n<p><img decoding=\"async\" class=\"template-sm-grid-12 template-md-grid-6 template-grid-6 alignleft\" src=\"https:\/\/i0.wp.com\/laoferta.com.uy\/html-uy\/smartphones\/xiaomi\/xiaomi-redmi-15-6gb-ram-128gb\/img\/img-05.jpg?ssl=1\" data-recalc-dims=\"1\" \/><\/p>\n<\/div>\n<div class=\"template-linea template-grid-12\"><\/div>\n<div class=\"template-contenedor alinear\"><img decoding=\"async\" class=\"template-sm-grid-12 template-md-grid-6 template-grid-6 alignright\" src=\"https:\/\/i0.wp.com\/laoferta.com.uy\/html-uy\/smartphones\/xiaomi\/xiaomi-redmi-15-6gb-ram-128gb\/img\/img-06.jpg?ssl=1\" data-recalc-dims=\"1\" \/>&nbsp;<\/p>\n<div class=\"template-sm-grid-12 template-md-grid-6 template-grid-6 parrafo\">\n<h3>Carga inversa de 18W<\/h3>\n<p>Convert\u00ed tu tel\u00e9fono en un pr\u00e1ctico banco de energ\u00eda port\u00e1til, capaz de recargar otros dispositivos de forma r\u00e1pida cuando m\u00e1s lo necesit\u00e1s.<\/p>\n<\/div>\n<\/div>\n<div class=\"template-linea template-grid-12\"><\/div>\n<div class=\"template-contenedor alinear\">\n<div class=\"template-sm-grid-12 template-md-grid-6 template-grid-6 parrafo\">\n<h3>Pantalla FHD+ de 6,9\u2033 inmersiva<\/h3>\n<p>Viv\u00ed una experiencia visual envolvente con gran nitidez y brillo, disfrutando cada detalle tanto en interiores como al aire libre.<\/p>\n<\/div>\n<p><img decoding=\"async\" class=\"template-sm-grid-12 template-md-grid-6 template-grid-6 alignleft\" src=\"https:\/\/i0.wp.com\/laoferta.com.uy\/html-uy\/smartphones\/xiaomi\/xiaomi-redmi-15-6gb-ram-128gb\/img\/img-07.jpg?ssl=1\" data-recalc-dims=\"1\" \/><\/p>\n<\/div>\n<div class=\"template-linea template-grid-12\"><\/div>\n<div class=\"template-contenedor alinear\"><img decoding=\"async\" class=\"template-sm-grid-12 template-md-grid-6 template-grid-6 alignright\" src=\"https:\/\/i0.wp.com\/laoferta.com.uy\/html-uy\/smartphones\/xiaomi\/xiaomi-redmi-15-6gb-ram-128gb\/img\/img-08.jpg?ssl=1\" data-recalc-dims=\"1\" \/>&nbsp;<\/p>\n<div class=\"template-sm-grid-12 template-md-grid-6 template-grid-6 parrafo\">\n<h3>Hasta 144Hz AdaptiveSync<\/h3>\n<p>El Redmi 15 adapta la frecuencia de actualizaci\u00f3n seg\u00fan cada escenario, brindando una experiencia visual m\u00e1s fluida tanto al navegar como al mirar contenido.<\/p>\n<\/div>\n<\/div>\n<div class=\"template-linea template-grid-12\"><\/div>\n<div class=\"template-contenedor alinear\">\n<div class=\"template-sm-grid-12 template-md-grid-6 template-grid-6 parrafo\">\n<h3>Pantalla con cuidado ocular todo el d\u00eda<\/h3>\n<p>Con atenuaci\u00f3n DC Dimming y certificaciones T\u00dcV Rheinland, el Redmi 15 garantiza una visualizaci\u00f3n c\u00f3moda y segura incluso en usos prolongados.<\/p>\n<\/div>\n<p><img decoding=\"async\" class=\"template-sm-grid-12 template-md-grid-6 template-grid-6 alignleft\" src=\"https:\/\/i0.wp.com\/laoferta.com.uy\/html-uy\/smartphones\/xiaomi\/xiaomi-redmi-15-6gb-ram-128gb\/img\/img-09.jpg?ssl=1\" data-recalc-dims=\"1\" \/><\/p>\n<\/div>\n<div class=\"template-linea template-grid-12\"><\/div>\n<div class=\"template-contenedor alinear\"><img decoding=\"async\" class=\"template-sm-grid-12 template-md-grid-6 template-grid-6 alignright\" src=\"https:\/\/i0.wp.com\/laoferta.com.uy\/html-uy\/smartphones\/xiaomi\/xiaomi-redmi-15-6gb-ram-128gb\/img\/img-10.jpg?ssl=1\" data-recalc-dims=\"1\" \/>&nbsp;<\/p>\n<div class=\"template-sm-grid-12 template-md-grid-6 template-grid-6 parrafo\">\n<h3>Tecnolog\u00eda Wet Touch 2.0<\/h3>\n<p>El Redmi 15 mantiene una respuesta t\u00e1ctil precisa incluso con los dedos mojados, con aceite o espuma, asegurando una experiencia fluida en cualquier situaci\u00f3n.<\/p>\n<\/div>\n<\/div>\n<div class=\"template-linea template-grid-12\"><\/div>\n<div class=\"template-contenedor\">\n<div class=\"template-sm-grid-12 template-md-grid-12 template-grid-6 template-xl-grid-6 center sm-left\"><img decoding=\"async\" class=\"template-sm-grid-12 template-md-grid-12 template-grid-12 template-xl-grid-12 alignleft\" src=\"https:\/\/i0.wp.com\/laoferta.com.uy\/html-uy\/smartphones\/xiaomi\/xiaomi-redmi-15-6gb-ram-128gb\/img\/img-11.jpg?ssl=1\" data-recalc-dims=\"1\" \/>&nbsp;<\/p>\n<h3>Rendimiento fluido y eficiente<\/h3>\n<p>Gracias a su avanzado proceso de 6nm, el Redmi 15 ofrece potencia estable con mayor eficiencia y menor consumo de energ\u00eda, asegurando un uso sin esfuerzo en todo momento.<\/p>\n<\/div>\n<div class=\"template-sm-grid-12 template-md-grid-12 template-grid-6 template-xl-grid-6 center sm-left\"><img decoding=\"async\" class=\"template-sm-grid-12 template-md-grid-12 template-grid-12 template-xl-grid-12 alignright\" src=\"https:\/\/i0.wp.com\/laoferta.com.uy\/html-uy\/smartphones\/xiaomi\/xiaomi-redmi-15-6gb-ram-128gb\/img\/img-12.jpg?ssl=1\" data-recalc-dims=\"1\" \/>&nbsp;<\/p>\n<h3>Experiencia fluida por hasta 48 meses<\/h3>\n<p>Gracias a la optimizaci\u00f3n del sistema a largo plazo, el Redmi 15 mantiene un rendimiento estable y una experiencia de software como nueva durante 4 a\u00f1os.<\/p>\n<\/div>\n<\/div>\n<div class=\"template-linea template-grid-12\"><\/div>\n<div class=\"template-contenedor\">\n<div class=\"template-sm-grid-12 template-md-grid-12 template-grid-6 template-xl-grid-6 center sm-left\">\n<h3>Superposici\u00f3n de Gemini<\/h3>\n<p>Acced\u00e9 a Gemini al instante sin tener que salir ni cambiar de aplicaci\u00f3n.<\/p>\n<\/div>\n<div class=\"template-sm-grid-12 template-md-grid-12 template-grid-6 template-xl-grid-6 center sm-left\">\n<h3>Gemini en vivo<\/h3>\n<p>Habl\u00e1 y resolv\u00e9 en tiempo real con Gemini gracias a su modo en vivo.<\/p>\n<\/div>\n<\/div>\n<div class=\"template-contenedor\">\n<div class=\"template-sm-grid-12 template-md-grid-12 template-grid-6 template-xl-grid-6 center sm-left\">\n<h3>Generaci\u00f3n de im\u00e1genes<\/h3>\n<p>Cre\u00e1 im\u00e1genes \u00fanicas e impresionantes con la ayuda de Gemini.<\/p>\n<\/div>\n<div class=\"template-sm-grid-12 template-md-grid-12 template-grid-6 template-xl-grid-6 center sm-left\">\n<h3>Aplicaciones conectadas<\/h3>\n<p>Us\u00e1 Gemini para obtener informaci\u00f3n y realizar acciones en todas tus apps.<\/p>\n<\/div>\n<\/div>\n<div class=\"template-linea template-grid-12\"><\/div>\n<div class=\"template-contenedor alinear\">\n<div class=\"template-sm-grid-12 template-md-grid-6 template-grid-6 parrafo\">\n<h3>B\u00fasqueda instant\u00e1nea<\/h3>\n<p>Encontr\u00e1 lo que ves en tu tel\u00e9fono de forma inmediata: rode\u00e1, resalt\u00e1, garabate\u00e1 o toc\u00e1 y descubr\u00ed resultados sin necesidad de capturas de pantalla.<\/p>\n<\/div>\n<p><img decoding=\"async\" class=\"template-sm-grid-12 template-md-grid-6 template-grid-6 alignleft\" src=\"https:\/\/i0.wp.com\/laoferta.com.uy\/html-uy\/smartphones\/xiaomi\/xiaomi-redmi-15-6gb-ram-128gb\/img\/img-13.jpg?ssl=1\" data-recalc-dims=\"1\" \/><\/p>\n<\/div>\n<div class=\"template-linea template-grid-12\"><\/div>\n<div class=\"template-contenedor alinear\">\n<div class=\"template-sm-grid-12 template-md-grid-12 template-grid-12 template-xl-grid-12 parrafo center\">\n<h3>Interconectividad Xiaomi<\/h3>\n<p>Redmi 15 est\u00e1 equipado con Xiaomi HyperOS. Disfrut\u00e1 de una experiencia m\u00e1s fluida con Xiaomi Interconnectivity<\/p>\n<\/div>\n<p><img loading=\"lazy\" decoding=\"async\" class=\"template-sm-grid-12 template-md-grid-12 template-grid-12 template-xl-grid-12 alignright\" src=\"https:\/\/i0.wp.com\/laoferta.com.uy\/html-uy\/smartphones\/xiaomi\/xiaomi-redmi-15-6gb-ram-128gb\/img\/img-14.jpg?resize=734%2C249&amp;ssl=1\" width=\"734\" height=\"249\" data-recalc-dims=\"1\" data-cfsrc=\"img\/img-14.jpg\" \/><\/p>\n<\/div>\n<div class=\"template-linea template-grid-12\"><\/div>\n<div class=\"template-contenedor alinear\"><img decoding=\"async\" class=\"template-sm-grid-12 template-md-grid-6 template-grid-6 alignleft\" src=\"https:\/\/i0.wp.com\/laoferta.com.uy\/html-uy\/smartphones\/xiaomi\/xiaomi-redmi-15-6gb-ram-128gb\/img\/img-15.jpg?ssl=1\" data-recalc-dims=\"1\" \/>&nbsp;<\/p>\n<div class=\"template-sm-grid-12 template-md-grid-6 template-grid-6 parrafo\">\n<h3>Detalles elaborados en metal<\/h3>\n<p>La decoraci\u00f3n de la c\u00e1mara en aleaci\u00f3n de aluminio, junto con acabados esculpidos con precisi\u00f3n, aporta un estilo premium que combina modernidad, refinamiento e impacto visual inmediato.<\/p>\n<\/div>\n<\/div>\n<div class=\"template-linea template-grid-12\"><\/div>\n<div class=\"template-contenedor alinear\">\n<div class=\"template-sm-grid-12 template-md-grid-6 template-grid-6 parrafo\">\n<h3>Sistema de c\u00e1mara dual con IA de 50MP<\/h3>\n<p>Captur\u00e1 im\u00e1genes n\u00edtidas y llenas de detalle con la c\u00e1mara principal de 50MP, mientras la IA optimiza cada toma para dar vida a tus momentos cotidianos de una forma \u00fanica.<\/p>\n<\/div>\n<p><img decoding=\"async\" class=\"template-sm-grid-12 template-md-grid-6 template-grid-6 alignright\" src=\"https:\/\/i0.wp.com\/laoferta.com.uy\/html-uy\/smartphones\/xiaomi\/xiaomi-redmi-15-6gb-ram-128gb\/img\/img-16.jpg?ssl=1\" data-recalc-dims=\"1\" \/><\/p>\n<\/div>\n<div class=\"template-linea template-grid-12\"><\/div>\n<div class=\"template-contenedor\">\n<div class=\"template-sm-grid-12 template-md-grid-12 template-grid-6 template-xl-grid-6 center sm-left\"><img decoding=\"async\" class=\"template-sm-grid-12 template-md-grid-12 template-grid-12 template-xl-grid-12 alignleft\" src=\"https:\/\/i0.wp.com\/laoferta.com.uy\/html-uy\/smartphones\/xiaomi\/xiaomi-redmi-15-6gb-ram-128gb\/img\/img-17.jpg?ssl=1\" data-recalc-dims=\"1\" \/>&nbsp;<\/p>\n<h3>Modo nocturno autom\u00e1tico<\/h3>\n<p>El modo nocturno autom\u00e1tico se ajusta sin esfuerzo a las escenas con poca luz, lo que facilita la captura de fotograf\u00edas v\u00edvidas en la oscuridad.<\/p>\n<\/div>\n<div class=\"template-sm-grid-12 template-md-grid-12 template-grid-6 template-xl-grid-6 center sm-left\"><img decoding=\"async\" class=\"template-sm-grid-12 template-md-grid-12 template-grid-12 template-xl-grid-12 alignright\" src=\"https:\/\/i0.wp.com\/laoferta.com.uy\/html-uy\/smartphones\/xiaomi\/xiaomi-redmi-15-6gb-ram-128gb\/img\/img-18.jpg?ssl=1\" data-recalc-dims=\"1\" \/>&nbsp;<\/p>\n<h3>Modo de belleza selfie<\/h3>\n<p>Mejor\u00e1 la belleza natural dise\u00f1ada para capturar tus mejores momentos.<\/p>\n<\/div>\n<\/div>\n<div class=\"template-linea template-grid-12\"><\/div>\n<div class=\"template-contenedor alinear\"><img decoding=\"async\" class=\"template-sm-grid-12 template-md-grid-6 template-grid-6 alignleft\" src=\"https:\/\/i0.wp.com\/laoferta.com.uy\/html-uy\/smartphones\/xiaomi\/xiaomi-redmi-15-6gb-ram-128gb\/img\/img-19.jpg?ssl=1\" data-recalc-dims=\"1\" \/>&nbsp;<\/p>\n<div class=\"template-sm-grid-12 template-md-grid-6 template-grid-6 parrafo\">\n<h3>Resistencia al agua y al polvo IP64 4<\/h3>\n<p>Redmi 15 es compatible con resistencia al agua y al polvo IP64, lo que proporciona una protecci\u00f3n eficaz contra salpicaduras, polvo u otras situaciones esperadas.<\/p>\n<\/div>\n<\/div>\n<div class=\"template-linea template-grid-12\"><\/div>\n<div class=\"template-contenedor alinear\">\n<div class=\"template-sm-grid-12 template-md-grid-6 template-grid-6 parrafo\">\n<h3>Aumento de volumen del 200%<\/h3>\n<p>Disfrut\u00e1 de un sonido m\u00e1s potente, rico y envolvente, capaz de llenar cada espacio con una experiencia ac\u00fastica \u00fanica.<\/p>\n<h3>Especificaciones<\/h3>\n<p>MARCA: Xiaomi<br \/>\nMODELO: Redmi 15 (Global)<br \/>\nCOLOR: Sandy Purple<br \/>\nMEMORIA INTERNA: 256GB<br \/>\n<img decoding=\"async\" class=\"template-sm-grid-12 template-md-grid-6 template-grid-6 alignright\" src=\"https:\/\/i0.wp.com\/laoferta.com.uy\/html-uy\/smartphones\/xiaomi\/xiaomi-redmi-15-6gb-ram-128gb\/img\/img-20.jpg?ssl=1\" data-recalc-dims=\"1\" \/>MEMORIA RAM: 8GB + 4GB de Memoria Virtual (Opcional)<br \/>\nPROCESADOR CPU: Qualcomm Snapdragon 685 (6 nm) Octa Core (Quad Core de 2.8GHz + Quad Core de 1.9GHz)<br \/>\nGPU: Qualcomm Adreno 610<br \/>\nSISTEMA OPERATIVO: Android 15 + HyperOS 2.0<br \/>\nPANTALLA: LCD de 6.9\u2033 Full HD+ con Tecnolog\u00eda IPS (In-plane Switching)<br \/>\nTaza de refresco: 144Hz<br \/>\nC\u00c1MARA: Principal Dual: Wide de 50MP f\/1.8 y Auxiliary lens + C\u00e1mara Frontal de 8MP f\/2.0<br \/>\nFRECUENCIA 2G: GSM: 850, 900, 1800, 1900 MHz<br \/>\nFRECUENCIA 3G: WCDMA: 1(2100), 2(1900), 4(1700), 5(850), 8(900) MHz<br \/>\nFRECUENCIA 4G: FDD-LTE: 1(2100), 2(1900), 3(1800), 4(AWS), 5(850), 7(2600), 8(900), 12(700), 13(700), 17(700), 18(800), 19(800), 20(800), 26(800), 28(700), 32(1500), 66(AWS-3), 71(600) \/ TDD-LTE: 38(2600), 40(2300), 41(2500) 42(3500), 48(3600) MHz<br \/>\nSIM CARD: Dual SIM (Nano) \u2013 (La segunda tarjeta SIM y la tarjeta de memoria Micro SD no se pueden utilizar simult\u00e1neamente)<br \/>\nBATER\u00cdA: 7.000 mAh<br \/>\nCARGADOR: Hasta 33 watts<br \/>\nCOMUNICACI\u00d3N: USB-C<br \/>\nMEMORIA EXTERNA: Soporta tarjeta Micro SD<br \/>\nCONECTIVIDAD WIRELESS: Wi-Fi 802.11 b\/g\/n\/ac, doble banda 2.4GHz y 5GHz \u2013 Bluetooth 5.0<br \/>\nV\u00cdDEO: Calidad m\u00e1xima de captura: Full HD a 30 fps<br \/>\nUBICACI\u00d3N: GPS \u2013 GLONASS \u2013 BeiDou \u2013 Galileo<br \/>\nSENSOR: Huella Dactilar lateral \u2013 Proximidad \u2013 Aceler\u00f3metro \u2013 Br\u00fajula Electr\u00f3nica<br \/>\nAUDIO: Hi-Res<br \/>\nPESO BRUTO (g): 516<br \/>\nDIMENSIONES DE EMBALAJE (cm): 9.9 x 6.2 x 18.7<br \/>\nINCLUYE: Adaptador de energ\u00eda \u2013 Cable USB \u2013 Funda \u2013 Manual<\/p>\n<\/div>\n<\/div>\n","protected":false},"excerpt":{"rendered":"<p>REDMI 15 El Xiaomi Redmi Note 15 ofrece potencia y estilo en un solo equipo. Su pantalla FHD+ de 6,9\u2033<\/p>\n","protected":false},"featured_media":99470,"comment_status":"open","ping_status":"closed","template":"","meta":{"nf_dc_page":""},"product_brand":[977],"product_cat":[2187],"product_tag":[2997],"class_list":{"0":"post-99469","1":"product","2":"type-product","3":"status-publish","4":"has-post-thumbnail","6":"product_brand-xiaomi","7":"product_cat-celulares","8":"product_tag-2997","10":"first","11":"instock","12":"shipping-taxable","13":"purchasable","14":"product-type-simple"},"_links":{"self":[{"href":"https:\/\/brandss.com.py\/index\/wp-json\/wp\/v2\/product\/99469","targetHints":{"allow":["GET"]}}],"collection":[{"href":"https:\/\/brandss.com.py\/index\/wp-json\/wp\/v2\/product"}],"about":[{"href":"https:\/\/brandss.com.py\/index\/wp-json\/wp\/v2\/types\/product"}],"replies":[{"embeddable":true,"href":"https:\/\/brandss.com.py\/index\/wp-json\/wp\/v2\/comments?post=99469"}],"version-history":[{"count":1,"href":"https:\/\/brandss.com.py\/index\/wp-json\/wp\/v2\/product\/99469\/revisions"}],"predecessor-version":[{"id":99480,"href":"https:\/\/brandss.com.py\/index\/wp-json\/wp\/v2\/product\/99469\/revisions\/99480"}],"wp:featuredmedia":[{"embeddable":true,"href":"https:\/\/brandss.com.py\/index\/wp-json\/wp\/v2\/media\/99470"}],"wp:attachment":[{"href":"https:\/\/brandss.com.py\/index\/wp-json\/wp\/v2\/media?parent=99469"}],"wp:term":[{"taxonomy":"product_brand","embeddable":true,"href":"https:\/\/brandss.com.py\/index\/wp-json\/wp\/v2\/product_brand?post=99469"},{"taxonomy":"product_cat","embeddable":true,"href":"https:\/\/brandss.com.py\/index\/wp-json\/wp\/v2\/product_cat?post=99469"},{"taxonomy":"product_tag","embeddable":true,"href":"https:\/\/brandss.com.py\/index\/wp-json\/wp\/v2\/product_tag?post=99469"}],"curies":[{"name":"wp","href":"https:\/\/api.w.org\/{rel}","templated":true}]}}