{"id":99486,"date":"2026-03-02T12:03:41","date_gmt":"2026-03-02T12:03:41","guid":{"rendered":"https:\/\/brandss.com.py\/index\/?post_type=product&#038;p=99486"},"modified":"2026-03-02T12:03:59","modified_gmt":"2026-03-02T12:03:59","slug":"celular-xiaomi-redmi-note-15-ds-8-256gb-glacier-blue","status":"publish","type":"product","link":"https:\/\/brandss.com.py\/index\/producto\/celular-xiaomi-redmi-note-15-ds-8-256gb-glacier-blue\/","title":{"rendered":"CELULAR XIAOMI REDMI NOTE 15 DS 8\/256GB GLACIER BLUE"},"content":{"rendered":"<p><img loading=\"lazy\" decoding=\"async\" class=\"\" src=\"https:\/\/upload.wikimedia.org\/wikipedia\/commons\/thumb\/a\/ae\/Xiaomi_logo_%282021-%29.svg\/1280px-Xiaomi_logo_%282021-%29.svg.png\" alt=\"Archivo:Xiaomi logo (2021-).svg - Wikipedia, la enciclopedia libre\" width=\"62\" height=\"62\" \/><\/p>\n<h1>REDMI NOTE 15<\/h1>\n<p>El Xiaomi Redmi Note 15 combina rendimiento s\u00f3lido y un dise\u00f1o moderno, ideal para acompa\u00f1arte en el uso diario. Su pantalla AMOLED de 6.77&#8243; con hasta 120Hz ofrece colores vibrantes, excelente nitidez y desplazamientos ultrafluidos para una experiencia visual superior. Adem\u00e1s, su bater\u00eda de 6000mAh con carga turbo de 33W te permite disfrutar de largas horas de uso con mayor autonom\u00eda y recargas r\u00e1pidas. En fotograf\u00eda, incorpora una c\u00e1mara principal de 108MP junto a una c\u00e1mara de profundidad de 2MP, perfecta para capturar im\u00e1genes con gran detalle y retratos con efecto profesional. Cuenta con procesador MediaTek Helio G100-Ultra que brinda gran velocidad, memoria RAM de 8GB y 256GB de almacenamiento, ofreciendo un rendimiento fluido y espacio m\u00e1s que suficiente para tus aplicaciones, fotos, videos y archivos. Su acabado premium, junto con la resistencia al agua y polvo IP64, brinda mayor durabilidad y protecci\u00f3n sin perder elegancia.<\/p>\n<div class=\"template-contenedor alinear\"><img decoding=\"async\" class=\"template-sm-grid-12 template-md-grid-6 template-grid-6 alignleft\" src=\"https:\/\/laoferta.com.uy\/html-uy\/smartphones\/xiaomi\/note-15-8gb-256gb\/img\/img-01.jpg\" \/><\/p>\n<div class=\"template-sm-grid-12 template-md-grid-6 template-grid-6 parrafo\">\n<h3>Bater\u00eda masiva de 6000mAh<\/h3>\n<p>Equipado con una bater\u00eda masiva de 6000mAh, ofrece energ\u00eda duradera para acompa\u00f1arte todo el d\u00eda sin preocupaciones. Hasta 2 d\u00edas de duraci\u00f3n de la bater\u00eda, 24 horas de reproducci\u00f3n de video y hasta 50 horas de llamadas.<\/p>\n<\/div>\n<\/div>\n<div class=\"template-linea template-grid-12\"><\/div>\n<div class=\"template-contenedor alinear\">\n<div class=\"template-sm-grid-12 template-md-grid-6 template-grid-6 parrafo\">\n<h3>Energ\u00eda cuando la necesit\u00e1s<\/h3>\n<p>La carga turbo de 33W te mantiene en marcha sin preocupaciones, equilibrando la carga r\u00e1pida y la larga duraci\u00f3n de la bater\u00eda.<\/p>\n<\/div>\n<p><img decoding=\"async\" class=\"template-sm-grid-12 template-md-grid-6 template-grid-6 orden-imagen-primero alignright\" src=\"https:\/\/laoferta.com.uy\/html-uy\/smartphones\/xiaomi\/note-15-8gb-256gb\/img\/img-02.jpg\" \/><\/div>\n<div class=\"template-linea template-grid-12\"><\/div>\n<div class=\"template-contenedor alinear\"><img decoding=\"async\" class=\"template-sm-grid-12 template-md-grid-6 template-grid-6 alignleft\" src=\"https:\/\/laoferta.com.uy\/html-uy\/smartphones\/xiaomi\/note-15-8gb-256gb\/img\/img-03.jpg\" \/><\/p>\n<div class=\"template-sm-grid-12 template-md-grid-6 template-grid-6 parrafo\">\n<h3>Hasta 18W de carga inversa<\/h3>\n<p>Con la compatibilidad de carga inversa, tu tel\u00e9fono se convierte en un powerbank port\u00e1til, listo para recargar tus dispositivos en cualquier momento y lugar.<\/p>\n<\/div>\n<\/div>\n<div class=\"template-linea template-grid-12\"><\/div>\n<div class=\"template-contenedor alinear\">\n<div class=\"template-sm-grid-12 template-md-grid-6 template-grid-6 parrafo\">\n<h3>M\u00e1s resistente y duradero<\/h3>\n<p>Redmi Note 15 emplea vidrio de alta durabilidad en la parte frontal para mejorar su resistencia a ca\u00eddas, y soporta ca\u00eddas boca abajo desde 1,8m sobre m\u00e1rmol, brind\u00e1ndote tranquilidad en el uso diario.<\/p>\n<\/div>\n<p><img decoding=\"async\" class=\"template-sm-grid-12 template-md-grid-6 template-grid-6 orden-imagen-primero alignright\" src=\"https:\/\/laoferta.com.uy\/html-uy\/smartphones\/xiaomi\/note-15-8gb-256gb\/img\/img-04.jpg\" \/><\/div>\n<div class=\"template-linea template-grid-12\"><\/div>\n<div class=\"template-contenedor alinear\"><img decoding=\"async\" class=\"template-sm-grid-12 template-md-grid-6 template-grid-6 alignleft\" src=\"https:\/\/laoferta.com.uy\/html-uy\/smartphones\/xiaomi\/note-15-8gb-256gb\/img\/img-05.jpg\" \/><\/p>\n<div class=\"template-sm-grid-12 template-md-grid-6 template-grid-6 parrafo\">\n<h3>Estructura duradera, por dentro y por fuera<\/h3>\n<p>Con una placa base de alta resistencia y un chasis intermedio reforzado, Redmi Note 15 est\u00e1 fabricado para una larga durabilidad, listo para afrontar los desaf\u00edos diarios con confianza.<\/p>\n<\/div>\n<\/div>\n<div class=\"template-linea template-grid-12\"><\/div>\n<div class=\"template-contenedor alinear\">\n<div class=\"template-sm-grid-12 template-md-grid-6 template-grid-6 parrafo\">\n<h3>Pruebas de calidad rigurosas<\/h3>\n<p>Dise\u00f1ado para resistir los desaf\u00edos del mundo real, este dispositivo fue sometido a exigentes pruebas de durabilidad: 20.000 inserciones en el puerto USB, 210.000 pulsaciones del bot\u00f3n de encendido, 3.000 ciclos de resistencia a ara\u00f1azos con lana de acero, 300 pruebas de rodillo y 28.000 microca\u00eddas, garantizando un rendimiento confiable incluso con uso intensivo.<\/p>\n<\/div>\n<p><img decoding=\"async\" class=\"template-sm-grid-12 template-md-grid-6 template-grid-6 orden-imagen-primero alignright\" src=\"https:\/\/laoferta.com.uy\/html-uy\/smartphones\/xiaomi\/note-15-8gb-256gb\/img\/img-06.jpg\" \/><\/div>\n<div class=\"template-linea template-grid-12\"><\/div>\n<div class=\"template-contenedor alinear\"><img decoding=\"async\" class=\"template-sm-grid-12 template-md-grid-6 template-grid-6 alignleft\" src=\"https:\/\/laoferta.com.uy\/html-uy\/smartphones\/xiaomi\/note-15-8gb-256gb\/img\/img-07.jpg\" \/><\/p>\n<div class=\"template-sm-grid-12 template-md-grid-6 template-grid-6 parrafo\">\n<h3>Resistencia al polvo y al agua IP64<\/h3>\n<p>Admite resistencia al polvo y al agua IP64, brindando protecci\u00f3n efectiva contra salpicaduras, polvo u otras situaciones imprevistas. Manej\u00e1 con facilidad tu d\u00eda a d\u00eda.<\/p>\n<\/div>\n<\/div>\n<div class=\"template-linea template-grid-12\"><\/div>\n<div class=\"template-contenedor alinear\">\n<div class=\"template-sm-grid-12 template-md-grid-6 template-grid-6 parrafo\">\n<h3>Wet Touch Technology 2.0<\/h3>\n<p>Detecta de forma inteligente agua, aceite, espuma, sudor y m\u00e1s, brindando una experiencia t\u00e1ctil m\u00e1s suave y receptiva en cualquier situaci\u00f3n.<\/p>\n<\/div>\n<p><img decoding=\"async\" class=\"template-sm-grid-12 template-md-grid-6 template-grid-6 orden-imagen-primero alignright\" src=\"https:\/\/laoferta.com.uy\/html-uy\/smartphones\/xiaomi\/note-15-8gb-256gb\/img\/img-08.jpg\" \/><\/div>\n<div class=\"template-linea template-grid-12\"><\/div>\n<div class=\"template-contenedor alinear\">\n<div class=\"template-sm-grid-12 template-md-grid-12 template-grid-12 template-xl-grid-12 parrafo center sm-left\">\n<h3>Sistema de \u00faltima generaci\u00f3n de 108MP superclara<\/h3>\n<p>La c\u00e1mara de 108MP superclara ofrece una experiencia de imagen de alta resoluci\u00f3n excepcional.<\/p>\n<\/div>\n<p><img loading=\"lazy\" decoding=\"async\" class=\"template-sm-grid-12 template-md-grid-12 template-grid-12 template-xl-grid-12 orden-imagen-primero alignnone\" src=\"https:\/\/laoferta.com.uy\/html-uy\/smartphones\/xiaomi\/note-15-8gb-256gb\/img\/img-09.jpg\" width=\"756\" height=\"373\" \/><\/div>\n<div class=\"template-linea template-grid-12\"><\/div>\n<div class=\"template-contenedor alinear\"><img decoding=\"async\" class=\"template-sm-grid-12 template-md-grid-6 template-grid-6 alignright\" src=\"https:\/\/laoferta.com.uy\/html-uy\/smartphones\/xiaomi\/note-15-8gb-256gb\/img\/img-10.jpg\" \/><\/p>\n<div class=\"template-sm-grid-12 template-md-grid-6 template-grid-6 parrafo\">\n<h3>Sensor de imagen ultran\u00edtido<\/h3>\n<p>La c\u00e1mara de 108MP superclara captura una amplia gama de luces y sombras, incluso en entornos con poca iluminaci\u00f3n o alto contraste. Ya sea en Ultra HD Mode o en m\u00faltiples distancias focales, puede capturar im\u00e1genes que permanecen claras y n\u00edtidas.<\/p>\n<\/div>\n<\/div>\n<div class=\"template-linea template-grid-12\"><\/div>\n<div class=\"template-sm-grid-12 template-md-grid-12 template-grid-12 template-xl-grid-12 parrafo center\">\n<h3>Una lente, cuatro distancias focales<\/h3>\n<p>Gracias a su resoluci\u00f3n ultraalta, logra cuatro distancias focales con una sola c\u00e1mara, obteniendo resultados impresionantes que pueden competir con los zooms \u00f3pticos tradicionales.<\/p>\n<\/div>\n<div class=\"template-contenedor\">\n<div class=\"template-sm-grid-12 template-md-grid-12 template-grid-6 template-xl-grid-6 center sm-left\"><img decoding=\"async\" class=\"template-sm-grid-12 template-md-grid-12 template-grid-12 template-xl-grid-12 alignleft\" src=\"https:\/\/laoferta.com.uy\/html-uy\/smartphones\/xiaomi\/note-15-8gb-256gb\/img\/img-11.jpg\" \/><\/p>\n<h3>1x distancia focal de 24mm<\/h3>\n<p>Paisajes gran angular<\/p>\n<\/div>\n<div class=\"template-sm-grid-12 template-md-grid-12 template-grid-6 template-xl-grid-6 center sm-left\"><img decoding=\"async\" class=\"template-sm-grid-12 template-md-grid-12 template-grid-12 template-xl-grid-12 alignright\" src=\"https:\/\/laoferta.com.uy\/html-uy\/smartphones\/xiaomi\/note-15-8gb-256gb\/img\/img-12.jpg\" \/><\/p>\n<h3>1.2x distancia focal de 28mm<\/h3>\n<p>Fotograf\u00eda urbana<\/p>\n<\/div>\n<\/div>\n<div class=\"template-contenedor\">\n<div class=\"template-sm-grid-12 template-md-grid-12 template-grid-6 template-xl-grid-6 center sm-left\"><img decoding=\"async\" class=\"template-sm-grid-12 template-md-grid-12 template-grid-12 template-xl-grid-12 alignleft\" src=\"https:\/\/laoferta.com.uy\/html-uy\/smartphones\/xiaomi\/note-15-8gb-256gb\/img\/img-13.jpg\" \/><\/p>\n<h3>1.5x distancia focal de 35mm<\/h3>\n<p>Narrativa<\/p>\n<\/div>\n<div class=\"template-sm-grid-12 template-md-grid-12 template-grid-6 template-xl-grid-6 center sm-left\"><img decoding=\"async\" class=\"template-sm-grid-12 template-md-grid-12 template-grid-12 template-xl-grid-12 alignright\" src=\"https:\/\/laoferta.com.uy\/html-uy\/smartphones\/xiaomi\/note-15-8gb-256gb\/img\/img-14.jpg\" \/><\/p>\n<h3>3x distancia focal de 72mm<\/h3>\n<p>Retratos de nivel profesional<\/p>\n<\/div>\n<\/div>\n<div class=\"template-linea template-grid-12\"><\/div>\n<div class=\"template-sm-grid-12 template-md-grid-12 template-grid-12 template-xl-grid-12 parrafo center\">\n<h3>Herramientas de edici\u00f3n de imagen con IA<\/h3>\n<\/div>\n<div class=\"template-contenedor\">\n<div class=\"template-sm-grid-12 template-md-grid-12 template-grid-4 template-xl-grid-4 center sm-left\"><img decoding=\"async\" class=\"template-sm-grid-12 template-md-grid-12 template-grid-12 template-xl-grid-12 alignleft\" src=\"https:\/\/laoferta.com.uy\/html-uy\/smartphones\/xiaomi\/note-15-8gb-256gb\/img\/img-15.jpg\" \/><\/p>\n<h3>Modo belleza por IA<\/h3>\n<p>Optimizaci\u00f3n inteligente con un solo toque, que potencia las posibilidades de imagen y la eficiencia creativa.<\/p>\n<\/div>\n<div class=\"template-sm-grid-12 template-md-grid-12 template-grid-4 template-xl-grid-4 center sm-left\"><img decoding=\"async\" class=\"template-sm-grid-12 template-md-grid-12 template-grid-12 template-xl-grid-12 alignright\" src=\"https:\/\/laoferta.com.uy\/html-uy\/smartphones\/xiaomi\/note-15-8gb-256gb\/img\/img-16.jpg\" \/><\/p>\n<h3>IA Remove Reflection<\/h3>\n<p>Elimina f\u00e1cilmente los reflejos en parabrisas o vidrios de exhibici\u00f3n a la vez que reduce el deslumbramiento para capturar cada detalle.<\/p>\n<\/div>\n<div class=\"template-sm-grid-12 template-md-grid-12 template-grid-4 template-xl-grid-4 center sm-left\"><img decoding=\"async\" class=\"template-sm-grid-12 template-md-grid-12 template-grid-12 template-xl-grid-12 alignleft\" src=\"https:\/\/laoferta.com.uy\/html-uy\/smartphones\/xiaomi\/note-15-8gb-256gb\/img\/img-17.jpg\" \/><\/p>\n<h3>IA Erase<\/h3>\n<p>Detecta objetos no deseados o distractores en las fotos y utiliza AI para eliminarlos, rellenando el fondo de manera uniforme.<\/p>\n<\/div>\n<\/div>\n<div class=\"template-linea template-grid-12\"><\/div>\n<div class=\"template-contenedor alinear\">\n<div class=\"template-sm-grid-12 template-md-grid-12 template-grid-12 template-xl-grid-12 parrafo center sm-left\">\n<h3>Pantalla ultra grande de 6.77&#8243;<\/h3>\n<p>Los materiales luminosos avanzados llevan el brillo m\u00e1ximo de la pantalla a 3200nits, garantizando una visibilidad clara incluso bajo la luz solar directa y colores vivos y realistas. Una frecuencia de actualizaci\u00f3n de 120Hz combinada con una frecuencia de muestreo t\u00e1ctil ultraalta de 2560Hz brinda un control r\u00e1pido y sensible para una experiencia fluida y agradable.<\/p>\n<\/div>\n<p><img loading=\"lazy\" decoding=\"async\" class=\"template-sm-grid-12 template-md-grid-12 template-grid-12 template-xl-grid-12 orden-imagen-primero alignright\" src=\"https:\/\/laoferta.com.uy\/html-uy\/smartphones\/xiaomi\/note-15-8gb-256gb\/img\/img-18.jpg\" width=\"826\" height=\"407\" \/><\/div>\n<div class=\"template-linea template-grid-12\"><\/div>\n<div class=\"template-contenedor alinear\">\n<div class=\"template-sm-grid-12 template-md-grid-6 template-grid-6 parrafo\">\n<h3>3840Hz de atenuaci\u00f3n PWM<\/h3>\n<p>Libre de parpadeos con una atenuaci\u00f3n de pantalla m\u00e1s natural: la atenuaci\u00f3n PWM de alta frecuencia de 3840Hz se combina con el modo de lectura c\u00edclica para ofrecer una pantalla m\u00e1s suave e inteligente que reduce la fatiga visual.<\/p>\n<\/div>\n<p><img decoding=\"async\" class=\"template-sm-grid-12 template-md-grid-6 template-grid-6 orden-imagen-primero alignnone\" src=\"https:\/\/laoferta.com.uy\/html-uy\/smartphones\/xiaomi\/note-15-8gb-256gb\/img\/img-19.jpg\" \/><\/div>\n<div class=\"template-linea template-grid-12\"><\/div>\n<div class=\"template-contenedor alinear\"><img decoding=\"async\" class=\"template-sm-grid-12 template-md-grid-6 template-grid-6 alignright\" src=\"https:\/\/laoferta.com.uy\/html-uy\/smartphones\/xiaomi\/note-15-8gb-256gb\/img\/img-20.jpg\" \/><\/p>\n<div class=\"template-sm-grid-12 template-md-grid-6 template-grid-6 parrafo\">\n<h3>Sonido est\u00e9reo impresionante<\/h3>\n<p>Equipado con dos altavoces que brindan un aumento de volumen de hasta un 300% para una experiencia de audio envolvente.<\/p>\n<\/div>\n<\/div>\n<div class=\"template-linea template-grid-12\"><\/div>\n<div class=\"template-contenedor alinear\">\n<div class=\"template-sm-grid-12 template-md-grid-6 template-grid-6 parrafo\">\n<h3>MediaTek Helio G100-Ultra<\/h3>\n<p>Impulsado por MediaTek Helio G100-Ultra, REDMI Note 15 logra el equilibrio perfecto entre un alto rendimiento y eficiencia energ\u00e9tica, gestionando sin esfuerzo las tareas cotidianas y el entretenimiento.<\/p>\n<\/div>\n<p><img decoding=\"async\" class=\"template-sm-grid-12 template-md-grid-6 template-grid-6 orden-imagen-primero alignleft\" src=\"https:\/\/laoferta.com.uy\/html-uy\/smartphones\/xiaomi\/note-15-8gb-256gb\/img\/img-21.jpg\" \/><\/div>\n<div class=\"template-linea template-grid-12\"><\/div>\n<div class=\"template-contenedor alinear\"><img decoding=\"async\" class=\"template-sm-grid-12 template-md-grid-6 template-grid-6 alignright\" src=\"https:\/\/laoferta.com.uy\/html-uy\/smartphones\/xiaomi\/note-15-8gb-256gb\/img\/img-22.jpg\" \/><\/p>\n<div class=\"template-sm-grid-12 template-md-grid-6 template-grid-6 parrafo\">\n<h3>Gemini<\/h3>\n<p>Chate\u00e1 con Gemini, el asistente de inteligencia artificial personal de Google, para potenciar tus ideas y acceder r\u00e1pidamente a sus funciones sin salir de tu aplicaci\u00f3n gracias a Gemini Overlay. Con Gemini Live puedes hablar con \u00e9l en tiempo real, mientras que la generaci\u00f3n de im\u00e1genes te permite crear contenido visual impactante. Adem\u00e1s, Gemini se integra con tus apps conectadas, incluyendo las de Xiaomi, para que puedas actuar directamente desde tus aplicaciones favoritas.<\/p>\n<h3>Especificaciones<\/h3>\n<p>MODELO: Redmi Note 15<br \/>\nCOLOR: Glacier Blue<br \/>\nMEMORIA INTERNA: 256GB<br \/>\nMEMORIA RAM: 8GB<br \/>\nPROCESADOR CPU: MediaTek Helio G100 Ultra (6 nm) Octa Core (Dual Core de 2.2GHz + Hexa Core de 2.0GHz)<br \/>\nGPU: ARM Mali-G57 MC2<br \/>\nSISTEMA OPERATIVO: Android 15 + HyperOS 2.0<br \/>\nPANTALLA: 6.77&#8243; Full HD+ AMOLED<br \/>\nTAZA DE REFRESCO: 120Hz<br \/>\nC\u00c1MARA: Principal Dual: Wide de 108MP f\/1.7 + C\u00e1mara Frontal de 20MP f\/2.2<br \/>\nFRECUENCIA 2G: GSM: 850, 900, 1800, 1900 MHz<br \/>\nFRECUENCIA 3G: WCDMA : 1(2100), 2(1900), 4(1700), 5(850), 8(900) MHz<br \/>\nFRECUENCIA 4G: FDD-LTE: 1(2100), 2(1900), 3(1800), 4(AWS), 5(850), 7(2600), 8(900), 12(700), 13(700), 17(700),18(700), 19(700), 20(800), 26(850), 28(700), 32(1500), 66(AWS-3)\/ TDD-LTE: 38(2600), 40(2300), 41(2500) MHz<br \/>\nSIM CARD: Dual SIM (Nano) &#8211; (La segunda tarjeta SIM y la tarjeta de memoria Micro SD no se pueden utilizar simult\u00e1neamente)<br \/>\nBATER\u00cdA: 6.000 mAh<br \/>\nCARGADOR: Hasta 33 watts<br \/>\nCOMUNICACI\u00d3N:; USB-C<br \/>\nMEMORIA EXTERNA: Soporta tarjeta Micro SD<br \/>\nCONECTIVIDAD WIRELESS: Wi-Fi 802.11 a\/b\/g\/n\/ac, doble banda 2.4GHz y 5GHz -Bluetooth 5.3<br \/>\nV\u00cdDEO: Calidad m\u00e1xima de captura: Full HD a 30 fps<br \/>\nUBICACI\u00d3N: GPS &#8211; GLONASS &#8211; Galileo &#8211; BDS &#8211; QZSS<br \/>\nSENSOR: Huella Dactilar lateral &#8211; Aceler\u00f3metro &#8211; Sensor de Luz Ambiente &#8211; Giroscopio &#8211; Br\u00fajula Electr\u00f3nica &#8211; Proximidad<br \/>\nRENDIMIENTO: Clasificaci\u00f3n IP64<br \/>\nAUDIO: Hi-Res &#8211; Dolby Atmos<br \/>\nPESO BRUTO (g): 464<br \/>\nDIMENSIONES DE EMBALAJE (cm): 9.2 x 6 x 18<br \/>\nINCLUYE: Adaptador de energ\u00eda &#8211; Cable USB &#8211; Funda &#8211; Manual<\/p>\n<\/div>\n<\/div>\n","protected":false},"excerpt":{"rendered":"<p>REDMI NOTE 15 El Xiaomi Redmi Note 15 combina rendimiento s\u00f3lido y un dise\u00f1o moderno, ideal para acompa\u00f1arte en el<\/p>\n","protected":false},"featured_media":99487,"comment_status":"open","ping_status":"closed","template":"","meta":{"nf_dc_page":""},"product_brand":[977],"product_cat":[2187],"product_tag":[3000],"class_list":{"0":"post-99486","1":"product","2":"type-product","3":"status-publish","4":"has-post-thumbnail","6":"product_brand-xiaomi","7":"product_cat-celulares","8":"product_tag-3000","10":"first","11":"instock","12":"shipping-taxable","13":"purchasable","14":"product-type-simple"},"_links":{"self":[{"href":"https:\/\/brandss.com.py\/index\/wp-json\/wp\/v2\/product\/99486","targetHints":{"allow":["GET"]}}],"collection":[{"href":"https:\/\/brandss.com.py\/index\/wp-json\/wp\/v2\/product"}],"about":[{"href":"https:\/\/brandss.com.py\/index\/wp-json\/wp\/v2\/types\/product"}],"replies":[{"embeddable":true,"href":"https:\/\/brandss.com.py\/index\/wp-json\/wp\/v2\/comments?post=99486"}],"version-history":[{"count":1,"href":"https:\/\/brandss.com.py\/index\/wp-json\/wp\/v2\/product\/99486\/revisions"}],"predecessor-version":[{"id":99497,"href":"https:\/\/brandss.com.py\/index\/wp-json\/wp\/v2\/product\/99486\/revisions\/99497"}],"wp:featuredmedia":[{"embeddable":true,"href":"https:\/\/brandss.com.py\/index\/wp-json\/wp\/v2\/media\/99487"}],"wp:attachment":[{"href":"https:\/\/brandss.com.py\/index\/wp-json\/wp\/v2\/media?parent=99486"}],"wp:term":[{"taxonomy":"product_brand","embeddable":true,"href":"https:\/\/brandss.com.py\/index\/wp-json\/wp\/v2\/product_brand?post=99486"},{"taxonomy":"product_cat","embeddable":true,"href":"https:\/\/brandss.com.py\/index\/wp-json\/wp\/v2\/product_cat?post=99486"},{"taxonomy":"product_tag","embeddable":true,"href":"https:\/\/brandss.com.py\/index\/wp-json\/wp\/v2\/product_tag?post=99486"}],"curies":[{"name":"wp","href":"https:\/\/api.w.org\/{rel}","templated":true}]}}