{"id":99511,"date":"2026-03-02T13:06:22","date_gmt":"2026-03-02T13:06:22","guid":{"rendered":"https:\/\/brandss.com.py\/index\/?post_type=product&#038;p=99511"},"modified":"2026-03-02T13:07:39","modified_gmt":"2026-03-02T13:07:39","slug":"celular-xiaomi-redmi-note-15-pro-ds-8-256gb-black","status":"publish","type":"product","link":"https:\/\/brandss.com.py\/index\/producto\/celular-xiaomi-redmi-note-15-pro-ds-8-256gb-black\/","title":{"rendered":"CELULAR XIAOMI REDMI NOTE 15 PRO DS 8\/256GB BLACK"},"content":{"rendered":"<p><img loading=\"lazy\" decoding=\"async\" class=\"\" src=\"https:\/\/upload.wikimedia.org\/wikipedia\/commons\/thumb\/a\/ae\/Xiaomi_logo_%282021-%29.svg\/1280px-Xiaomi_logo_%282021-%29.svg.png\" alt=\"Archivo:Xiaomi logo (2021-).svg - Wikipedia, la enciclopedia libre\" width=\"64\" height=\"64\" \/><\/p>\n<h1>REDMI NOTE 15 PRO<\/h1>\n<p>El Xiaomi Redmi Note 15 Pro combina potencia, durabilidad y creatividad en un solo dispositivo. Su pantalla AMOLED de 6.77&#8243; con brillo de hasta 3200\u202fnits y frecuencia de 120Hz ofrece una experiencia visual fluida y colores vibrantes. El procesador MediaTek Helio G200-Ultra de 6nm junto con 8GB de RAM y 256GB de almacenamiento garantiza un rendimiento estable para multitarea, juegos y contenido multimedia. La bater\u00eda de 6500mAh con carga turbo de 45W y carga inversa de 18W asegura energ\u00eda durante todo el d\u00eda. Su c\u00e1mara principal de 200MP con cinco distancias focales y la frontal de 32MP con IA capturan fotos y selfies con detalle y nitidez, mientras que funciones como AI Film Camera y AI Image Enhancement potencian la creatividad. Adem\u00e1s, ofrece resistencia a golpes, ca\u00eddas y agua IP65 y altavoces duales con Dolby Atmos, convirti\u00e9ndolo en un tel\u00e9fono vers\u00e1til y confiable para el uso diario.<\/p>\n<div class=\"template-contenedor alinear\">\n<div class=\"template-sm-grid-12 template-md-grid-12 template-grid-6 template-xl-grid-6\">\n<h3>Bater\u00eda de 6500mAh<\/h3>\n<p>&nbsp;<\/p>\n<\/div>\n<p><img decoding=\"async\" class=\"template-sm-grid-12 template-md-grid-12 template-grid-6 template-xl-grid-6 alignleft\" src=\"https:\/\/laoferta.com.uy\/html-uy\/smartphones\/xiaomi\/redmi-note-15-pro-8gb-256gb\/img\/img-01.jpg\" \/><\/div>\n<div><\/div>\n<div><\/div>\n<div><\/div>\n<div><\/div>\n<div class=\"template-contenedor alinear\">Gracias a su alto contenido de silicio-carbono, la capacidad de la bater\u00eda aumenta de forma significativa, brindando una experiencia de duraci\u00f3n de la bater\u00eda sin precedentes. Ofrece hasta 2 d\u00edas de duraci\u00f3n, con hasta 25 horas de reproducci\u00f3n de video y hasta 55 horas de uso total.<\/div>\n<div class=\"template-linea template-grid-12\"><\/div>\n<div class=\"template-contenedor alinear\"><img loading=\"lazy\" decoding=\"async\" class=\"template-sm-grid-12 template-md-grid-12 template-grid-6 template-xl-grid-6 orden-imagen alignright\" src=\"https:\/\/laoferta.com.uy\/html-uy\/smartphones\/xiaomi\/redmi-note-15-pro-8gb-256gb\/img\/img-02.jpg\" width=\"521\" height=\"316\" \/><\/p>\n<div class=\"template-sm-grid-12 template-md-grid-122 template-grid-6 template-xl-grid-6\">\n<h3>Energ\u00eda cuando la necesit\u00e1s<\/h3>\n<p>La carga turbo de 45W te mantiene en marcha sin preocupaciones, equilibrando la carga r\u00e1pida y la larga duraci\u00f3n de la bater\u00eda.<\/p>\n<\/div>\n<\/div>\n<div class=\"template-linea template-grid-12\"><\/div>\n<div class=\"template-contenedor alinear\">\n<div class=\"template-sm-grid-12 template-md-grid-12 template-grid-6 template-xl-grid-6\">\n<h3>Hasta 18W de carga inversa<\/h3>\n<p>Con la compatibilidad de carga inversa, tu tel\u00e9fono se convierte en un powerbank port\u00e1til, listo para recargar tus dispositivos en cualquier momento y lugar.<\/p>\n<\/div>\n<p><img loading=\"lazy\" decoding=\"async\" class=\"template-sm-grid-12 template-md-grid-12 template-grid-6 template-xl-grid-6 alignleft\" src=\"https:\/\/laoferta.com.uy\/html-uy\/smartphones\/xiaomi\/redmi-note-15-pro-8gb-256gb\/img\/img-03.jpg\" width=\"418\" height=\"254\" \/><\/div>\n<div class=\"template-linea template-grid-12\"><\/div>\n<div class=\"template-contenedor\">\n<div class=\"template-sm-grid-12 template-md-grid-12 template-grid-6 template-xl-grid-6 center\"><img loading=\"lazy\" decoding=\"async\" class=\"template-sm-grid-12 template-md-grid-12 template-grid-12 template-xl-grid-12 alignright\" src=\"https:\/\/laoferta.com.uy\/html-uy\/smartphones\/xiaomi\/redmi-note-15-pro-8gb-256gb\/img\/img-04.jpg\" width=\"493\" height=\"299\" \/><\/p>\n<h3>Imbatible ante ca\u00eddas accidentales<\/h3>\n<p>Cuenta con la certificaci\u00f3n SGS tras superar pruebas de resistencia a golpes y ca\u00eddas, asegurando mayor durabilidad y confianza en el uso diario.<\/p>\n<\/div>\n<div class=\"template-sm-grid-12 template-md-grid-12 template-grid-6 template-xl-grid-6 center\"><img loading=\"lazy\" decoding=\"async\" class=\"template-sm-grid-12 template-md-grid-12 template-grid-12 template-xl-grid-12 alignleft\" src=\"https:\/\/laoferta.com.uy\/html-uy\/smartphones\/xiaomi\/redmi-note-15-pro-8gb-256gb\/img\/img-05.jpg\" width=\"453\" height=\"275\" \/><\/p>\n<h3>Estructura interna reforzada<\/h3>\n<p>Con una placa base de alta resistencia y un chasis central reforzado, est\u00e1 creado para durar, listo para superar los desaf\u00edos de cada d\u00eda con total seguridad.<\/p>\n<\/div>\n<\/div>\n<div class=\"template-linea template-grid-12\"><\/div>\n<div class=\"template-contenedor alinear\"><img loading=\"lazy\" decoding=\"async\" class=\"template-sm-grid-12 template-md-grid-12 template-grid-6 template-xl-grid-6 orden-imagen alignright\" src=\"https:\/\/laoferta.com.uy\/html-uy\/smartphones\/xiaomi\/redmi-note-15-pro-8gb-256gb\/img\/img-06.jpg\" width=\"516\" height=\"313\" \/><\/p>\n<div class=\"template-sm-grid-12 template-md-grid-122 template-grid-6 template-xl-grid-6\">\n<h3>Corning Gorilla Glass Victus 2<\/h3>\n<p>Panel frontal reforzado con vidrio de ultra alta resistencia que protege la pantalla contra impactos y rayones, asegurando durabilidad y fiabilidad a largo plazo.<\/p>\n<\/div>\n<\/div>\n<div class=\"template-linea template-grid-12\"><\/div>\n<div class=\"template-contenedor alinear\">\n<div class=\"template-sm-grid-12 template-md-grid-12 template-grid-6 template-xl-grid-6\">\n<h3>Resistencia al polvo y al agua IP65<\/h3>\n<p>Admite resistencia al polvo y al agua IP65, brindando protecci\u00f3n efectiva contra salpicaduras, polvo u otras situaciones imprevistas. Manej\u00e1 con facilidad tu d\u00eda a d\u00eda.<\/p>\n<\/div>\n<p><img loading=\"lazy\" decoding=\"async\" class=\"template-sm-grid-12 template-md-grid-12 template-grid-6 template-xl-grid-6 alignleft\" src=\"https:\/\/laoferta.com.uy\/html-uy\/smartphones\/xiaomi\/redmi-note-15-pro-8gb-256gb\/img\/img-07.jpg\" width=\"511\" height=\"310\" \/><\/div>\n<div class=\"template-linea template-grid-12\"><\/div>\n<div class=\"template-contenedor\">\n<div class=\"template-sm-grid-12 template-md-grid-12 template-grid-6 template-xl-grid-6 center\"><img loading=\"lazy\" decoding=\"async\" class=\"template-sm-grid-12 template-md-grid-12 template-grid-12 template-xl-grid-12 alignright\" src=\"https:\/\/laoferta.com.uy\/html-uy\/smartphones\/xiaomi\/redmi-note-15-pro-8gb-256gb\/img\/img-08.jpg\" width=\"466\" height=\"283\" \/><\/p>\n<h3>Wet Touch Technology 2.0<\/h3>\n<p>Detecta de forma inteligente agua, aceite, espuma, sudor y m\u00e1s, brindando una experiencia t\u00e1ctil m\u00e1s suave y receptiva en cualquier situaci\u00f3n.<\/p>\n<\/div>\n<div class=\"template-sm-grid-12 template-md-grid-12 template-grid-6 template-xl-grid-6 center\"><img loading=\"lazy\" decoding=\"async\" class=\"template-sm-grid-12 template-md-grid-12 template-grid-12 template-xl-grid-12 alignleft\" src=\"https:\/\/laoferta.com.uy\/html-uy\/smartphones\/xiaomi\/redmi-note-15-pro-8gb-256gb\/img\/img-09.jpg\" width=\"483\" height=\"293\" \/><\/p>\n<h3>Eliminaci\u00f3n de agua y polvo del altavoz<\/h3>\n<p>La vibraci\u00f3n de alta frecuencia expulsa el agua residual del altavoz y los puertos, restaurando la calidad de sonido original.<\/p>\n<\/div>\n<\/div>\n<div class=\"template-linea template-grid-12\"><\/div>\n<div class=\"template-contenedor alinear\">\n<div class=\"template-sm-grid-12 template-md-grid-12 template-grid-12 template-xl-grid-12 parrafo center\">\n<h3>C\u00e1mara de 200MP<\/h3>\n<p>Captur\u00e1 cada detalle, desde cerca hasta lejos, gracias a su c\u00e1mara principal de 200MP con nitidez sobresaliente y un gran sensor de 1\/1.4&#8243; que ofrece una experiencia fotogr\u00e1fica de alta resoluci\u00f3n excepcional.<\/p>\n<\/div>\n<p><img loading=\"lazy\" decoding=\"async\" class=\"template-sm-grid-12 template-md-grid-12 template-grid-12 template-xl-grid-12 alignright\" src=\"https:\/\/laoferta.com.uy\/html-uy\/smartphones\/xiaomi\/redmi-note-15-pro-8gb-256gb\/img\/img-10.jpg\" width=\"916\" height=\"457\" \/><\/div>\n<div class=\"template-linea template-grid-12\"><\/div>\n<div class=\"template-contenedor alinear\">\n<div class=\"template-sm-grid-12 template-md-grid-12 template-grid-12 template-xl-grid-12 parrafo center\">\n<h3>Un lente, cinco distancias focales<\/h3>\n<p>Captur\u00e1 cinco perspectivas \u00fanicas y disfrut\u00e1 de un zoom excepcional en cualquier escenario simplemente levantando el dispositivo y comenzando a capturar.<\/p>\n<\/div>\n<\/div>\n<div class=\"template-contenedor\">\n<div class=\"template-sm-grid-12 template-md-grid-12 template-grid-6 template-xl-grid-6 center\">\n<div style=\"width: 403px\" class=\"wp-caption alignleft\"><img loading=\"lazy\" decoding=\"async\" class=\"template-sm-grid-12 template-md-grid-12 template-grid-12 template-xl-grid-12\" src=\"https:\/\/laoferta.com.uy\/html-uy\/smartphones\/xiaomi\/redmi-note-15-pro-8gb-256gb\/img\/img-11.jpg\" alt=\"\" width=\"393\" height=\"239\" \/><p class=\"wp-caption-text\">1x equivalente a 23mm Muestra toda la escena con total nitidez, incluso de noche.<\/p><\/div>\n<p>&nbsp;<\/p>\n<\/div>\n<div class=\"template-sm-grid-12 template-md-grid-12 template-grid-6 template-xl-grid-6 center\">\n<div style=\"width: 410px\" class=\"wp-caption alignleft\"><img loading=\"lazy\" decoding=\"async\" class=\"template-sm-grid-12 template-md-grid-12 template-grid-12 template-xl-grid-12\" src=\"https:\/\/laoferta.com.uy\/html-uy\/smartphones\/xiaomi\/redmi-note-15-pro-8gb-256gb\/img\/img-12.jpg\" alt=\"\" width=\"400\" height=\"243\" \/><p class=\"wp-caption-text\">1.2x equivalente a 28mm Acercate y captur\u00e1 amigos, comida y diversi\u00f3n en un solo encuadre perfecto.<\/p><\/div>\n<p>&nbsp;<\/p>\n<\/div>\n<\/div>\n<div class=\"template-contenedor template-triple-parrafo\">\n<div class=\"template-sm-grid-12 template-md-grid-12 template-grid-4 template-xl-grid-4 center\">\n<div style=\"width: 411px\" class=\"wp-caption alignleft\"><img loading=\"lazy\" decoding=\"async\" class=\"template-sm-grid-12 template-md-grid-12 template-grid-12 template-xl-grid-12\" src=\"https:\/\/laoferta.com.uy\/html-uy\/smartphones\/xiaomi\/redmi-note-15-pro-8gb-256gb\/img\/img-13.jpg\" alt=\"\" width=\"401\" height=\"244\" \/><p class=\"wp-caption-text\">1.5x equivalente a 35mm El punto perfecto para contar historias, donde el sujeto y el paisaje comparten el protagonismo.<\/p><\/div>\n<p>&nbsp;<\/p>\n<\/div>\n<div class=\"template-sm-grid-12 template-md-grid-12 template-grid-4 template-xl-grid-4 center\">\n<div style=\"width: 410px\" class=\"wp-caption alignright\"><img loading=\"lazy\" decoding=\"async\" class=\"template-sm-grid-12 template-md-grid-12 template-grid-12 template-xl-grid-12\" src=\"https:\/\/laoferta.com.uy\/html-uy\/smartphones\/xiaomi\/redmi-note-15-pro-8gb-256gb\/img\/img-14.jpg\" alt=\"\" width=\"400\" height=\"243\" \/><p class=\"wp-caption-text\">2x equivalente a 46mm Perspectiva ideal para retratos: realista y sin distorsi\u00f3n.<\/p><\/div>\n<\/div>\n<div class=\"template-sm-grid-12 template-md-grid-12 template-grid-4 template-xl-grid-4 center\">\n<div style=\"width: 410px\" class=\"wp-caption alignnone\"><img loading=\"lazy\" decoding=\"async\" class=\"template-sm-grid-12 template-md-grid-12 template-grid-12 template-xl-grid-12\" src=\"https:\/\/laoferta.com.uy\/html-uy\/smartphones\/xiaomi\/redmi-note-15-pro-8gb-256gb\/img\/img-15.jpg\" alt=\"\" width=\"400\" height=\"243\" \/><p class=\"wp-caption-text\">4x equivalente a 92mm Acerca los detalles lejanos, con calidad teleobjetivo flagship en cada toma.<\/p><\/div>\n<p>&nbsp;<\/p>\n<\/div>\n<\/div>\n<div class=\"template-linea template-grid-12\"><\/div>\n<div class=\"template-contenedor alinear\">\n<div style=\"width: 596px\" class=\"wp-caption alignnone\"><img loading=\"lazy\" decoding=\"async\" class=\"template-sm-grid-12 template-md-grid-12 template-grid-6 template-xl-grid-6 orden-imagen\" src=\"https:\/\/laoferta.com.uy\/html-uy\/smartphones\/xiaomi\/redmi-note-15-pro-8gb-256gb\/img\/img-16.jpg\" alt=\"\" width=\"586\" height=\"356\" \/><p class=\"wp-caption-text\">C\u00e1mara frontal de 32MP La c\u00e1mara frontal de alta definici\u00f3n con gran apertura, combinada con algoritmos de AI, reduce inteligentemente el ruido y restaura con precisi\u00f3n la textura de la piel y los tonos naturales, haciendo que las tomas nocturnas sean a\u00fan m\u00e1s cautivadoras.<\/p><\/div>\n<div class=\"template-sm-grid-12 template-md-grid-122 template-grid-6 template-xl-grid-6\">\n<p>&nbsp;<\/p>\n<\/div>\n<\/div>\n<div class=\"template-linea template-grid-12\">\n<div style=\"width: 353px\" class=\"wp-caption alignleft\"><img loading=\"lazy\" decoding=\"async\" class=\"template-sm-grid-12 template-md-grid-12 template-grid-6 template-xl-grid-6\" src=\"https:\/\/laoferta.com.uy\/html-uy\/smartphones\/xiaomi\/redmi-note-15-pro-8gb-256gb\/img\/img-17.jpg\" alt=\"\" width=\"343\" height=\"208\" \/><p class=\"wp-caption-text\">Tomas din\u00e1micas El \u00faltimo estudio creativo de bolsillo te permite compartir en Instagram con un solo toque, destacando tu contenido al instante.<\/p><\/div>\n<\/div>\n<div class=\"template-contenedor alinear\">\n<div class=\"template-sm-grid-12 template-md-grid-12 template-grid-6 template-xl-grid-6\">\n<p>&nbsp;<\/p>\n<\/div>\n<\/div>\n<div class=\"template-linea template-grid-12\"><\/div>\n<div class=\"template-contenedor alinear\"><img decoding=\"async\" class=\"template-sm-grid-12 template-md-grid-12 template-grid-6 template-xl-grid-6 orden-imagen alignright\" src=\"https:\/\/laoferta.com.uy\/html-uy\/smartphones\/xiaomi\/redmi-note-15-pro-8gb-256gb\/img\/img-18.jpg\" \/><\/p>\n<div class=\"template-sm-grid-12 template-md-grid-122 template-grid-6 template-xl-grid-6\">\n<h3>AI Film Camera<\/h3>\n<p>Solo necesit\u00e1s un toque para capturar fotos con un toque vintage y nost\u00e1lgico, conservando el encanto \u00fanico del rollo fotogr\u00e1fico.<\/p>\n<\/div>\n<\/div>\n<div class=\"template-linea template-grid-12\"><\/div>\n<div class=\"template-contenedor alinear\">\n<div class=\"template-sm-grid-12 template-md-grid-12 template-grid-12 template-xl-grid-12 parrafo center\">\n<h3>AI Creativity Assistant<\/h3>\n<\/div>\n<\/div>\n<div class=\"template-contenedor template-triple-parrafo\">\n<div class=\"template-sm-grid-12 template-md-grid-12 template-grid-4 template-xl-grid-4 center\"><img loading=\"lazy\" decoding=\"async\" class=\"template-sm-grid-12 template-md-grid-12 template-grid-12 template-xl-grid-12 alignleft\" src=\"https:\/\/laoferta.com.uy\/html-uy\/smartphones\/xiaomi\/redmi-note-15-pro-8gb-256gb\/img\/img-19.jpg\" width=\"407\" height=\"247\" \/><\/p>\n<h3>Modo belleza por IA<\/h3>\n<p>Optimizaci\u00f3n inteligente con un solo toque, ampliando las posibilidades fotogr\u00e1ficas y la eficiencia creativa.<\/p>\n<\/div>\n<div class=\"template-sm-grid-12 template-md-grid-12 template-grid-4 template-xl-grid-4 center\"><img loading=\"lazy\" decoding=\"async\" class=\"template-sm-grid-12 template-md-grid-12 template-grid-12 template-xl-grid-12 alignright\" src=\"https:\/\/laoferta.com.uy\/html-uy\/smartphones\/xiaomi\/redmi-note-15-pro-8gb-256gb\/img\/img-20.jpg\" width=\"554\" height=\"336\" \/><\/p>\n<h3>AI Remove Reflection<\/h3>\n<p>Elimina reflejos en superficies como parabrisas o cristales de exhibici\u00f3n, al tiempo que reduce el deslumbramiento.<\/p>\n<\/div>\n<div class=\"template-sm-grid-12 template-md-grid-12 template-grid-4 template-xl-grid-4 center\"><img loading=\"lazy\" decoding=\"async\" class=\"template-sm-grid-12 template-md-grid-12 template-grid-12 template-xl-grid-12 alignleft\" src=\"https:\/\/laoferta.com.uy\/html-uy\/smartphones\/xiaomi\/redmi-note-15-pro-8gb-256gb\/img\/img-21.jpg\" width=\"596\" height=\"362\" \/><\/p>\n<h3>AI Image Enhancement<\/h3>\n<p>Mejora la nitidez de la imagen con un solo toque.<\/p>\n<\/div>\n<\/div>\n<div class=\"template-linea template-grid-12\"><\/div>\n<div class=\"template-contenedor alinear\">\n<div class=\"template-sm-grid-12 template-md-grid-12 template-grid-6 template-xl-grid-6\">\n<h3>Pantalla insignia de 6.77&#8243;<\/h3>\n<p>Los materiales luminosos avanzados permiten que la pantalla alcance un brillo m\u00e1ximo de 3200 nits, garantizando nitidez incluso bajo la luz solar intensa y ofreciendo colores v\u00edvidos. Una alta frecuencia de actualizaci\u00f3n de 120Hz, combinada con una frecuencia de muestreo t\u00e1ctil instant\u00e1nea ultrarr\u00e1pida de 2560Hz, asegura un control sensible para una experiencia fluida.<\/p>\n<\/div>\n<p><img loading=\"lazy\" decoding=\"async\" class=\"template-sm-grid-12 template-md-grid-12 template-grid-6 template-xl-grid-6 alignright\" src=\"https:\/\/laoferta.com.uy\/html-uy\/smartphones\/xiaomi\/redmi-note-15-pro-8gb-256gb\/img\/img-22.jpg\" width=\"549\" height=\"333\" \/><\/div>\n<div class=\"template-linea template-grid-12\"><\/div>\n<div class=\"template-contenedor alinear\"><img loading=\"lazy\" decoding=\"async\" class=\"template-sm-grid-12 template-md-grid-12 template-grid-6 template-xl-grid-6 orden-imagen alignleft\" src=\"https:\/\/laoferta.com.uy\/html-uy\/smartphones\/xiaomi\/redmi-note-15-pro-8gb-256gb\/img\/img-23.jpg\" width=\"575\" height=\"349\" \/><\/p>\n<div class=\"template-sm-grid-12 template-md-grid-122 template-grid-6 template-xl-grid-6\">\n<h3>Atenuaci\u00f3n PWM de 3840Hz<\/h3>\n<p>Sin parpadeo y con una atenuaci\u00f3n de pantalla m\u00e1s natural: la atenuaci\u00f3n PWM de alta frecuencia de 3840Hz combinada con el modo de lectura c\u00edclica ofrece una pantalla m\u00e1s suave e inteligente que reduce la fatiga visual.<\/p>\n<\/div>\n<\/div>\n<div class=\"template-linea template-grid-12\"><\/div>\n<div class=\"template-contenedor alinear\">\n<div class=\"template-sm-grid-12 template-md-grid-12 template-grid-6 template-xl-grid-6\">\n<h3>Dos altavoces<\/h3>\n<p>Equipado con dos altavoces, ofrece hasta un 300% de volumen para una experiencia auditiva envolvente.<\/p>\n<\/div>\n<p><img loading=\"lazy\" decoding=\"async\" class=\"template-sm-grid-12 template-md-grid-12 template-grid-6 template-xl-grid-6 alignright\" src=\"https:\/\/laoferta.com.uy\/html-uy\/smartphones\/xiaomi\/redmi-note-15-pro-8gb-256gb\/img\/img-24.jpg\" width=\"585\" height=\"355\" \/><\/div>\n<div class=\"template-linea template-grid-12\"><\/div>\n<div class=\"template-contenedor alinear\"><img loading=\"lazy\" decoding=\"async\" class=\"template-sm-grid-12 template-md-grid-12 template-grid-6 template-xl-grid-6 orden-imagen alignleft\" src=\"https:\/\/laoferta.com.uy\/html-uy\/smartphones\/xiaomi\/redmi-note-15-pro-8gb-256gb\/img\/img-25.jpg\" width=\"547\" height=\"332\" \/><\/p>\n<div class=\"template-sm-grid-12 template-md-grid-122 template-grid-6 template-xl-grid-6\">\n<h3>Helio G200-Ultra<\/h3>\n<p>Con un potente procesador TSMC de 6nm y ocho n\u00facleos, gestiona la multitarea con facilidad y ofrece experiencias de juego y video ultra fluidas, garantizando un rendimiento estable y duradero durante todo el d\u00eda.<\/p>\n<\/div>\n<\/div>\n<div class=\"template-linea template-grid-12\"><\/div>\n<div class=\"template-contenedor alinear\">\n<div class=\"template-sm-grid-12 template-md-grid-12 template-grid-6 template-xl-grid-6\">\n<h3>Permanec\u00e9 conectado, incluso sin se\u00f1al<\/h3>\n<p>En lugares donde la cobertura desaparece y las llamadas, mensajes y aplicaciones habituales no funcionan, Xiaomi Offline Communication te permite conectarte por voz sin necesidad de una red. Est\u00e1 dise\u00f1ada para esos momentos en los que seguir conectado sigue siendo importante.<\/p>\n<\/div>\n<p><img loading=\"lazy\" decoding=\"async\" class=\"template-sm-grid-12 template-md-grid-12 template-grid-6 template-xl-grid-6 alignleft\" src=\"https:\/\/laoferta.com.uy\/html-uy\/smartphones\/xiaomi\/redmi-note-15-pro-8gb-256gb\/img\/img-26.jpg\" width=\"501\" height=\"304\" \/><\/div>\n<div class=\"template-linea template-grid-12\"><\/div>\n<div class=\"template-contenedor alinear\"><img loading=\"lazy\" decoding=\"async\" class=\"template-sm-grid-12 template-md-grid-12 template-grid-6 template-xl-grid-6 orden-imagen alignleft\" src=\"https:\/\/laoferta.com.uy\/html-uy\/smartphones\/xiaomi\/redmi-note-15-pro-8gb-256gb\/img\/img-27.jpg\" width=\"491\" height=\"298\" \/><\/p>\n<div class=\"template-sm-grid-12 template-md-grid-122 template-grid-6 template-xl-grid-6\">\n<h3>Gemini<\/h3>\n<p>Chate\u00e1 con Gemini, el asistente de inteligencia artificial personal de Google, para potenciar tus ideas y acceder r\u00e1pidamente a sus funciones sin salir de tu aplicaci\u00f3n gracias a Gemini Overlay. Con Gemini Live puedes hablar con \u00e9l en tiempo real, mientras que la generaci\u00f3n de im\u00e1genes te permite crear contenido visual impactante. Adem\u00e1s, Gemini se integra con tus apps conectadas, incluyendo las de Xiaomi, para que puedas actuar directamente desde tus aplicaciones favoritas.<\/p>\n<p>&nbsp;<\/p>\n<\/div>\n<\/div>\n<h3>Especificaciones<\/h3>\n<p>MODELO: Redmi Note 15 Pro.<br \/>\nCOLOR: Black.<br \/>\nMEMORIA INTERNA: 256GB.<br \/>\nMEMORIA RAM: 8GB.<br \/>\nPROCESADOR CPU: Mediatek Helio G200 Ultra Octa Core (Dual Core de 2.5GHz + Hexa Core de 2.0GHz).<br \/>\nGPU: Mali-G57 MC2.<br \/>\nSISTEMA OPERATIVO: Android 15 + HyperOS 2.0.<br \/>\nPANTALLA: Flat Display de 6.77&#8243; FHD+, AMOLED e prote\u00e7\u00e3o Corning Gorilla Glass Victus 2.<br \/>\nTAZA DE REFRESCO: 120Hz.<br \/>\nC\u00c1MARA: Principal Dual: Wide de 200MP f\/1.7 y Ultra Wide de 8MP f\/2.2 + C\u00e1mara Frontal de 32MP f\/2.2.<br \/>\nFRECUENCIA 2G: GSM: 850, 900, 1800, 1900 MHz.<br \/>\nFRECUENCIA 3G: WCDMA: 1(2100), 2(1900), 4(1700), 5(850), 8(900) MHz.<br \/>\nFRECUENCIA 4G: FDD-LTE: 1(2100), 2(1900), 3(1800), 4(AWS), 5(850), 7(2600), 8(900), 12(700), 13(700), 17(700), 18(800), 19(800) 20(800), 26(800), 28(700),66(AWS-3) \/ TDD-LTE: 38(2600), 40(2300), 41(2500)MHz.<br \/>\nSIM CARD: Dual SIM (Nano).<br \/>\nBATER\u00cdA: 6.500 mAh.<br \/>\nCARGADOR: Hasta 45 watts.<br \/>\nCOMUNICACI\u00d3N: USB-C.<br \/>\nCONECTIVIDAD WIRELESS: Wi-Fi 802.11 a\/b\/g\/n\/ac\/6, doble banda 2.4GHz &#8211; Bluetooth 5.4 &#8211; NFC.<br \/>\nV\u00cdDEO: Calidad m\u00e1xima de captura: 1080 a 60 fps.<br \/>\nUBICACI\u00d3N: GPS &#8211; GLONASS &#8211; BeiDou &#8211; Galileo.<br \/>\nSENSOR: Huella Dactilar &#8211; Proximidad &#8211; Sensor de Luz Ambiente &#8211; Aceler\u00f3metro &#8211; Giroscopio &#8211; Br\u00fajula Electr\u00f3nica.<br \/>\nRENDIMIENTO: Clasificaci\u00f3n IP65.<br \/>\nAUDIO: Dolby Atmos.<br \/>\nPESO BRUTO (g): 505.<br \/>\nDIMENSIONES DE EMBALAJE (cm): 9.6 x 6.1 x 18.7.<br \/>\nINCLUYE: Adaptador de energ\u00eda &#8211; Cable USB &#8211; Funda &#8211; Manual.<\/p>\n","protected":false},"excerpt":{"rendered":"<p>REDMI NOTE 15 PRO El Xiaomi Redmi Note 15 Pro combina potencia, durabilidad y creatividad en un solo dispositivo. Su<\/p>\n","protected":false},"featured_media":99512,"comment_status":"open","ping_status":"closed","template":"","meta":{"nf_dc_page":""},"product_brand":[977],"product_cat":[2187],"product_tag":[3002],"class_list":{"0":"post-99511","1":"product","2":"type-product","3":"status-publish","4":"has-post-thumbnail","6":"product_brand-xiaomi","7":"product_cat-celulares","8":"product_tag-3002","10":"first","11":"instock","12":"shipping-taxable","13":"purchasable","14":"product-type-simple"},"_links":{"self":[{"href":"https:\/\/brandss.com.py\/index\/wp-json\/wp\/v2\/product\/99511","targetHints":{"allow":["GET"]}}],"collection":[{"href":"https:\/\/brandss.com.py\/index\/wp-json\/wp\/v2\/product"}],"about":[{"href":"https:\/\/brandss.com.py\/index\/wp-json\/wp\/v2\/types\/product"}],"replies":[{"embeddable":true,"href":"https:\/\/brandss.com.py\/index\/wp-json\/wp\/v2\/comments?post=99511"}],"version-history":[{"count":1,"href":"https:\/\/brandss.com.py\/index\/wp-json\/wp\/v2\/product\/99511\/revisions"}],"predecessor-version":[{"id":99522,"href":"https:\/\/brandss.com.py\/index\/wp-json\/wp\/v2\/product\/99511\/revisions\/99522"}],"wp:featuredmedia":[{"embeddable":true,"href":"https:\/\/brandss.com.py\/index\/wp-json\/wp\/v2\/media\/99512"}],"wp:attachment":[{"href":"https:\/\/brandss.com.py\/index\/wp-json\/wp\/v2\/media?parent=99511"}],"wp:term":[{"taxonomy":"product_brand","embeddable":true,"href":"https:\/\/brandss.com.py\/index\/wp-json\/wp\/v2\/product_brand?post=99511"},{"taxonomy":"product_cat","embeddable":true,"href":"https:\/\/brandss.com.py\/index\/wp-json\/wp\/v2\/product_cat?post=99511"},{"taxonomy":"product_tag","embeddable":true,"href":"https:\/\/brandss.com.py\/index\/wp-json\/wp\/v2\/product_tag?post=99511"}],"curies":[{"name":"wp","href":"https:\/\/api.w.org\/{rel}","templated":true}]}}