{"id":99543,"date":"2026-03-02T14:42:49","date_gmt":"2026-03-02T14:42:49","guid":{"rendered":"https:\/\/brandss.com.py\/index\/?post_type=product&#038;p=99543"},"modified":"2026-04-08T14:29:01","modified_gmt":"2026-04-08T14:29:01","slug":"perfume-masculino-rasasi-hawas-black-edp-100ml","status":"publish","type":"product","link":"https:\/\/brandss.com.py\/index\/producto\/perfume-masculino-rasasi-hawas-black-edp-100ml\/","title":{"rendered":"PERFUME MASCULINO RASASI HAWAS BLACK EDP 100ML"},"content":{"rendered":"<p><img loading=\"lazy\" decoding=\"async\" class=\"\" src=\"https:\/\/s3.ap-southeast-1.amazonaws.com\/cdn1.sgliteasset.com\/shamperf\/images\/brand\/brand-17237\/cached\/qT2xvYlA683ca8bf6a0f2_1748805823_420x420.jpg\" alt=\"Rasasi Perfumes \u2013 Dubai's Heritage Fragrance Brand | Sham Perfume Malaysia\" width=\"88\" height=\"69\" \/><\/p>\n<h1>HAWAS BLACK<\/h1>\n<h5><em>El lado oscuro de la frescura<\/em><\/h5>\n<p>Es una fusi\u00f3n magn\u00e9tica de contrastes, creada para el hombre que brilla en cada estaci\u00f3n. Este intrigante aroma se perfila como una versi\u00f3n m\u00e1s oscura y misteriosa. Hawas Black de Rasasi es una fragancia audaz y sofisticada. Ideal para el uso diario y ocasiones especiales, este perfume destaca por su frescura y profundidad, perfecto para quienes buscan un aroma que inspire confianza y estilo.<\/p>\n<p><img loading=\"lazy\" decoding=\"async\" class=\"alignleft\" src=\"https:\/\/m.media-amazon.com\/images\/I\/61HrJub8w7L._AC_SL1000_.jpg\" width=\"545\" height=\"545\" \/><\/p>\n<h3>Notas Olfativas<\/h3>\n<p>&nbsp;<\/p>\n<p>Hawas Black de Rasasi es una creaci\u00f3n olfativa de la marca Rasasi, lanzada al mercado en 2024. Esta fragancia se presenta en concentraci\u00f3n Eau de Parfum y est\u00e1 dise\u00f1ada para Hombres, representando una sofisticada interpretaci\u00f3n dentro de la familia amaderada y frutal.<\/p>\n<p>El inicio es brillante y frutal, con notas de bergamota, pi\u00f1a y toronja que aportan una explosi\u00f3n de frescura desde el primer momento.<\/p>\n<p>En el coraz\u00f3n, la fragancia se enriquece con un aroma amaderado y floral, gracias a las notas de cedro, pachul\u00ed y jazm\u00edn, que a\u00f1aden un toque elegante y masculino.<\/p>\n<p>El cierre es c\u00e1lido y envolvente, con una base de musgo de roble, notas amaderadas y \u00e1mbar, que proporciona una profundidad duradera y una sensaci\u00f3n envolvente, dejando una estela memorable y encantadora.<\/p>\n<p><strong>Notas de salida: <\/strong>bergamota, pi\u00f1a, toronja.<\/p>\n<p><strong>Notas de coraz\u00f3n: <\/strong>cedro, pachul\u00ed, jazm\u00edn.<\/p>\n<p><strong>Notas de fondo: <\/strong>musgo de roble, notas amaderadas, \u00e1mbar.<\/p>\n","protected":false},"excerpt":{"rendered":"<p>HAWAS BLACK El lado oscuro de la frescura Es una fusi\u00f3n magn\u00e9tica de contrastes, creada para el hombre que brilla<\/p>\n","protected":false},"featured_media":99544,"comment_status":"open","ping_status":"closed","template":"","meta":{"nf_dc_page":""},"product_brand":[116],"product_cat":[84],"product_tag":[3006],"class_list":{"0":"post-99543","1":"product","2":"type-product","3":"status-publish","4":"has-post-thumbnail","6":"product_brand-rasasi","7":"product_cat-perfumeria","8":"product_tag-3006","10":"first","11":"instock","12":"shipping-taxable","13":"purchasable","14":"product-type-simple"},"_links":{"self":[{"href":"https:\/\/brandss.com.py\/index\/wp-json\/wp\/v2\/product\/99543","targetHints":{"allow":["GET"]}}],"collection":[{"href":"https:\/\/brandss.com.py\/index\/wp-json\/wp\/v2\/product"}],"about":[{"href":"https:\/\/brandss.com.py\/index\/wp-json\/wp\/v2\/types\/product"}],"replies":[{"embeddable":true,"href":"https:\/\/brandss.com.py\/index\/wp-json\/wp\/v2\/comments?post=99543"}],"version-history":[{"count":1,"href":"https:\/\/brandss.com.py\/index\/wp-json\/wp\/v2\/product\/99543\/revisions"}],"predecessor-version":[{"id":99549,"href":"https:\/\/brandss.com.py\/index\/wp-json\/wp\/v2\/product\/99543\/revisions\/99549"}],"wp:featuredmedia":[{"embeddable":true,"href":"https:\/\/brandss.com.py\/index\/wp-json\/wp\/v2\/media\/99544"}],"wp:attachment":[{"href":"https:\/\/brandss.com.py\/index\/wp-json\/wp\/v2\/media?parent=99543"}],"wp:term":[{"taxonomy":"product_brand","embeddable":true,"href":"https:\/\/brandss.com.py\/index\/wp-json\/wp\/v2\/product_brand?post=99543"},{"taxonomy":"product_cat","embeddable":true,"href":"https:\/\/brandss.com.py\/index\/wp-json\/wp\/v2\/product_cat?post=99543"},{"taxonomy":"product_tag","embeddable":true,"href":"https:\/\/brandss.com.py\/index\/wp-json\/wp\/v2\/product_tag?post=99543"}],"curies":[{"name":"wp","href":"https:\/\/api.w.org\/{rel}","templated":true}]}}