{"id":99550,"date":"2026-03-02T16:38:59","date_gmt":"2026-03-02T16:38:59","guid":{"rendered":"https:\/\/brandss.com.py\/index\/?post_type=product&#038;p=99550"},"modified":"2026-03-17T10:14:00","modified_gmt":"2026-03-17T10:14:00","slug":"perfume-masculino-rasasi-hawas-malibu-edp-100ml","status":"publish","type":"product","link":"https:\/\/brandss.com.py\/index\/producto\/perfume-masculino-rasasi-hawas-malibu-edp-100ml\/","title":{"rendered":"PERFUME MASCULINO RASASI HAWAS MALIBU EDP 100ML"},"content":{"rendered":"<p><img loading=\"lazy\" decoding=\"async\" class=\"\" src=\"https:\/\/s3.ap-southeast-1.amazonaws.com\/cdn1.sgliteasset.com\/shamperf\/images\/brand\/brand-17237\/cached\/qT2xvYlA683ca8bf6a0f2_1748805823_420x420.jpg\" alt=\"Rasasi Perfumes \u2013 Dubai's Heritage Fragrance Brand | Sham Perfume Malaysia\" width=\"82\" height=\"64\" \/><\/p>\n<h1>HAWAS MALIBU<\/h1>\n<p><span dir=\"auto\">Descubre el car\u00e1cter vibrante y sofisticado de <\/span><span dir=\"auto\">Hawas Malibu<\/span><span dir=\"auto\">, un <\/span><span dir=\"auto\">Eau de Parfum masculino,<\/span><span dir=\"auto\">\u00a0dise\u00f1ado\u00a0<\/span><span dir=\"auto\">para el hombre moderno<\/span><span dir=\"auto\"> que busca un aroma fresco y refinado. Esta fragancia se presenta en un elegante frasco con degradado que refleja su estilo audaz y contempor\u00e1neo. <\/span><span dir=\"auto\">Hawas Malibu <\/span><span dir=\"auto\">es una fragancia arom\u00e1tica para hombre. Este aroma es como una botella de lujo costero ba\u00f1ada por el sol. Hay una energ\u00eda legendaria tras el nombre Hawas.<img loading=\"lazy\" decoding=\"async\" class=\"alignleft\" src=\"https:\/\/www.bjutip.com\/image\/cache\/catalog\/Perfumes\/Men\/614514331071_2-800x800.jpg\" width=\"637\" height=\"637\" \/> <\/span><\/p>\n<p><span dir=\"auto\">Sin embargo, Hawas Malibu lleva esa reputaci\u00f3n a un territorio mucho m\u00e1s indulgente y tropical. Cambia la t\u00edpica intensidad &#8220;azul&#8221; por una dulzura rica y soleada que se siente de alta gama y con una textura profunda. Esta es una fragancia para el hombre que busca una fragancia \u00fanica que se sienta vibrante, suntuosa y suave. Es el aroma de un club de playa privado: afrutado, cremoso e innegablemente refinado.<\/span><\/p>\n<p>&nbsp;<\/p>\n<h3>Notas Olfativas<\/h3>\n<p>&nbsp;<\/p>\n<p>Hawas Malibu Eau de Parfum es una fragancia masculina que combina frescura tropical, c\u00e1lidos tonos florales y ricos matices amaderados, ofreciendo un aroma audaz, sofisticado y moderno para el hombre contempor\u00e1neo.<\/p>\n<p><span dir=\"auto\">La fragancia <\/span><span dir=\"auto\">se abre<\/span><span dir=\"auto\"> con una vibrante y estimulante mezcla de <\/span><span dir=\"auto\">pi\u00f1a<\/span><span dir=\"auto\">,\u00a0<\/span><span dir=\"auto\">naranja<\/span><span dir=\"auto\">\u00a0y\u00a0<\/span><span dir=\"auto\">pomelo<\/span><span dir=\"auto\">, que ofrece una frescura tropical que revitaliza los sentidos. El <\/span><span dir=\"auto\">coraz\u00f3n <\/span><span dir=\"auto\">revela una c\u00e1lida y floral combinaci\u00f3n de <\/span><span dir=\"auto\">lirio<\/span><span dir=\"auto\">,\u00a0<\/span><span dir=\"auto\">\u00e1mbar<\/span><span dir=\"auto\">\u00a0y\u00a0<\/span><span dir=\"auto\">lavanda<\/span><span dir=\"auto\">, que aporta profundidad y elegancia. La\u00a0<\/span><span dir=\"auto\">base<\/span><span dir=\"auto\"> se despliega en una rica y masculina mezcla de\u00a0<\/span><span dir=\"auto\">haba tonka<\/span><span dir=\"auto\">,\u00a0<\/span><span dir=\"auto\">almizcle<\/span><span dir=\"auto\">,\u00a0<\/span><span dir=\"auto\">pachul\u00ed<\/span><span dir=\"auto\">\u00a0y\u00a0<\/span><span dir=\"auto\">cachemira<\/span><span dir=\"auto\">, dejando una estela duradera que equilibra frescura y sofisticaci\u00f3n.<\/span><\/p>\n<p><span dir=\"auto\">Perteneciente a la\u00a0<\/span><span dir=\"auto\">familia olfativa Arom\u00e1tica Frutal<\/span><span dir=\"auto\">, Hawas Malibu presenta acordes principales\u00a0<\/span><span dir=\"auto\">dulces, ambarados, polvorientos, afrutados, c\u00edtricos, iris, almizclados, vainilla, amaderados y arom\u00e1ticos<\/span><span dir=\"auto\">, lo que lo hace perfecto para usar durante el d\u00eda, para ocasiones nocturnas o para cualquier ocasi\u00f3n que desees causar una buena impresi\u00f3n. Su f\u00f3rmula duradera garantiza que la fragancia mantenga su presencia desde la ma\u00f1ana hasta la noche.<\/span><\/p>\n<ul>\n<li><b><span dir=\"auto\">Notas de salida:<\/span><\/b><span dir=\"auto\"> pi\u00f1a, naranja, pomelo.<\/span><\/li>\n<li><b><span dir=\"auto\">Notas de coraz\u00f3n:<\/span><\/b><span dir=\"auto\"> lirio, \u00e1mbar, lavanda.<\/span><\/li>\n<li><b><span dir=\"auto\">Notas de fondo:<\/span><\/b><span dir=\"auto\"> haba tonka, almizcle, pachul\u00ed, cachemira.<\/span><\/li>\n<\/ul>\n","protected":false},"excerpt":{"rendered":"<p>HAWAS MALIBU Descubre el car\u00e1cter vibrante y sofisticado de Hawas Malibu, un Eau de Parfum masculino,\u00a0dise\u00f1ado\u00a0para el hombre moderno que<\/p>\n","protected":false},"featured_media":99551,"comment_status":"open","ping_status":"closed","template":"","meta":{"nf_dc_page":""},"product_brand":[116],"product_cat":[84],"product_tag":[3007],"class_list":{"0":"post-99550","1":"product","2":"type-product","3":"status-publish","4":"has-post-thumbnail","6":"product_brand-rasasi","7":"product_cat-perfumeria","8":"product_tag-3007","10":"first","11":"outofstock","12":"shipping-taxable","13":"purchasable","14":"product-type-simple"},"_links":{"self":[{"href":"https:\/\/brandss.com.py\/index\/wp-json\/wp\/v2\/product\/99550","targetHints":{"allow":["GET"]}}],"collection":[{"href":"https:\/\/brandss.com.py\/index\/wp-json\/wp\/v2\/product"}],"about":[{"href":"https:\/\/brandss.com.py\/index\/wp-json\/wp\/v2\/types\/product"}],"replies":[{"embeddable":true,"href":"https:\/\/brandss.com.py\/index\/wp-json\/wp\/v2\/comments?post=99550"}],"version-history":[{"count":1,"href":"https:\/\/brandss.com.py\/index\/wp-json\/wp\/v2\/product\/99550\/revisions"}],"predecessor-version":[{"id":99556,"href":"https:\/\/brandss.com.py\/index\/wp-json\/wp\/v2\/product\/99550\/revisions\/99556"}],"wp:featuredmedia":[{"embeddable":true,"href":"https:\/\/brandss.com.py\/index\/wp-json\/wp\/v2\/media\/99551"}],"wp:attachment":[{"href":"https:\/\/brandss.com.py\/index\/wp-json\/wp\/v2\/media?parent=99550"}],"wp:term":[{"taxonomy":"product_brand","embeddable":true,"href":"https:\/\/brandss.com.py\/index\/wp-json\/wp\/v2\/product_brand?post=99550"},{"taxonomy":"product_cat","embeddable":true,"href":"https:\/\/brandss.com.py\/index\/wp-json\/wp\/v2\/product_cat?post=99550"},{"taxonomy":"product_tag","embeddable":true,"href":"https:\/\/brandss.com.py\/index\/wp-json\/wp\/v2\/product_tag?post=99550"}],"curies":[{"name":"wp","href":"https:\/\/api.w.org\/{rel}","templated":true}]}}