{"id":99557,"date":"2026-03-02T17:03:48","date_gmt":"2026-03-02T17:03:48","guid":{"rendered":"https:\/\/brandss.com.py\/index\/?post_type=product&#038;p=99557"},"modified":"2026-03-17T10:16:24","modified_gmt":"2026-03-17T10:16:24","slug":"perfume-masculino-rasasi-hawas-tropical-edp-100ml","status":"publish","type":"product","link":"https:\/\/brandss.com.py\/index\/producto\/perfume-masculino-rasasi-hawas-tropical-edp-100ml\/","title":{"rendered":"PERFUME MASCULINO RASASI HAWAS TROPICAL EDP 100ML"},"content":{"rendered":"<p><img loading=\"lazy\" decoding=\"async\" class=\"\" src=\"https:\/\/s3.ap-southeast-1.amazonaws.com\/cdn1.sgliteasset.com\/shamperf\/images\/brand\/brand-17237\/cached\/qT2xvYlA683ca8bf6a0f2_1748805823_420x420.jpg\" alt=\"Rasasi Perfumes \u2013 Dubai's Heritage Fragrance Brand | Sham Perfume Malaysia\" width=\"70\" height=\"55\" \/><\/p>\n<h1>HAWAS TROPICAL<\/h1>\n<p>Es una moderna fragancia arom\u00e1tica y verde, creada para el hombre audaz y en\u00e9rgico. Perfectamente adaptado al clima de sudam\u00e9rica, este aroma combina notas frescas, dulces y amaderadas para ofrecer una sensaci\u00f3n duradera, ideal tanto para el d\u00eda como para la noche.<img loading=\"lazy\" decoding=\"async\" class=\"alignright\" src=\"https:\/\/emiratesoud.co.uk\/cdn\/shop\/files\/Hawas-Tropical-Perfume-100ml-EDP-Rasasi-169990028.webp?v=1771115866&amp;width=600\" width=\"360\" height=\"191\" \/><\/p>\n<p>Hawas Tropical se convierte en la expresi\u00f3n de una masculinidad aventurera, fresca y audaz, inspirada en paisajes tropicales de fuerza y libertad. E<span dir=\"auto\">s una escapada olfativa, una sinfon\u00eda cuidadosamente compuesta, dise\u00f1ada para transportarte a un vibrante para\u00edso tropical.<\/span><\/p>\n<p><span dir=\"auto\">Muestra el estimulante esp\u00edritu de aventura, el dinamismo fresco y el atractivo sofisticado, preparado para dejar una impresi\u00f3n inolvidable en el competitivo panorama de los aromas.<\/span><\/p>\n<p><img loading=\"lazy\" decoding=\"async\" class=\"alignleft\" src=\"https:\/\/cdn.idealo.com\/folder\/Product\/207347\/5\/207347562\/s11_produktbild_max_7\/rasasi-hawas-tropical-eau-de-parfum-100ml.jpg\" width=\"563\" height=\"563\" \/><\/p>\n<h3>Notas Olfativas<\/h3>\n<p>&nbsp;<\/p>\n<p>Hawas Tropical es una fragancia de la familia olfativa Arom\u00e1tica Verde para Hombres. Esta fragancia es nueva, se lanz\u00f3 en 2025.<\/p>\n<p><span dir=\"auto\">Rasasi Hawas Tropical For Men se despliega con una intensidad atractiva, cada nota cuidadosamente organizada para crear una experiencia olfativa armoniosa y profundamente satisfactoria, mostrando perfectamente un esp\u00edritu brillante, vigorizante e irrestiblemente atractivo.<\/span><\/p>\n<p><span dir=\"auto\">En la salida los aromas se encienden con una explosi\u00f3n deslumbrante de hoja de higo, agua de coco fresca y jengibre vigorizante. La hoja de higo introduce un distintivo aroma verde, ligeramente amaderado y fresco. El agua de coco aporta una dulzura h\u00fameda y transl\u00facida, que evoca un pr\u00edstino ambiente tropical. El jengibre aporta un toque \u00e1cido, en\u00e9rgico y picante. Este tr\u00edo crea una impresi\u00f3n inmediata de frescura din\u00e1mica, limpia y radiante, creando un tono distintivamente tropical y estimulante.<\/span><\/p>\n<p><span dir=\"auto\">A medida que las vibrantes notas de salida se despliegan suavemente, emerge el coraz\u00f3n de Rasasi Hawas Tropical For Men, con un n\u00facleo brillante y atractivo. Coco cremoso y un toque suculento de higo crean un acorde gourmand delicioso, dulce y relajante.<\/span><\/p>\n<p><span dir=\"auto\">Esta riqueza tropical contrasta armoniosamente con la refrescante sensaci\u00f3n de menta, que aporta una frescura vigorizante y evita que el dulzor resulte empalagoso. Esta mezcla crea un coraz\u00f3n apacible y profundamente encantador.<\/span><\/p>\n<p><span dir=\"auto\">El fondo se asienta con gracia en una base suave, acogedora y sumamente sofisticada. Promete una longevidad excepcional y una estela memorable. El cremoso s\u00e1ndalo proporciona una profundidad suave y amaderada, mientras que el dulce haba tonka ofrece una c\u00e1lida riqueza avainillada. Finalmente, un almizcle limpio y acogedor proporciona un abrazo suave, sensual y envolvente. Garantiza un final natural, duradero e irresistiblemente calmante que irradia un encanto y un magnetismo duraderos.<\/span><\/p>\n<p><strong>Notas de salida:<\/strong> Agua de coco, jengibre, hojas de higuera.<\/p>\n<p><strong>Notas de coraz\u00f3n:<\/strong> coco, higo, menta.<\/p>\n<p><strong>Notas de fondo:<\/strong> s\u00e1ndalo, haba tonka, almizcle.<\/p>\n","protected":false},"excerpt":{"rendered":"<p>HAWAS TROPICAL Es una moderna fragancia arom\u00e1tica y verde, creada para el hombre audaz y en\u00e9rgico. Perfectamente adaptado al clima<\/p>\n","protected":false},"featured_media":99558,"comment_status":"open","ping_status":"closed","template":"","meta":{"nf_dc_page":""},"product_brand":[116],"product_cat":[84],"product_tag":[3008],"class_list":{"0":"post-99557","1":"product","2":"type-product","3":"status-publish","4":"has-post-thumbnail","6":"product_brand-rasasi","7":"product_cat-perfumeria","8":"product_tag-3008","10":"first","11":"outofstock","12":"shipping-taxable","13":"purchasable","14":"product-type-simple"},"_links":{"self":[{"href":"https:\/\/brandss.com.py\/index\/wp-json\/wp\/v2\/product\/99557","targetHints":{"allow":["GET"]}}],"collection":[{"href":"https:\/\/brandss.com.py\/index\/wp-json\/wp\/v2\/product"}],"about":[{"href":"https:\/\/brandss.com.py\/index\/wp-json\/wp\/v2\/types\/product"}],"replies":[{"embeddable":true,"href":"https:\/\/brandss.com.py\/index\/wp-json\/wp\/v2\/comments?post=99557"}],"version-history":[{"count":1,"href":"https:\/\/brandss.com.py\/index\/wp-json\/wp\/v2\/product\/99557\/revisions"}],"predecessor-version":[{"id":99564,"href":"https:\/\/brandss.com.py\/index\/wp-json\/wp\/v2\/product\/99557\/revisions\/99564"}],"wp:featuredmedia":[{"embeddable":true,"href":"https:\/\/brandss.com.py\/index\/wp-json\/wp\/v2\/media\/99558"}],"wp:attachment":[{"href":"https:\/\/brandss.com.py\/index\/wp-json\/wp\/v2\/media?parent=99557"}],"wp:term":[{"taxonomy":"product_brand","embeddable":true,"href":"https:\/\/brandss.com.py\/index\/wp-json\/wp\/v2\/product_brand?post=99557"},{"taxonomy":"product_cat","embeddable":true,"href":"https:\/\/brandss.com.py\/index\/wp-json\/wp\/v2\/product_cat?post=99557"},{"taxonomy":"product_tag","embeddable":true,"href":"https:\/\/brandss.com.py\/index\/wp-json\/wp\/v2\/product_tag?post=99557"}],"curies":[{"name":"wp","href":"https:\/\/api.w.org\/{rel}","templated":true}]}}