{"id":99565,"date":"2026-03-02T17:28:29","date_gmt":"2026-03-02T17:28:29","guid":{"rendered":"https:\/\/brandss.com.py\/index\/?post_type=product&#038;p=99565"},"modified":"2026-03-02T17:28:49","modified_gmt":"2026-03-02T17:28:49","slug":"perfume-femenino-rasasi-hawas-eclat-edp-100ml","status":"publish","type":"product","link":"https:\/\/brandss.com.py\/index\/producto\/perfume-femenino-rasasi-hawas-eclat-edp-100ml\/","title":{"rendered":"PERFUME FEMENINO RASASI HAWAS \u00c9CLAT EDP 100ML"},"content":{"rendered":"<p><img loading=\"lazy\" decoding=\"async\" class=\"\" src=\"https:\/\/s3.ap-southeast-1.amazonaws.com\/cdn1.sgliteasset.com\/shamperf\/images\/brand\/brand-17237\/cached\/qT2xvYlA683ca8bf6a0f2_1748805823_420x420.jpg\" alt=\"Rasasi Perfumes \u2013 Dubai's Heritage Fragrance Brand | Sham Perfume Malaysia\" width=\"93\" height=\"73\" \/><\/p>\n<h1>HAWAS \u00c9CLAT<\/h1>\n<p><span dir=\"auto\">Es una fragancia luminosa y refinada creada <\/span><span dir=\"auto\">para la\u00a0<\/span><span dir=\"auto\">mujer<\/span><span dir=\"auto\"> moderna y segura de s\u00ed misma. Como una brillante alternativa al Hawas original, combina una vibrante intensidad afrutada, elegancia floral y c\u00e1lida sensualidad en una fragancia que irradia sofisticaci\u00f3n.<img loading=\"lazy\" decoding=\"async\" class=\"alignright\" src=\"https:\/\/emiratesoud.co.uk\/cdn\/shop\/files\/Hawas-Eclat-Perfume-100ml-EDP-Rasasi-169882462.jpg?v=1750808742&amp;width=600\" width=\"450\" height=\"247\" \/> <\/span><\/p>\n<p><span dir=\"auto\">Con una longevidad impresionante y una estela elegante, Hawas Eclat brilla especialmente por la noche o en ocasiones especiales. Es una fragancia equilibrada, donde la dulzura se fusiona con un sutil toque ahumado, y la elegancia se fusiona con la accesibilidad. Dise\u00f1ada para momentos en los que buscas sentirte radiante, cautivadora y femenina sin esfuerzo, es a la vez una declaraci\u00f3n de intenciones y un sello distintivo.<\/span><\/p>\n<p><span dir=\"auto\">Hawas For Her Eclat<\/span><span dir=\"auto\">\u00a0es un perfume floral glorioso que evoca el atractivo y la belleza de la mujer contempor\u00e1nea. Creado para quienes buscan la dulzura, la calidez y la sensualidad perfectas, este Eau de Parfum es una aut\u00e9ntica manifestaci\u00f3n de feminidad.<\/span><\/p>\n<p><img loading=\"lazy\" decoding=\"async\" class=\"alignleft\" src=\"https:\/\/emiratesoud.co.uk\/cdn\/shop\/files\/Hawas-Eclat-Perfume-100ml-EDP-Rasasi-169882148.jpg?v=1750808642&amp;width=600\" width=\"438\" height=\"548\" \/><\/p>\n<h3>Notas Olfativas<\/h3>\n<p>&nbsp;<\/p>\n<p>D\u00e9jate seducir por el cautivador encanto de Hawas Eclat, una fragancia lanzada en 2025. Esta exquisita fragancia dise\u00f1ada espec\u00edficamente para mujeres, Hawas Eclat celebra la sofisticaci\u00f3n moderna combinada con un encanto atemporal.<\/p>\n<p>Este elegante eau de parfum se abre con una impresionante mezcla de bergamota, jugoso lichi, suave pera y cremoso pistacho, creando el ambiente perfecto para una experiencia radiante y lujosa.<\/p>\n<p>A medida que la fragancia se despliega, delicadas notas de rosa se funden con sutiles toques de incienso, creando un coraz\u00f3n c\u00e1lido, rom\u00e1ntico y cautivador.<\/p>\n<p>La base ofrece un final suave con \u00e1mbar, almizcle, vainilla y ricas notas amaderadas, dejando una estela c\u00f3moda y cautivadora.<\/p>\n<ul>\n<li><strong><span dir=\"auto\">Notas de salida:<\/span><\/strong><span dir=\"auto\">\u00a0Lichi, bergamota, pera, pistacho.<\/span><\/li>\n<li><strong><span dir=\"auto\">Notas de coraz\u00f3n:<\/span><\/strong><span dir=\"auto\"> rosa, incienso.<\/span><\/li>\n<li><strong><span dir=\"auto\">Notas de fondo:<\/span><\/strong><span dir=\"auto\">\u00a0vainilla, \u00e1mbar, almizcle, notas amaderadas.<\/span><\/li>\n<\/ul>\n","protected":false},"excerpt":{"rendered":"<p>HAWAS \u00c9CLAT Es una fragancia luminosa y refinada creada para la\u00a0mujer moderna y segura de s\u00ed misma. Como una brillante<\/p>\n","protected":false},"featured_media":99566,"comment_status":"open","ping_status":"closed","template":"","meta":{"nf_dc_page":""},"product_brand":[116],"product_cat":[84],"product_tag":[3009],"class_list":{"0":"post-99565","1":"product","2":"type-product","3":"status-publish","4":"has-post-thumbnail","6":"product_brand-rasasi","7":"product_cat-perfumeria","8":"product_tag-3009","10":"first","11":"instock","12":"shipping-taxable","13":"purchasable","14":"product-type-simple"},"_links":{"self":[{"href":"https:\/\/brandss.com.py\/index\/wp-json\/wp\/v2\/product\/99565","targetHints":{"allow":["GET"]}}],"collection":[{"href":"https:\/\/brandss.com.py\/index\/wp-json\/wp\/v2\/product"}],"about":[{"href":"https:\/\/brandss.com.py\/index\/wp-json\/wp\/v2\/types\/product"}],"replies":[{"embeddable":true,"href":"https:\/\/brandss.com.py\/index\/wp-json\/wp\/v2\/comments?post=99565"}],"version-history":[{"count":1,"href":"https:\/\/brandss.com.py\/index\/wp-json\/wp\/v2\/product\/99565\/revisions"}],"predecessor-version":[{"id":99572,"href":"https:\/\/brandss.com.py\/index\/wp-json\/wp\/v2\/product\/99565\/revisions\/99572"}],"wp:featuredmedia":[{"embeddable":true,"href":"https:\/\/brandss.com.py\/index\/wp-json\/wp\/v2\/media\/99566"}],"wp:attachment":[{"href":"https:\/\/brandss.com.py\/index\/wp-json\/wp\/v2\/media?parent=99565"}],"wp:term":[{"taxonomy":"product_brand","embeddable":true,"href":"https:\/\/brandss.com.py\/index\/wp-json\/wp\/v2\/product_brand?post=99565"},{"taxonomy":"product_cat","embeddable":true,"href":"https:\/\/brandss.com.py\/index\/wp-json\/wp\/v2\/product_cat?post=99565"},{"taxonomy":"product_tag","embeddable":true,"href":"https:\/\/brandss.com.py\/index\/wp-json\/wp\/v2\/product_tag?post=99565"}],"curies":[{"name":"wp","href":"https:\/\/api.w.org\/{rel}","templated":true}]}}