{"id":99573,"date":"2026-03-02T18:07:32","date_gmt":"2026-03-02T18:07:32","guid":{"rendered":"https:\/\/brandss.com.py\/index\/?post_type=product&#038;p=99573"},"modified":"2026-04-16T12:29:47","modified_gmt":"2026-04-16T12:29:47","slug":"perfume-femenino-lattafa-layaan-edp-75ml","status":"publish","type":"product","link":"https:\/\/brandss.com.py\/index\/producto\/perfume-femenino-lattafa-layaan-edp-75ml\/","title":{"rendered":"PERFUME FEMENINO LATTAFA LAYAAN EDP 75ML"},"content":{"rendered":"<p><img loading=\"lazy\" decoding=\"async\" class=\"\" src=\"https:\/\/myscentjourney.s3.us-east-2.amazonaws.com\/2022\/02\/14\/29KIascent_j_marca_1644871114_202.png\" alt=\"MSJ::LATTAFA\" width=\"66\" height=\"78\" \/><\/p>\n<h1>LAYAAN<\/h1>\n<p>Sum\u00e9rgete en un mundo de elegancia con Layaan, una fragancia creada para mujeres que encarnan la gracia y la fuerza interior. Sue\u00f1a por unos instantes e imag\u00ednate que paseas por una pradera florida mientras disfrutas del aire fresco y el aroma de las flores. Esta escena es la que evoca el eau de parfum para mujer Lattafa Layaan. Adem\u00e1s de por su composici\u00f3n arom\u00e1tica armoniosa, que a\u00fana acordes de flores, frutas, madera y almizcle, te cautivar\u00e1 tambi\u00e9n por el dise\u00f1o rom\u00e1ntico del frasco. Su elemento dominante es el tap\u00f3n en forma de rosa.<\/p>\n<p><img decoding=\"async\" class=\"alignleft\" src=\"https:\/\/arabicparfums.com\/cdn\/shop\/files\/perfume-con-notas-de-pera-verde-mandarina-gardenia-jazm-n-lirio-de-los-valles-almizcle-y-cedro_grande.png?v=1767180787\" \/><\/p>\n<h3>Notas Olfativas<\/h3>\n<p>&nbsp;<\/p>\n<p data-end=\"738\" data-start=\"344\"><span dir=\"auto\"><span class=\"\" dir=\"auto\">Layaan revela una esencia delicada y luminosa, dise\u00f1ada para mujeres que aman brillar con delicadeza. Desde el primer segundo, la fragancia se abre con una explosi\u00f3n afrutada de <\/span><\/span><span dir=\"auto\"><span class=\"\" dir=\"auto\">pera jugosa<\/span><\/span><span dir=\"auto\"><span class=\"\" dir=\"auto\">\u00a0y\u00a0<\/span><\/span><span dir=\"auto\"><span class=\"\" dir=\"auto\">mandarina chispeante<\/span><\/span><span dir=\"auto\"><span class=\"\" dir=\"auto\">. As\u00ed, la fragancia revela inmediatamente un car\u00e1cter gourmand y alegre, perfecto para crear una sutil sensaci\u00f3n de frescura.<\/span><\/span><\/p>\n<p data-end=\"1129\" data-start=\"740\"><span dir=\"auto\">Luego, en el centro, cobra forma el ramo floral. La\u00a0<\/span><span dir=\"auto\">cremosa gardenia<\/span><span dir=\"auto\">, el\u00a0<\/span><span dir=\"auto\">embriagador jazm\u00edn<\/span><span dir=\"auto\">\u00a0y el\u00a0<\/span><span dir=\"auto\">et\u00e9reo lirio de los valles<\/span><span dir=\"auto\">\u00a0se entrelazan armoniosamente, creando una imagen femenina, elegante y extraordinariamente refinada. Gracias a esta combinaci\u00f3n, Layaan se convierte r\u00e1pidamente en una fragancia rom\u00e1ntica y cautivadora, ideal para quienes buscan un aroma suave pero a la vez extraordinario.<\/span><\/p>\n<p data-end=\"1527\" data-start=\"1131\"><span dir=\"auto\"><span class=\"\" dir=\"auto\">Finalmente, las\u00a0<\/span><\/span><span dir=\"auto\"><span class=\"\" dir=\"auto\">notas de cedro<\/span><\/span><span dir=\"auto\"><span class=\"\" dir=\"auto\">\u00a0y de\u00a0<\/span><\/span><span dir=\"auto\"><span class=\"\" dir=\"auto\">m\u00fasculo<\/span><\/span><span dir=\"auto\"><span class=\"\" dir=\"auto\">\u00a0se asientan delicadamente en el fondo. Proporcionan una base limpia, amaderada y sensual, garantizando una sensaci\u00f3n suave y muy agradable durante todo el d\u00eda. Como resultado, Layaan se revela como una fragancia fresca y vers\u00e1til, ideal tanto para d\u00edas soleados como para momentos en los que deseas sentirte ligera e irresistible.<\/span><\/span><\/p>\n<h4 data-end=\"1679\" data-start=\"1653\"><\/h4>\n<p data-end=\"1808\" data-start=\"1681\"><strong data-end=\"1700\" data-start=\"1681\"><span dir=\"auto\">Notas de salida:<\/span><\/strong><span dir=\"auto\"> pera, mandarina.<\/span><br data-end=\"1720\" data-start=\"1717\" \/><strong data-end=\"1739\" data-start=\"1720\"><span dir=\"auto\">Notas de coraz\u00f3n:<\/span><\/strong><span dir=\"auto\"> gardenia, jazm\u00edn, lirio de los valles.<\/span><br data-end=\"1767\" data-start=\"1764\" \/><strong data-end=\"1786\" data-start=\"1767\"><span dir=\"auto\">Notas de fondo:<\/span><\/strong><span dir=\"auto\"> madera de cedro, almizcle.<\/span><\/p>\n","protected":false},"excerpt":{"rendered":"<p>LAYAAN Sum\u00e9rgete en un mundo de elegancia con Layaan, una fragancia creada para mujeres que encarnan la gracia y la<\/p>\n","protected":false},"featured_media":99574,"comment_status":"open","ping_status":"closed","template":"","meta":{"nf_dc_page":""},"product_brand":[109],"product_cat":[84],"product_tag":[3010],"class_list":{"0":"post-99573","1":"product","2":"type-product","3":"status-publish","4":"has-post-thumbnail","6":"product_brand-lattafa","7":"product_cat-perfumeria","8":"product_tag-3010","10":"first","11":"instock","12":"shipping-taxable","13":"purchasable","14":"product-type-simple"},"_links":{"self":[{"href":"https:\/\/brandss.com.py\/index\/wp-json\/wp\/v2\/product\/99573","targetHints":{"allow":["GET"]}}],"collection":[{"href":"https:\/\/brandss.com.py\/index\/wp-json\/wp\/v2\/product"}],"about":[{"href":"https:\/\/brandss.com.py\/index\/wp-json\/wp\/v2\/types\/product"}],"replies":[{"embeddable":true,"href":"https:\/\/brandss.com.py\/index\/wp-json\/wp\/v2\/comments?post=99573"}],"version-history":[{"count":1,"href":"https:\/\/brandss.com.py\/index\/wp-json\/wp\/v2\/product\/99573\/revisions"}],"predecessor-version":[{"id":99580,"href":"https:\/\/brandss.com.py\/index\/wp-json\/wp\/v2\/product\/99573\/revisions\/99580"}],"wp:featuredmedia":[{"embeddable":true,"href":"https:\/\/brandss.com.py\/index\/wp-json\/wp\/v2\/media\/99574"}],"wp:attachment":[{"href":"https:\/\/brandss.com.py\/index\/wp-json\/wp\/v2\/media?parent=99573"}],"wp:term":[{"taxonomy":"product_brand","embeddable":true,"href":"https:\/\/brandss.com.py\/index\/wp-json\/wp\/v2\/product_brand?post=99573"},{"taxonomy":"product_cat","embeddable":true,"href":"https:\/\/brandss.com.py\/index\/wp-json\/wp\/v2\/product_cat?post=99573"},{"taxonomy":"product_tag","embeddable":true,"href":"https:\/\/brandss.com.py\/index\/wp-json\/wp\/v2\/product_tag?post=99573"}],"curies":[{"name":"wp","href":"https:\/\/api.w.org\/{rel}","templated":true}]}}