{"id":99581,"date":"2026-03-02T18:53:50","date_gmt":"2026-03-02T18:53:50","guid":{"rendered":"https:\/\/brandss.com.py\/index\/?post_type=product&#038;p=99581"},"modified":"2026-03-02T18:54:22","modified_gmt":"2026-03-02T18:54:22","slug":"perfume-masculino-armaf-the-lions-club-monarque-edp-100ml","status":"publish","type":"product","link":"https:\/\/brandss.com.py\/index\/producto\/perfume-masculino-armaf-the-lions-club-monarque-edp-100ml\/","title":{"rendered":"PERFUME MASCULINO ARMAF THE LION&#8217;S CLUB MONARQUE EDP 100ML"},"content":{"rendered":"<p><img loading=\"lazy\" decoding=\"async\" class=\"\" src=\"https:\/\/odora.bg\/wp-content\/uploads\/2025\/08\/ZXVZX.png\" alt=\"Armaf - ODORA\" width=\"79\" height=\"79\" \/><\/p>\n<h1>THE LION&#8217;S CLUB MONARQUE<\/h1>\n<p>Es una fragancia magistralmente mezclada, dise\u00f1ada para quienes buscan fuerza, confianza y sofisticaci\u00f3n. Este Eau de Parfum captura un equilibrio irresistible de calidez especiada, dulzura gourmand y sensualidad amaderada, convirti\u00e9ndolo en una fragancia potente y de gran impacto para cualquier ocasi\u00f3n.<\/p>\n<p>El Club de Leones Monarque es m\u00e1s que una simple fragancia: es una firma olfativa para el l\u00edder moderno que aprecia la audacia y la elegancia. Ya sea para usar durante el d\u00eda o para la noche, esta fragancia deja una impresi\u00f3n duradera de fuerza y \u200b\u200bsofisticaci\u00f3n.<\/p>\n<p><img decoding=\"async\" class=\"alignleft\" src=\"https:\/\/http2.mlstatic.com\/D_NQ_NP_770916-MLV85352489789_052025-O.webp\" \/><\/p>\n<h3>Notas Olfativas<\/h3>\n<p>&nbsp;<\/p>\n<p>The Lions Club Monarque encarna el coraje en una exquisita interpretaci\u00f3n oriental-foug\u00e8re. Esta fragancia est\u00e1 dise\u00f1ada para un hombre con fortaleza interior, carisma y la capacidad de dejar una impresi\u00f3n duradera. Su composici\u00f3n es un juego de contrastes: fresca y especiada, dulce y amaderada, cl\u00e1sica y moderna. El perfume emana un aura convincente y noble desde la primera inhalaci\u00f3n, haci\u00e9ndolo ideal tanto para momentos de celebraci\u00f3n como para una presencia segura en el d\u00eda a d\u00eda.<\/p>\n<p>La salida\u00a0cautivan con su luminosidad: el azahar aporta un amargor c\u00edtrico con un toque de elegancia floral blanca, mientras que la bergamota ofrece frescura y ligereza. El cardamomo introduce tonos c\u00e1lidos y ligeramente ex\u00f3ticos que se profundizan en el deleite especiado de la canela, s\u00edmbolo de fervor y pasi\u00f3n interior.<\/p>\n<p>En el coraz\u00f3n de la fragancia se encuentra la vainilla, dulce y cremosa, que suaviza y armoniza la especia de las notas de salida. El elemi, una especia resinosa y penetrante, a\u00f1ade una profundidad &#8220;corporal&#8221; que enriquece y multifaceta la composici\u00f3n.<\/p>\n<p>La base de la fragancia es una verdadera obra maestra de riqueza y longevidad. El ambrox\u00e1n crea un aura envolvente, ligeramente \u00e1mbar, que recuerda a la piel c\u00e1lida. Las habas tonka aportan un matiz de almendra agridulce al rastro, la madera de guayaco ofrece una resistencia amaderada y ahumada, la almendra a\u00f1ade una suave amargura, el almizcle proporciona un toque corporal, y el pralin\u00e9 contribuye con un lujo gourmet. Juntos, forman un final sensual, persistente y noble.<\/p>\n<ul>\n<li><span dir=\"auto\"><strong>Nota de salida:<\/strong> bergamota, canela, cardamomo, flor de azahar.<\/span><\/li>\n<li><span dir=\"auto\"><strong>Nota de coraz\u00f3n:<\/strong> vainilla, elem\u00ed<\/span><\/li>\n<li><span dir=\"auto\"><strong>Nota de fondo:<\/strong> pralin\u00e9, almizcle, ambroxan, madera de guayaco, tonka, almendra confitada.<\/span><\/li>\n<\/ul>\n","protected":false},"excerpt":{"rendered":"<p>THE LION&#8217;S CLUB MONARQUE Es una fragancia magistralmente mezclada, dise\u00f1ada para quienes buscan fuerza, confianza y sofisticaci\u00f3n. Este Eau de<\/p>\n","protected":false},"featured_media":99582,"comment_status":"open","ping_status":"closed","template":"","meta":{"nf_dc_page":""},"product_brand":[106],"product_cat":[84],"product_tag":[3011],"class_list":{"0":"post-99581","1":"product","2":"type-product","3":"status-publish","4":"has-post-thumbnail","6":"product_brand-armaf","7":"product_cat-perfumeria","8":"product_tag-3011","10":"first","11":"instock","12":"shipping-taxable","13":"purchasable","14":"product-type-simple"},"_links":{"self":[{"href":"https:\/\/brandss.com.py\/index\/wp-json\/wp\/v2\/product\/99581","targetHints":{"allow":["GET"]}}],"collection":[{"href":"https:\/\/brandss.com.py\/index\/wp-json\/wp\/v2\/product"}],"about":[{"href":"https:\/\/brandss.com.py\/index\/wp-json\/wp\/v2\/types\/product"}],"replies":[{"embeddable":true,"href":"https:\/\/brandss.com.py\/index\/wp-json\/wp\/v2\/comments?post=99581"}],"version-history":[{"count":1,"href":"https:\/\/brandss.com.py\/index\/wp-json\/wp\/v2\/product\/99581\/revisions"}],"predecessor-version":[{"id":99586,"href":"https:\/\/brandss.com.py\/index\/wp-json\/wp\/v2\/product\/99581\/revisions\/99586"}],"wp:featuredmedia":[{"embeddable":true,"href":"https:\/\/brandss.com.py\/index\/wp-json\/wp\/v2\/media\/99582"}],"wp:attachment":[{"href":"https:\/\/brandss.com.py\/index\/wp-json\/wp\/v2\/media?parent=99581"}],"wp:term":[{"taxonomy":"product_brand","embeddable":true,"href":"https:\/\/brandss.com.py\/index\/wp-json\/wp\/v2\/product_brand?post=99581"},{"taxonomy":"product_cat","embeddable":true,"href":"https:\/\/brandss.com.py\/index\/wp-json\/wp\/v2\/product_cat?post=99581"},{"taxonomy":"product_tag","embeddable":true,"href":"https:\/\/brandss.com.py\/index\/wp-json\/wp\/v2\/product_tag?post=99581"}],"curies":[{"name":"wp","href":"https:\/\/api.w.org\/{rel}","templated":true}]}}