{"id":99605,"date":"2026-03-03T12:15:50","date_gmt":"2026-03-03T12:15:50","guid":{"rendered":"https:\/\/brandss.com.py\/index\/?post_type=product&#038;p=99605"},"modified":"2026-03-03T12:18:42","modified_gmt":"2026-03-03T12:18:42","slug":"perfume-unisex-armaf-dubai-nights-umbra-edp-100ml","status":"publish","type":"product","link":"https:\/\/brandss.com.py\/index\/producto\/perfume-unisex-armaf-dubai-nights-umbra-edp-100ml\/","title":{"rendered":"PERFUME UNISEX ARMAF DUBAI NIGHTS UMBRA EDP 100ML"},"content":{"rendered":"<p><img loading=\"lazy\" decoding=\"async\" class=\"\" src=\"https:\/\/odora.bg\/wp-content\/uploads\/2025\/08\/ZXVZX.png\" alt=\"Armaf - ODORA\" width=\"84\" height=\"84\" \/><\/p>\n<h1>DUBAI NIGHTS UMBRA<\/h1>\n<p>Descubre una fragancia absolutamente excepcional que, al mismo tiempo, resalta a la perfecci\u00f3n la personalidad de quien la lleva. El eau de parfum unisex Dubai Nights Umbra es la fragancia ideal para destacar tu originalidad. Es una fragancia vers\u00e1til, elegante y pensada para quienes buscan un aroma limpio con personalidad.<img loading=\"lazy\" decoding=\"async\" class=\"alignleft\" src=\"https:\/\/www.bjutip.com\/image\/cache\/catalog\/Perfumes\/Unisex\/6294015196443_6-800x800.jpg\" width=\"585\" height=\"585\" \/><\/p>\n<p>Su combinaci\u00f3n de notas acu\u00e1ticas, c\u00edtricas y amaderadas la convierte en una excelente opci\u00f3n para el d\u00eda a d\u00eda, escapadas urbanas o momentos en los que se desea una presencia discreta pero sofisticada. Dubai Nights Umbra destaca por su equilibrio entre ligereza y solidez, ofreciendo una frescura estructurada que funciona tanto en climas c\u00e1lidos como en ambientes m\u00e1s templados.<\/p>\n<p>&nbsp;<\/p>\n<h3>Notas Olfativas<\/h3>\n<p>&nbsp;<\/p>\n<p>La fragancia rica pero equilibrada de Dubai Nights Umbra es una excelente opci\u00f3n tanto para mujeres como para hombres que disfrutan dejando un toque de misterio a su paso. Su atractivo reside en su m\u00edstica y enigma, cautivando desde el primer momento. Al aplicarla, te recibe con las vibrantes notas c\u00edtricas de pomelo y yuzu, acentuadas por pimienta rosa, adornadas con destellos de menta y jengibre. Con el tiempo, estas evolucionan hacia un coraz\u00f3n fresco de agua de mar y hojas de violeta, ofreciendo un agradable toque empolvado. Las notas de fondo presentan madera de guayaco y cedro, realzadas por \u00e1mbar gris, que no solo intensifican la riqueza sino tambi\u00e9n la duraci\u00f3n de la composici\u00f3n. Esta fragancia se disfruta mejor en climas c\u00e1lidos, sin importar la hora del d\u00eda o la ocasi\u00f3n. Duradera e intrigante, r\u00e1pidamente se convertir\u00e1 en una favorita y ganar\u00e1 su lugar en tu colecci\u00f3n. Las notas de salida revelan una intrigante mezcla de pomelo y yuzu con sutiles toques de menta. Estas se complementan con pimienta rosa, que gana riqueza adicional con un toque de jengibre. El coraz\u00f3n consisten en agua de mar y hojas de violeta. Este d\u00fao acu\u00e1tico-empolvado est\u00e1 particularmente bien equilibrado y es incre\u00edblemente agradable. El fondo cautivan con la profundidad de la madera de guayaco. Tambi\u00e9n se puede discernir el \u00e1mbar gris, adornado con una suave nota de cedro, que es realmente intrigante.<\/p>\n<ul>\n<li data-end=\"1612\" data-start=\"1408\"><strong>Notas de salida:<\/strong> pomelo, jengibre, pimienta rosa, menta, yuzu.<\/li>\n<li data-end=\"1612\" data-start=\"1408\"><strong>Notas de coraz\u00f3n:<\/strong> hojas de violeta, notas acu\u00e1ticas.<\/li>\n<li data-end=\"1612\" data-start=\"1408\"><strong>Notas de fondo:<\/strong> madera de guayaco, cedro, \u00e1mbar gris.<\/li>\n<\/ul>\n","protected":false},"excerpt":{"rendered":"<p>DUBAI NIGHTS UMBRA Descubre una fragancia absolutamente excepcional que, al mismo tiempo, resalta a la perfecci\u00f3n la personalidad de quien<\/p>\n","protected":false},"featured_media":99606,"comment_status":"open","ping_status":"closed","template":"","meta":{"nf_dc_page":""},"product_brand":[106],"product_cat":[84],"product_tag":[1545],"class_list":{"0":"post-99605","1":"product","2":"type-product","3":"status-publish","4":"has-post-thumbnail","6":"product_brand-armaf","7":"product_cat-perfumeria","8":"product_tag-1545","10":"first","11":"instock","12":"shipping-taxable","13":"purchasable","14":"product-type-simple"},"_links":{"self":[{"href":"https:\/\/brandss.com.py\/index\/wp-json\/wp\/v2\/product\/99605","targetHints":{"allow":["GET"]}}],"collection":[{"href":"https:\/\/brandss.com.py\/index\/wp-json\/wp\/v2\/product"}],"about":[{"href":"https:\/\/brandss.com.py\/index\/wp-json\/wp\/v2\/types\/product"}],"replies":[{"embeddable":true,"href":"https:\/\/brandss.com.py\/index\/wp-json\/wp\/v2\/comments?post=99605"}],"version-history":[{"count":1,"href":"https:\/\/brandss.com.py\/index\/wp-json\/wp\/v2\/product\/99605\/revisions"}],"predecessor-version":[{"id":99612,"href":"https:\/\/brandss.com.py\/index\/wp-json\/wp\/v2\/product\/99605\/revisions\/99612"}],"wp:featuredmedia":[{"embeddable":true,"href":"https:\/\/brandss.com.py\/index\/wp-json\/wp\/v2\/media\/99606"}],"wp:attachment":[{"href":"https:\/\/brandss.com.py\/index\/wp-json\/wp\/v2\/media?parent=99605"}],"wp:term":[{"taxonomy":"product_brand","embeddable":true,"href":"https:\/\/brandss.com.py\/index\/wp-json\/wp\/v2\/product_brand?post=99605"},{"taxonomy":"product_cat","embeddable":true,"href":"https:\/\/brandss.com.py\/index\/wp-json\/wp\/v2\/product_cat?post=99605"},{"taxonomy":"product_tag","embeddable":true,"href":"https:\/\/brandss.com.py\/index\/wp-json\/wp\/v2\/product_tag?post=99605"}],"curies":[{"name":"wp","href":"https:\/\/api.w.org\/{rel}","templated":true}]}}