{"id":99613,"date":"2026-03-03T14:22:24","date_gmt":"2026-03-03T14:22:24","guid":{"rendered":"https:\/\/brandss.com.py\/index\/?post_type=product&#038;p=99613"},"modified":"2026-04-22T17:12:14","modified_gmt":"2026-04-22T17:12:14","slug":"perfume-masculino-armaf-club-de-nuit-intense-man-limited-edition-parfum-105ml","status":"publish","type":"product","link":"https:\/\/brandss.com.py\/index\/producto\/perfume-masculino-armaf-club-de-nuit-intense-man-limited-edition-parfum-105ml\/","title":{"rendered":"PERFUME MASCULINO ARMAF CLUB DE NUIT INTENSE MAN LIMITED EDITION PARFUM 105ML"},"content":{"rendered":"<p><img loading=\"lazy\" decoding=\"async\" class=\"\" src=\"https:\/\/odora.bg\/wp-content\/uploads\/2025\/08\/ZXVZX.png\" alt=\"Armaf - ODORA\" width=\"93\" height=\"93\" \/><\/p>\n<h1>CLUB DE NUIT INTENSE MAN LIMITED EDITION<\/h1>\n<p>Presentamos el perfume Club De Nuit Intense de Edici\u00f3n Limitada para hombre, un lanzamiento de 2024 que promete revolucionar el mundo de las fragancias. Este frasco de 105 ml contiene un aroma chipre afrutado, sofisticado y estimulante, perfecto para cualquier ocasi\u00f3n.<\/p>\n<p>Creado por la reconocida casa de dise\u00f1o Armaf, el perfume Club De Nuit Intense Edici\u00f3n Limitada no es solo un aroma; es una experiencia. Perfecta para el hombre moderno, esta fragancia es un testimonio de estilo y sofisticaci\u00f3n.<\/p>\n<div class=\"productFullDetail-speciInfobar-2zs\"><\/div>\n<div class=\"productFullDetail-speciInfobar-2zs\">\n<div class=\"productFullDetail-informationContent-AgS\">\n<div class=\"richContent-root-CMO\"><img decoding=\"async\" class=\"alignleft\" src=\"https:\/\/cdn.vuahanghieu.com\/unsafe\/0x0\/left\/top\/smart\/filters:quality(90)\/https:\/\/admin.vuahanghieu.com\/upload\/news\/content\/2024\/11\/nuoc-hoa-nam-armaf-club-de-nuit-intense-man-limited-edition-parfum-105ml-5-jpg-1731914689-18112024142449.jpg\" alt=\"ARMAF CLUB DE NUIT INTENSE MAN PARFUM LIMITED EDITION A COLLECTION'S PRIDE FOR MEN 105ML \u2013 Nacosnepal\" \/><\/div>\n<\/div>\n<\/div>\n<h3>Notas Olfativas<\/h3>\n<p>&nbsp;<\/p>\n<p><span dir=\"auto\">Las notas de salida de este lujoso perfume presentan una vibrante mezcla de bergamota, lim\u00f3n, pimienta negra, pi\u00f1a, lima y pimienta rosa. <\/span><\/p>\n<p><span dir=\"auto\">Esta c\u00edtrica salida cautivar\u00e1 tus sentidos y dejar\u00e1 una huella imborrable. <\/span><span dir=\"auto\">A medida que el aroma evoluciona, las notas de coraz\u00f3n revelan un bouquet floral de lirio de los valles, jazm\u00edn, fresia y rosa. Estas armoniosas notas medias a\u00f1aden un toque de elegancia y refinamiento a la fragancia, haci\u00e9ndola verdaderamente inolvidable. <\/span><\/p>\n<p><span dir=\"auto\">Las notas de fondo son donde esta fragancia realmente destaca. Ambroxan, almizcle blanco, \u00e1mbar gris, cedro, pachul\u00ed y cuero se unen para crear un final rico, c\u00e1lido y sensual que perdura en la piel, dejando una estela de misterio y seducci\u00f3n.<\/span><\/p>\n<div class=\"productFullDetail-speciInfobar-2zs\">\n<div class=\"productFullDetail-informationTitle-9ri\"><span dir=\"auto\"><strong>Nota de salida:<\/strong> l<\/span>im\u00f3n, pi\u00f1a, lima, pimienta negra, bergamota, pimienta rosa.<\/div>\n<\/div>\n<div class=\"productFullDetail-speciInfobar-2zs\">\n<div class=\"productFullDetail-informationTitle-9ri\"><strong><span dir=\"auto\">Nota de coraz\u00f3n: <\/span><\/strong>jazm\u00edn, rosa, lirio de los valles, fresia.<\/div>\n<\/div>\n<div class=\"productFullDetail-speciInfobar-2zs\">\n<div class=\"productFullDetail-informationTitle-9ri\"><strong><span dir=\"auto\">Nota de fondo: <\/span><\/strong>almizcle blanco, ambroxan, \u00e1mbar gris, cedro, cuero, pachul\u00ed.<\/div>\n<\/div>\n<p>&nbsp;<\/p>\n","protected":false},"excerpt":{"rendered":"<p>CLUB DE NUIT INTENSE MAN LIMITED EDITION Presentamos el perfume Club De Nuit Intense de Edici\u00f3n Limitada para hombre, un<\/p>\n","protected":false},"featured_media":99614,"comment_status":"open","ping_status":"closed","template":"","meta":{"nf_dc_page":""},"product_brand":[106],"product_cat":[84],"product_tag":[3014],"class_list":{"0":"post-99613","1":"product","2":"type-product","3":"status-publish","4":"has-post-thumbnail","6":"product_brand-armaf","7":"product_cat-perfumeria","8":"product_tag-3014","10":"first","11":"instock","12":"shipping-taxable","13":"purchasable","14":"product-type-simple"},"_links":{"self":[{"href":"https:\/\/brandss.com.py\/index\/wp-json\/wp\/v2\/product\/99613","targetHints":{"allow":["GET"]}}],"collection":[{"href":"https:\/\/brandss.com.py\/index\/wp-json\/wp\/v2\/product"}],"about":[{"href":"https:\/\/brandss.com.py\/index\/wp-json\/wp\/v2\/types\/product"}],"replies":[{"embeddable":true,"href":"https:\/\/brandss.com.py\/index\/wp-json\/wp\/v2\/comments?post=99613"}],"version-history":[{"count":1,"href":"https:\/\/brandss.com.py\/index\/wp-json\/wp\/v2\/product\/99613\/revisions"}],"predecessor-version":[{"id":99619,"href":"https:\/\/brandss.com.py\/index\/wp-json\/wp\/v2\/product\/99613\/revisions\/99619"}],"wp:featuredmedia":[{"embeddable":true,"href":"https:\/\/brandss.com.py\/index\/wp-json\/wp\/v2\/media\/99614"}],"wp:attachment":[{"href":"https:\/\/brandss.com.py\/index\/wp-json\/wp\/v2\/media?parent=99613"}],"wp:term":[{"taxonomy":"product_brand","embeddable":true,"href":"https:\/\/brandss.com.py\/index\/wp-json\/wp\/v2\/product_brand?post=99613"},{"taxonomy":"product_cat","embeddable":true,"href":"https:\/\/brandss.com.py\/index\/wp-json\/wp\/v2\/product_cat?post=99613"},{"taxonomy":"product_tag","embeddable":true,"href":"https:\/\/brandss.com.py\/index\/wp-json\/wp\/v2\/product_tag?post=99613"}],"curies":[{"name":"wp","href":"https:\/\/api.w.org\/{rel}","templated":true}]}}