{"id":99630,"date":"2026-03-03T16:47:23","date_gmt":"2026-03-03T16:47:23","guid":{"rendered":"https:\/\/brandss.com.py\/index\/?post_type=product&#038;p=99630"},"modified":"2026-03-17T16:36:35","modified_gmt":"2026-03-17T16:36:35","slug":"perfume-unisex-al-haramain-olaf-edp-100ml","status":"publish","type":"product","link":"https:\/\/brandss.com.py\/index\/producto\/perfume-unisex-al-haramain-olaf-edp-100ml\/","title":{"rendered":"PERFUME UNISEX AL HARAMAIN OLAF EDP 100ML"},"content":{"rendered":"<p><img loading=\"lazy\" decoding=\"async\" class=\"\" src=\"https:\/\/perfumesyperfumes.com\/cdn\/shop\/collections\/LOGO_AL_HARAMAIN.png?v=1717038567\" alt=\"Al Haramain | Perfumes y Perfumes\" width=\"95\" height=\"95\" \/><\/p>\n<h1>OLAF<\/h1>\n<p>Sumergite en el mundo de la elegancia y la distinci\u00f3n con Olaf, un Eau de Parfum que redefine la sofisticaci\u00f3n. Ideal para quienes buscan un aroma con car\u00e1cter y personalidad, este perfume combina notas que despiertan los sentidos y cautivan a quienes te rodean. Es una celebraci\u00f3n de la elegancia contempor\u00e1nea. Este Eau de Parfum combina la tradici\u00f3n de la perfumer\u00eda \u00e1rabe con una est\u00e9tica moderna y limpia, dando como resultado una fragancia equilibrada y sumamente placentera.<\/p>\n<p><img loading=\"lazy\" decoding=\"async\" class=\"alignleft\" src=\"https:\/\/http2.mlstatic.com\/D_NQ_NP_2X_688217-MLA107368907447_022026-F.webp\" width=\"408\" height=\"462\" \/><\/p>\n<h3>Notas Olfativas<\/h3>\n<p>&nbsp;<\/p>\n<p>Olaf Eau de Parfum es una fragancia unisex elegante y vers\u00e1til, perfecta para quienes buscan un perfume impactante y equilibrado con un rendimiento excelente.<\/p>\n<p>Con una composici\u00f3n que combina frescura, flores y notas de fondo intensas, es ideal tanto para el d\u00eda como para la noche. La salida presenta notas c\u00edtricas y ligeramente acu\u00e1ticas, proporcionando una sensaci\u00f3n inmediata de frescura. En el coraz\u00f3n, sofisticados acordes florales aportan equilibrio y refinamiento. En el fondo, notas amaderadas, toques dulces y matices profundos garantizan una excelente duraci\u00f3n y proyecci\u00f3n, dejando una estela envolvente y memorable.<\/p>\n<p>Con una concentraci\u00f3n de Eau de Parfum, Al Haramain Olaf ofrece una mayor longevidad en la piel, lo que lo convierte en una excelente opci\u00f3n para hombres y mujeres que aprecian los perfumes \u00e1rabes con personalidad, elegancia y gran valor.<\/p>\n<p><strong>Notas de salida:<\/strong> bergamota, mandarina, notas acu\u00e1ticas, almendra.<\/p>\n<p><strong>Notas de coraz\u00f3n:<\/strong> geranio, rosa, jazm\u00edn y nen\u00fafar.<\/p>\n<p><strong>Notas de fondo:<\/strong> vainilla, oud, madera de guayaco, pachul\u00ed, caf\u00e9, musgo.<\/p>\n","protected":false},"excerpt":{"rendered":"<p>OLAF Sumergite en el mundo de la elegancia y la distinci\u00f3n con Olaf, un Eau de Parfum que redefine la<\/p>\n","protected":false},"featured_media":99631,"comment_status":"open","ping_status":"closed","template":"","meta":{"nf_dc_page":""},"product_brand":[114],"product_cat":[84],"product_tag":[3016],"class_list":{"0":"post-99630","1":"product","2":"type-product","3":"status-publish","4":"has-post-thumbnail","6":"product_brand-al-haramain","7":"product_cat-perfumeria","8":"product_tag-3016","10":"first","11":"instock","12":"shipping-taxable","13":"purchasable","14":"product-type-simple"},"_links":{"self":[{"href":"https:\/\/brandss.com.py\/index\/wp-json\/wp\/v2\/product\/99630","targetHints":{"allow":["GET"]}}],"collection":[{"href":"https:\/\/brandss.com.py\/index\/wp-json\/wp\/v2\/product"}],"about":[{"href":"https:\/\/brandss.com.py\/index\/wp-json\/wp\/v2\/types\/product"}],"replies":[{"embeddable":true,"href":"https:\/\/brandss.com.py\/index\/wp-json\/wp\/v2\/comments?post=99630"}],"version-history":[{"count":1,"href":"https:\/\/brandss.com.py\/index\/wp-json\/wp\/v2\/product\/99630\/revisions"}],"predecessor-version":[{"id":99636,"href":"https:\/\/brandss.com.py\/index\/wp-json\/wp\/v2\/product\/99630\/revisions\/99636"}],"wp:featuredmedia":[{"embeddable":true,"href":"https:\/\/brandss.com.py\/index\/wp-json\/wp\/v2\/media\/99631"}],"wp:attachment":[{"href":"https:\/\/brandss.com.py\/index\/wp-json\/wp\/v2\/media?parent=99630"}],"wp:term":[{"taxonomy":"product_brand","embeddable":true,"href":"https:\/\/brandss.com.py\/index\/wp-json\/wp\/v2\/product_brand?post=99630"},{"taxonomy":"product_cat","embeddable":true,"href":"https:\/\/brandss.com.py\/index\/wp-json\/wp\/v2\/product_cat?post=99630"},{"taxonomy":"product_tag","embeddable":true,"href":"https:\/\/brandss.com.py\/index\/wp-json\/wp\/v2\/product_tag?post=99630"}],"curies":[{"name":"wp","href":"https:\/\/api.w.org\/{rel}","templated":true}]}}