{"id":99637,"date":"2026-03-03T17:21:03","date_gmt":"2026-03-03T17:21:03","guid":{"rendered":"https:\/\/brandss.com.py\/index\/?post_type=product&#038;p=99637"},"modified":"2026-04-16T12:12:17","modified_gmt":"2026-04-16T12:12:17","slug":"perfume-femenino-al-haramain-freya-edp-100ml","status":"publish","type":"product","link":"https:\/\/brandss.com.py\/index\/producto\/perfume-femenino-al-haramain-freya-edp-100ml\/","title":{"rendered":"PERFUME FEMENINO AL HARAMAIN FREYA EDP 100ML"},"content":{"rendered":"<p><img loading=\"lazy\" decoding=\"async\" class=\"\" src=\"https:\/\/perfumesyperfumes.com\/cdn\/shop\/collections\/LOGO_AL_HARAMAIN.png?v=1717038567\" alt=\"Al Haramain | Perfumes y Perfumes\" width=\"74\" height=\"74\" \/><\/p>\n<h1>FREYA<\/h1>\n<p>Es una fragancia floral sofisticada y luminosa, perfecta para quienes buscan elegancia moderna, frescura delicada y un toque de pureza. El perfume combina la sensaci\u00f3n de una piel reci\u00e9n duchada con un aura radiante, ideal para el d\u00eda a d\u00eda, el trabajo y cualquier ocasi\u00f3n que requiera una suavidad refinada.Tiene una estela elegante y moderada, que deja una excelente y duradera sensaci\u00f3n de limpieza en la piel. Ideal para quienes aprecian los perfumes femeninos, sofisticados y ligeros con un brillo natural. <img loading=\"lazy\" decoding=\"async\" class=\"alignleft\" src=\"https:\/\/shop.alharamainperfumes.com\/media\/catalog\/product\/cache\/7836f2f2fc7ebf447684856e0d3cb600\/a\/h\/ahp2085-pyramid.jpg\" width=\"557\" height=\"557\" \/><\/p>\n<h3>\nNotas Olfativas<\/h3>\n<p>&nbsp;<\/p>\n<p>Freya es una fragancia femenina, cautivadora y extremadamente contempor\u00e1nea. Pertenece a la moderna familia olfativa Floral Almizclada, con matices limpios y sedosos que recuerdan a los perfumes nicho contempor\u00e1neos.<\/p>\n<p>Freya comienza con una suave suavidad de melocot\u00f3n blanco tocada por brillantes c\u00edtricos. A medida que florece, las delicadas flores toman protagonismo, entretejiendo la flor de naranjo y el lirio de los valles en un elegante ramo con un toque de vetiver como base en el coraz\u00f3n. El viaje termina en una mezcla c\u00e1lida y reconfortante de almizcle, vainilla y mahonia. Una fragancia que transmite serenidad, suave, radiante y cautivadora sin esfuerzo.<\/p>\n<p><strong data-end=\"1016\" data-start=\"998\"><span dir=\"auto\">Notas de salida:<\/span><\/strong><span dir=\"auto\"> aldeh\u00eddos, bergamota, melocot\u00f3n blanco, mandarina.<\/span><br data-end=\"1048\" data-start=\"1045\" \/><strong data-end=\"1072\" data-start=\"1051\"><span dir=\"auto\">Notas de coraz\u00f3n:<\/span><\/strong><span dir=\"auto\"> azahar, petalia, lirio de los valles, nympheal\u2122, vetiver.<\/span><br data-end=\"1099\" data-start=\"1096\" \/><strong data-end=\"1121\" data-start=\"1102\"><span dir=\"auto\">Notas de fondo:<\/span><\/strong><span dir=\"auto\"> mahonia, almizcle, ambroxan, akigalawood, vainilla.<\/span><\/p>\n","protected":false},"excerpt":{"rendered":"<p>FREYA Es una fragancia floral sofisticada y luminosa, perfecta para quienes buscan elegancia moderna, frescura delicada y un toque de<\/p>\n","protected":false},"featured_media":99639,"comment_status":"open","ping_status":"closed","template":"","meta":{"nf_dc_page":""},"product_brand":[114],"product_cat":[84],"product_tag":[3017],"class_list":{"0":"post-99637","1":"product","2":"type-product","3":"status-publish","4":"has-post-thumbnail","6":"product_brand-al-haramain","7":"product_cat-perfumeria","8":"product_tag-3017","10":"first","11":"instock","12":"shipping-taxable","13":"purchasable","14":"product-type-simple"},"_links":{"self":[{"href":"https:\/\/brandss.com.py\/index\/wp-json\/wp\/v2\/product\/99637","targetHints":{"allow":["GET"]}}],"collection":[{"href":"https:\/\/brandss.com.py\/index\/wp-json\/wp\/v2\/product"}],"about":[{"href":"https:\/\/brandss.com.py\/index\/wp-json\/wp\/v2\/types\/product"}],"replies":[{"embeddable":true,"href":"https:\/\/brandss.com.py\/index\/wp-json\/wp\/v2\/comments?post=99637"}],"version-history":[{"count":2,"href":"https:\/\/brandss.com.py\/index\/wp-json\/wp\/v2\/product\/99637\/revisions"}],"predecessor-version":[{"id":99646,"href":"https:\/\/brandss.com.py\/index\/wp-json\/wp\/v2\/product\/99637\/revisions\/99646"}],"wp:featuredmedia":[{"embeddable":true,"href":"https:\/\/brandss.com.py\/index\/wp-json\/wp\/v2\/media\/99639"}],"wp:attachment":[{"href":"https:\/\/brandss.com.py\/index\/wp-json\/wp\/v2\/media?parent=99637"}],"wp:term":[{"taxonomy":"product_brand","embeddable":true,"href":"https:\/\/brandss.com.py\/index\/wp-json\/wp\/v2\/product_brand?post=99637"},{"taxonomy":"product_cat","embeddable":true,"href":"https:\/\/brandss.com.py\/index\/wp-json\/wp\/v2\/product_cat?post=99637"},{"taxonomy":"product_tag","embeddable":true,"href":"https:\/\/brandss.com.py\/index\/wp-json\/wp\/v2\/product_tag?post=99637"}],"curies":[{"name":"wp","href":"https:\/\/api.w.org\/{rel}","templated":true}]}}