{"id":99647,"date":"2026-03-03T17:49:02","date_gmt":"2026-03-03T17:49:02","guid":{"rendered":"https:\/\/brandss.com.py\/index\/?post_type=product&#038;p=99647"},"modified":"2026-03-17T16:30:05","modified_gmt":"2026-03-17T16:30:05","slug":"perfume-femenino-al-haramain-floral-fair-extrait-de-parfum-100ml","status":"publish","type":"product","link":"https:\/\/brandss.com.py\/index\/producto\/perfume-femenino-al-haramain-floral-fair-extrait-de-parfum-100ml\/","title":{"rendered":"PERFUME FEMENINO AL HARAMAIN FLORAL FAIR EXTRAIT DE PARFUM 100ML"},"content":{"rendered":"<p><img loading=\"lazy\" decoding=\"async\" class=\"\" src=\"https:\/\/perfumesyperfumes.com\/cdn\/shop\/collections\/LOGO_AL_HARAMAIN.png?v=1717038567\" alt=\"Al Haramain | Perfumes y Perfumes\" width=\"91\" height=\"91\" \/><\/p>\n<h1>FLORAL FAIR<\/h1>\n<p>Sum\u00e9rgete en el irresistible encanto femenino de Floral Fair; un jard\u00edn de flores en una botella, escondido y meticulosamente creado con las flores m\u00e1s exquisitas de la naturaleza, creado exclusivamente para mujeres. Todas las mujeres se merecen un precioso ramo de flores. El perfume Floral Fair es como un ramo de flores formado por las notas florales m\u00e1s hermosas, que crean un conjunto lleno de sensualidad y feminidad con una gota de romanticismo.<img loading=\"lazy\" decoding=\"async\" class=\"alignleft\" src=\"https:\/\/m.media-amazon.com\/images\/I\/610+Q1qrhBL._SL1024_.jpg\" width=\"566\" height=\"566\" \/><\/p>\n<p>Floral Fair es una fragancia femenina que celebra la elegancia y frescura de las flores en su m\u00e1xima expresi\u00f3n. Este extracto de perfume, de alta concentraci\u00f3n, envuelve la piel con un aura sofisticada y duradera, ideal para mujeres que buscan destacar con un toque refinado y delicado.<\/p>\n<p>&nbsp;<\/p>\n<h3>Notas Olfativas<\/h3>\n<p>&nbsp;<\/p>\n<p>Floral Fair Extrait De Parfum es un extracto floral irresistiblemente femenino, un jard\u00edn en una botella que combina bergamota y jengibre chispeantes con un coraz\u00f3n de rosa, jazm\u00edn, nardos y flores blancas que descansan sobre una base c\u00e1lida de almizcle, roble y pachul\u00ed.<\/p>\n<p>Imagina una delicada danza de rosa, bergamota y jengibre despleg\u00e1ndose como p\u00e9talos bajo el sol de la ma\u00f1ana, abrazando tus sentidos con sofisticaci\u00f3n y belleza atemporal. El sutil encanto del jazm\u00edn, las flores blancas y el nardo a\u00f1ade un toque de frescura, mientras que un suave almizcle, pachul\u00ed y roble aseguran una estela persistente y encantadora en tu piel.<\/p>\n<p>Floral Fair es m\u00e1s que un perfume; es un viaje a trav\u00e9s de un jard\u00edn primaveral al amanecer, capturando la esencia de la feminidad y la elegancia natural.<\/p>\n<p>Con cada rociado, del\u00e9itate con la celebraci\u00f3n de tu radiante belleza mientras esta encantadora mezcla se convierte en un aroma distintivo, un susurro de indulgencia floral que te acompa\u00f1a en cada momento de gracia y encanto.<\/p>\n<p><span dir=\"auto\"><strong>Notas de salida:<\/strong> rosa, bergamota, jengibre.<\/span><\/p>\n<p><span dir=\"auto\"><strong>Notas de coraz\u00f3n:<\/strong> jazm\u00edn, flores blancas, nardos.<\/span><\/p>\n<p><span dir=\"auto\"><strong>Notas de fondo:<\/strong> almizcle, pachul\u00ed, roble.<\/span><\/p>\n","protected":false},"excerpt":{"rendered":"<p>FLORAL FAIR Sum\u00e9rgete en el irresistible encanto femenino de Floral Fair; un jard\u00edn de flores en una botella, escondido y<\/p>\n","protected":false},"featured_media":99648,"comment_status":"open","ping_status":"closed","template":"","meta":{"nf_dc_page":""},"product_brand":[114],"product_cat":[84],"product_tag":[3018],"class_list":{"0":"post-99647","1":"product","2":"type-product","3":"status-publish","4":"has-post-thumbnail","6":"product_brand-al-haramain","7":"product_cat-perfumeria","8":"product_tag-3018","10":"first","11":"instock","12":"shipping-taxable","13":"purchasable","14":"product-type-simple"},"_links":{"self":[{"href":"https:\/\/brandss.com.py\/index\/wp-json\/wp\/v2\/product\/99647","targetHints":{"allow":["GET"]}}],"collection":[{"href":"https:\/\/brandss.com.py\/index\/wp-json\/wp\/v2\/product"}],"about":[{"href":"https:\/\/brandss.com.py\/index\/wp-json\/wp\/v2\/types\/product"}],"replies":[{"embeddable":true,"href":"https:\/\/brandss.com.py\/index\/wp-json\/wp\/v2\/comments?post=99647"}],"version-history":[{"count":1,"href":"https:\/\/brandss.com.py\/index\/wp-json\/wp\/v2\/product\/99647\/revisions"}],"predecessor-version":[{"id":99655,"href":"https:\/\/brandss.com.py\/index\/wp-json\/wp\/v2\/product\/99647\/revisions\/99655"}],"wp:featuredmedia":[{"embeddable":true,"href":"https:\/\/brandss.com.py\/index\/wp-json\/wp\/v2\/media\/99648"}],"wp:attachment":[{"href":"https:\/\/brandss.com.py\/index\/wp-json\/wp\/v2\/media?parent=99647"}],"wp:term":[{"taxonomy":"product_brand","embeddable":true,"href":"https:\/\/brandss.com.py\/index\/wp-json\/wp\/v2\/product_brand?post=99647"},{"taxonomy":"product_cat","embeddable":true,"href":"https:\/\/brandss.com.py\/index\/wp-json\/wp\/v2\/product_cat?post=99647"},{"taxonomy":"product_tag","embeddable":true,"href":"https:\/\/brandss.com.py\/index\/wp-json\/wp\/v2\/product_tag?post=99647"}],"curies":[{"name":"wp","href":"https:\/\/api.w.org\/{rel}","templated":true}]}}