{"id":99656,"date":"2026-03-03T18:13:34","date_gmt":"2026-03-03T18:13:34","guid":{"rendered":"https:\/\/brandss.com.py\/index\/?post_type=product&#038;p=99656"},"modified":"2026-03-17T16:33:14","modified_gmt":"2026-03-17T16:33:14","slug":"perfume-unisex-al-haramain-green-dubai-extrait-de-parfum-100ml","status":"publish","type":"product","link":"https:\/\/brandss.com.py\/index\/producto\/perfume-unisex-al-haramain-green-dubai-extrait-de-parfum-100ml\/","title":{"rendered":"PERFUME UNISEX AL HARAMAIN GREEN DUBAI EXTRAIT DE PARFUM 100ML"},"content":{"rendered":"<p><img loading=\"lazy\" decoding=\"async\" class=\"\" src=\"https:\/\/perfumesyperfumes.com\/cdn\/shop\/collections\/LOGO_AL_HARAMAIN.png?v=1717038567\" alt=\"Al Haramain | Perfumes y Perfumes\" width=\"102\" height=\"102\" \/><\/p>\n<h1>GREEN DUBAI<\/h1>\n<p>Es una fragancia inspirada en la energ\u00eda pulsante de Dubai y sus oasis verdes, donde las maravillas modernas se fusionan con la grandeza de la naturaleza. Esta fragancia es un viaje fragante a trav\u00e9s de exuberantes jardines, la frescura de la ma\u00f1ana y el lujoso encanto de la ciudad.<\/p>\n<p><img loading=\"lazy\" decoding=\"async\" class=\"alignleft\" src=\"https:\/\/aromatica.cr\/cdn\/shop\/files\/Green-Dubai-EDP-unisex-Aromatica-CR-448811831.jpg?v=1749175051&amp;width=990\" width=\"661\" height=\"661\" \/><\/p>\n<h3>Notas Olfativas<\/h3>\n<p>&nbsp;<\/p>\n<p>Green Dubai es una creaci\u00f3n olfativa de la marca Al Haramain Perfumes, lanzada en 2024. Esta fragancia unisex pertenece a la familia olfativa Chipre Frutal y se caracteriza por su frescura vibrante y su profundidad elegante, ideal para quienes buscan un aroma sofisticado y envolvente.<\/p>\n<p>Green Dubai de Al Haramain Perfumes es una fragancia fresca y refinada que equilibra notas c\u00edtricas y frutales con un fondo amaderado y c\u00e1lido. Su apertura es chispeante y energizante, con la mandarina y la bergamota aportando una luminosidad c\u00edtrica vibrante, mientras las notas verdes y el cardamomo introducen un matiz herbal especiado que a\u00f1ade profundidad.<\/p>\n<p>En el coraz\u00f3n, la esclarea y las grosellas negras aportan una textura herbal y afrutada sofisticada, mientras el iris y el mel\u00f3n brindan una suavidad aterciopelada y jugosa. El \u00e1mbar y el pachul\u00ed refuerzan la estructura c\u00e1lida y envolvente de la fragancia.<\/p>\n<p>El fondo es elegante y duradero, con el petit grain y el g\u00e1lbano creando una sensaci\u00f3n verde y terrosa, mientras el \u00e1mbar y la vainilla a\u00f1aden una calidez sensual. El almizcle cierra la composici\u00f3n con un toque seductor y suave, dejando una estela distintiva y sofisticada.<\/p>\n<p><strong>Notas de salida:<\/strong> mandarina, bergamota, notas verdes, cardamomo.<\/p>\n<p><strong>Notas de coraz\u00f3n:<\/strong> esclarea, grosellas negras, iris, mel\u00f3n, \u00e1mbar, pachul\u00ed.<\/p>\n<p><strong>Notas de fondo:<\/strong> petit grain, \u00e1mbar, g\u00e1lbano, vainilla, almizcle.<\/p>\n","protected":false},"excerpt":{"rendered":"<p>GREEN DUBAI Es una fragancia inspirada en la energ\u00eda pulsante de Dubai y sus oasis verdes, donde las maravillas modernas<\/p>\n","protected":false},"featured_media":99657,"comment_status":"open","ping_status":"closed","template":"","meta":{"nf_dc_page":""},"product_brand":[114],"product_cat":[84],"product_tag":[3019],"class_list":{"0":"post-99656","1":"product","2":"type-product","3":"status-publish","4":"has-post-thumbnail","6":"product_brand-al-haramain","7":"product_cat-perfumeria","8":"product_tag-3019","10":"first","11":"instock","12":"shipping-taxable","13":"purchasable","14":"product-type-simple"},"_links":{"self":[{"href":"https:\/\/brandss.com.py\/index\/wp-json\/wp\/v2\/product\/99656","targetHints":{"allow":["GET"]}}],"collection":[{"href":"https:\/\/brandss.com.py\/index\/wp-json\/wp\/v2\/product"}],"about":[{"href":"https:\/\/brandss.com.py\/index\/wp-json\/wp\/v2\/types\/product"}],"replies":[{"embeddable":true,"href":"https:\/\/brandss.com.py\/index\/wp-json\/wp\/v2\/comments?post=99656"}],"version-history":[{"count":1,"href":"https:\/\/brandss.com.py\/index\/wp-json\/wp\/v2\/product\/99656\/revisions"}],"predecessor-version":[{"id":99661,"href":"https:\/\/brandss.com.py\/index\/wp-json\/wp\/v2\/product\/99656\/revisions\/99661"}],"wp:featuredmedia":[{"embeddable":true,"href":"https:\/\/brandss.com.py\/index\/wp-json\/wp\/v2\/media\/99657"}],"wp:attachment":[{"href":"https:\/\/brandss.com.py\/index\/wp-json\/wp\/v2\/media?parent=99656"}],"wp:term":[{"taxonomy":"product_brand","embeddable":true,"href":"https:\/\/brandss.com.py\/index\/wp-json\/wp\/v2\/product_brand?post=99656"},{"taxonomy":"product_cat","embeddable":true,"href":"https:\/\/brandss.com.py\/index\/wp-json\/wp\/v2\/product_cat?post=99656"},{"taxonomy":"product_tag","embeddable":true,"href":"https:\/\/brandss.com.py\/index\/wp-json\/wp\/v2\/product_tag?post=99656"}],"curies":[{"name":"wp","href":"https:\/\/api.w.org\/{rel}","templated":true}]}}