{"id":99662,"date":"2026-03-03T18:38:25","date_gmt":"2026-03-03T18:38:25","guid":{"rendered":"https:\/\/brandss.com.py\/index\/?post_type=product&#038;p=99662"},"modified":"2026-03-17T16:32:26","modified_gmt":"2026-03-17T16:32:26","slug":"perfume-unisex-al-haramain-palm-dubai-extrait-de-parfum-100ml","status":"publish","type":"product","link":"https:\/\/brandss.com.py\/index\/producto\/perfume-unisex-al-haramain-palm-dubai-extrait-de-parfum-100ml\/","title":{"rendered":"PERFUME UNISEX AL HARAMAIN PALM DUBAI EXTRAIT DE PARFUM 100ML"},"content":{"rendered":"<p><img loading=\"lazy\" decoding=\"async\" class=\"\" src=\"https:\/\/perfumesyperfumes.com\/cdn\/shop\/collections\/LOGO_AL_HARAMAIN.png?v=1717038567\" alt=\"Al Haramain | Perfumes y Perfumes\" width=\"86\" height=\"86\" \/><\/p>\n<h1>PALM DUBAI<\/h1>\n<h5><em>Es un aroma que refleja la vitalidad de Dubai, su esp\u00edritu verde y sus infinitas posibilidades.<\/em><\/h5>\n<p>Es una fragancia de lujo que captura la esencia vibrante, moderna y opulenta de Dub\u00e1i. Dise\u00f1ada para hombres y mujeres que buscan un aroma intenso y sofisticado, este extracto de perfume ofrece una estela duradera y envolvente.<\/p>\n<p>Palm Dubai es una fragancia que encarna la elegancia de Dub\u00e1i, donde la modernidad se fusiona con la grandeza de la naturaleza. Un comienzo fresco, un coraz\u00f3n floral suave y una base c\u00e1lida y duradera crean una fragancia sutilmente lujosa y \u00fanica adecuada tanto para hombres como para mujeres.<\/p>\n<p><img decoding=\"async\" class=\"alignleft\" src=\"https:\/\/m.media-amazon.com\/images\/I\/41R6c-lQpEL.jpg\" \/><\/p>\n<h3>Notas Olfativas<\/h3>\n<p>&nbsp;<\/p>\n<p>Palm Dubai es una creaci\u00f3n olfativa de la marca Al Haramain Perfumes, lanzada en 2024. Esta fragancia unisex pertenece a la familia olfativa Oriental Floral y destaca por su elegancia y equilibrio entre frescura, intensidad y sensualidad, ideal para quienes buscan una esencia sofisticada y envolvente.<\/p>\n<p>Palm Dubai de Al Haramain Perfumes es una fragancia vibrante y sofisticada que equilibra lo floral con lo oriental en una composici\u00f3n armoniosa.<\/p>\n<p>Su apertura es fresca y luminosa, con la lavanda aportando una suavidad herbal, mientras la bergamota y el lim\u00f3n brindan una chispa c\u00edtrica energizante y la manzana a\u00f1ade un toque frutal jugoso.<\/p>\n<p>En el coraz\u00f3n, el lirio de los valles y el geranio ofrecen una sensaci\u00f3n floral limpia y elegante, mientras la rosa a\u00f1ade un matiz rom\u00e1ntico y profundo, creando una estructura sofisticada y envolvente.<\/p>\n<p>El fondo es c\u00e1lido y seductor, con el pachul\u00ed aportando una profundidad terrosa, mientras la vainilla y la haba tonka suavizan la composici\u00f3n con su dulzura aterciopelada. El almizcle refuerza la fijaci\u00f3n y a\u00f1ade un toque sensual, dejando una estela duradera y memorable.<\/p>\n<p><strong>Notas de salida:<\/strong> lavanda, bergamota, manzana, lim\u00f3n (lima \u00e1cida).<\/p>\n<p><strong>Notas de coraz\u00f3n:<\/strong> lirio de los valles (muguete), geranio, rosa.<\/p>\n<p><strong>Notas de fondo:<\/strong> pachul\u00ed, vainilla, haba tonka, almizcle.<\/p>\n","protected":false},"excerpt":{"rendered":"<p>PALM DUBAI Es un aroma que refleja la vitalidad de Dubai, su esp\u00edritu verde y sus infinitas posibilidades. Es una<\/p>\n","protected":false},"featured_media":99663,"comment_status":"open","ping_status":"closed","template":"","meta":{"nf_dc_page":""},"product_brand":[114],"product_cat":[84],"product_tag":[3020],"class_list":{"0":"post-99662","1":"product","2":"type-product","3":"status-publish","4":"has-post-thumbnail","6":"product_brand-al-haramain","7":"product_cat-perfumeria","8":"product_tag-3020","10":"first","11":"instock","12":"shipping-taxable","13":"purchasable","14":"product-type-simple"},"_links":{"self":[{"href":"https:\/\/brandss.com.py\/index\/wp-json\/wp\/v2\/product\/99662","targetHints":{"allow":["GET"]}}],"collection":[{"href":"https:\/\/brandss.com.py\/index\/wp-json\/wp\/v2\/product"}],"about":[{"href":"https:\/\/brandss.com.py\/index\/wp-json\/wp\/v2\/types\/product"}],"replies":[{"embeddable":true,"href":"https:\/\/brandss.com.py\/index\/wp-json\/wp\/v2\/comments?post=99662"}],"version-history":[{"count":1,"href":"https:\/\/brandss.com.py\/index\/wp-json\/wp\/v2\/product\/99662\/revisions"}],"predecessor-version":[{"id":99670,"href":"https:\/\/brandss.com.py\/index\/wp-json\/wp\/v2\/product\/99662\/revisions\/99670"}],"wp:featuredmedia":[{"embeddable":true,"href":"https:\/\/brandss.com.py\/index\/wp-json\/wp\/v2\/media\/99663"}],"wp:attachment":[{"href":"https:\/\/brandss.com.py\/index\/wp-json\/wp\/v2\/media?parent=99662"}],"wp:term":[{"taxonomy":"product_brand","embeddable":true,"href":"https:\/\/brandss.com.py\/index\/wp-json\/wp\/v2\/product_brand?post=99662"},{"taxonomy":"product_cat","embeddable":true,"href":"https:\/\/brandss.com.py\/index\/wp-json\/wp\/v2\/product_cat?post=99662"},{"taxonomy":"product_tag","embeddable":true,"href":"https:\/\/brandss.com.py\/index\/wp-json\/wp\/v2\/product_tag?post=99662"}],"curies":[{"name":"wp","href":"https:\/\/api.w.org\/{rel}","templated":true}]}}