{"id":99679,"date":"2026-03-04T10:47:19","date_gmt":"2026-03-04T10:47:19","guid":{"rendered":"https:\/\/brandss.com.py\/index\/?post_type=product&#038;p=99679"},"modified":"2026-03-17T16:34:52","modified_gmt":"2026-03-17T16:34:52","slug":"perfume-unisex-al-haramain-conception-edp-100ml","status":"publish","type":"product","link":"https:\/\/brandss.com.py\/index\/producto\/perfume-unisex-al-haramain-conception-edp-100ml\/","title":{"rendered":"PERFUME UNISEX AL HARAMAIN CONCEPTION EDP 100ML"},"content":{"rendered":"<p><img loading=\"lazy\" decoding=\"async\" class=\"\" src=\"https:\/\/images.seeklogo.com\/logo-png\/62\/1\/al-haramain-logo-png_seeklogo-625040.png\" alt=\"Al Haramain Logo PNG Vector (SVG) Free Download\" width=\"104\" height=\"104\" \/><\/p>\n<h1>CONCEPTION<\/h1>\n<p>Es una fragancia c\u00edtrica y especiada elegante, minimalista y sofisticada, perfecta para quienes buscan una frescura de alta calidad con una firma m\u00e1s nicho. <span dir=\"auto\">Conception ofrece una estela suave a moderada, una frescura duradera y una elegancia adecuada para el uso diario, el trabajo y el clima c\u00e1lido. \u00a0Conception es una creaci\u00f3n fresca y contempor\u00e1nea basada en el contraste y la claridad.<img loading=\"lazy\" decoding=\"async\" class=\"alignleft\" src=\"https:\/\/shop.alharamainperfumes.com\/media\/catalog\/product\/cache\/490c4e3bbae272be3ce2b30a9945698e\/a\/h\/ahp2087-pyramid.jpg\" width=\"523\" height=\"523\" \/><\/span><\/p>\n<h3><\/h3>\n<h3>Notas Olfativas<\/h3>\n<p>&nbsp;<\/p>\n<p>Conception comienza con un destello de luminosidad, c\u00edtricos que se sienten limpios, puros y llenos de nuevas posibilidades. <span dir=\"auto\">Las notas de salida combinan bergamota, lim\u00f3n, naranja siciliana y t\u00e9 negro. Las notas de coraz\u00f3n se componen de neroli de T\u00fanez, jengibre nigeriano y canela de Ceil\u00e1n, creando una frescura especiada \u00fanica. Las notas de fondo combinan \u00e1mbar, madera de guayaco e incienso.<\/span><\/p>\n<p class=\"p1\"><span dir=\"auto\">Pertenece a la familia olfativa C\u00edtrica Especiada Amaderada con matices arom\u00e1ticos modernos, propios de la perfumer\u00eda limpia de lujo.<\/span><\/p>\n<p class=\"p1\"><strong>Notas de salida:<\/strong> lim\u00f3n, bergamota de calabria, naranja siciliana.<\/p>\n<p><strong>Notas de coraz\u00f3n:<\/strong> neroli tunecino, jengibre nigeriano, canela de Ceyl\u00e1n.<\/p>\n<p><strong>Notas de fondo:<\/strong> t\u00e9 negro chino, ambroxan, madera de guaiac, olibano.<\/p>\n","protected":false},"excerpt":{"rendered":"<p>CONCEPTION Es una fragancia c\u00edtrica y especiada elegante, minimalista y sofisticada, perfecta para quienes buscan una frescura de alta calidad<\/p>\n","protected":false},"featured_media":99680,"comment_status":"open","ping_status":"closed","template":"","meta":{"nf_dc_page":""},"product_brand":[114],"product_cat":[84],"product_tag":[3022],"class_list":{"0":"post-99679","1":"product","2":"type-product","3":"status-publish","4":"has-post-thumbnail","6":"product_brand-al-haramain","7":"product_cat-perfumeria","8":"product_tag-3022","10":"first","11":"instock","12":"shipping-taxable","13":"purchasable","14":"product-type-simple"},"_links":{"self":[{"href":"https:\/\/brandss.com.py\/index\/wp-json\/wp\/v2\/product\/99679","targetHints":{"allow":["GET"]}}],"collection":[{"href":"https:\/\/brandss.com.py\/index\/wp-json\/wp\/v2\/product"}],"about":[{"href":"https:\/\/brandss.com.py\/index\/wp-json\/wp\/v2\/types\/product"}],"replies":[{"embeddable":true,"href":"https:\/\/brandss.com.py\/index\/wp-json\/wp\/v2\/comments?post=99679"}],"version-history":[{"count":1,"href":"https:\/\/brandss.com.py\/index\/wp-json\/wp\/v2\/product\/99679\/revisions"}],"predecessor-version":[{"id":99687,"href":"https:\/\/brandss.com.py\/index\/wp-json\/wp\/v2\/product\/99679\/revisions\/99687"}],"wp:featuredmedia":[{"embeddable":true,"href":"https:\/\/brandss.com.py\/index\/wp-json\/wp\/v2\/media\/99680"}],"wp:attachment":[{"href":"https:\/\/brandss.com.py\/index\/wp-json\/wp\/v2\/media?parent=99679"}],"wp:term":[{"taxonomy":"product_brand","embeddable":true,"href":"https:\/\/brandss.com.py\/index\/wp-json\/wp\/v2\/product_brand?post=99679"},{"taxonomy":"product_cat","embeddable":true,"href":"https:\/\/brandss.com.py\/index\/wp-json\/wp\/v2\/product_cat?post=99679"},{"taxonomy":"product_tag","embeddable":true,"href":"https:\/\/brandss.com.py\/index\/wp-json\/wp\/v2\/product_tag?post=99679"}],"curies":[{"name":"wp","href":"https:\/\/api.w.org\/{rel}","templated":true}]}}