{"id":99688,"date":"2026-03-04T11:12:12","date_gmt":"2026-03-04T11:12:12","guid":{"rendered":"https:\/\/brandss.com.py\/index\/?post_type=product&#038;p=99688"},"modified":"2026-03-17T16:35:40","modified_gmt":"2026-03-17T16:35:40","slug":"perfume-unisex-al-haramain-oud-nomad-edp-100ml","status":"publish","type":"product","link":"https:\/\/brandss.com.py\/index\/producto\/perfume-unisex-al-haramain-oud-nomad-edp-100ml\/","title":{"rendered":"PERFUME UNISEX AL HARAMAIN OUD NOMAD EDP 100ML"},"content":{"rendered":"<p><img loading=\"lazy\" decoding=\"async\" class=\"\" src=\"https:\/\/images.seeklogo.com\/logo-png\/62\/1\/al-haramain-logo-png_seeklogo-625040.png\" alt=\"Al Haramain Logo PNG Vector (SVG) Free Download\" width=\"108\" height=\"108\" \/><\/p>\n<h1>OUD NOMAD<\/h1>\n<p>Es una fragancia oriental amaderada intensa y lujosa, creada para quienes buscan una presencia impactante, profundidad y una firma \u00e1rabe refinada. <span class=\"Y2IQFc\" lang=\"es\">Oud Nomad es una fragancia hecha para viajeros, atrevidos, libres e inolvidables.<img loading=\"lazy\" decoding=\"async\" class=\"alignleft\" src=\"https:\/\/shop.alharamainperfumes.com\/media\/catalog\/product\/cache\/490c4e3bbae272be3ce2b30a9945698e\/a\/h\/ahp2088-pyramid.jpg\" width=\"540\" height=\"540\" \/><\/span><\/p>\n<h3><\/h3>\n<h3>Notas Olfativas<\/h3>\n<p>&nbsp;<\/p>\n<p class=\"p1\"><span dir=\"auto\">Las notas de salida contienen incienso y oud. El coraz\u00f3n combina rosa y frambuesa con especias ex\u00f3ticas. El fondo revela azafr\u00e1n, madera de abedul, benju\u00ed, \u00e1mbar y geranio, creando una fragancia profunda, c\u00e1lida y envolvente.<\/span><\/p>\n<p class=\"p1\"><span dir=\"auto\">Pertenece a la familia olfativa Oriental Amaderada Resinosa-Especiada, con un fuerte atractivo \u00e1rabe premium.<\/span><\/p>\n<p class=\"p1\"><span dir=\"auto\">Oud Nomad tiene una proyecci\u00f3n fuerte y una duraci\u00f3n prolongada, ideal para noches, eventos, clima fr\u00edo y para quienes buscan una fragancia impactante y audaz.<\/span><\/p>\n<p><strong>Notas de salida:<\/strong> incienso, madera de agar.<\/p>\n<p><strong>Notas de coraz\u00f3n:<\/strong> <span class=\"Y2IQFc\" lang=\"es\">rosa, frambuesa, oud.<\/span><\/p>\n<p><strong>Notas de fondo:<\/strong> <span class=\"Y2IQFc\" lang=\"es\">azafr\u00e1n, abedul, benju\u00ed, geranio.<\/span><\/p>\n<p>&nbsp;<\/p>\n","protected":false},"excerpt":{"rendered":"<p>OUD NOMAD Es una fragancia oriental amaderada intensa y lujosa, creada para quienes buscan una presencia impactante, profundidad y una<\/p>\n","protected":false},"featured_media":99689,"comment_status":"open","ping_status":"closed","template":"","meta":{"nf_dc_page":""},"product_brand":[114],"product_cat":[84],"product_tag":[3023],"class_list":{"0":"post-99688","1":"product","2":"type-product","3":"status-publish","4":"has-post-thumbnail","6":"product_brand-al-haramain","7":"product_cat-perfumeria","8":"product_tag-3023","10":"first","11":"instock","12":"shipping-taxable","13":"purchasable","14":"product-type-simple"},"_links":{"self":[{"href":"https:\/\/brandss.com.py\/index\/wp-json\/wp\/v2\/product\/99688","targetHints":{"allow":["GET"]}}],"collection":[{"href":"https:\/\/brandss.com.py\/index\/wp-json\/wp\/v2\/product"}],"about":[{"href":"https:\/\/brandss.com.py\/index\/wp-json\/wp\/v2\/types\/product"}],"replies":[{"embeddable":true,"href":"https:\/\/brandss.com.py\/index\/wp-json\/wp\/v2\/comments?post=99688"}],"version-history":[{"count":1,"href":"https:\/\/brandss.com.py\/index\/wp-json\/wp\/v2\/product\/99688\/revisions"}],"predecessor-version":[{"id":99696,"href":"https:\/\/brandss.com.py\/index\/wp-json\/wp\/v2\/product\/99688\/revisions\/99696"}],"wp:featuredmedia":[{"embeddable":true,"href":"https:\/\/brandss.com.py\/index\/wp-json\/wp\/v2\/media\/99689"}],"wp:attachment":[{"href":"https:\/\/brandss.com.py\/index\/wp-json\/wp\/v2\/media?parent=99688"}],"wp:term":[{"taxonomy":"product_brand","embeddable":true,"href":"https:\/\/brandss.com.py\/index\/wp-json\/wp\/v2\/product_brand?post=99688"},{"taxonomy":"product_cat","embeddable":true,"href":"https:\/\/brandss.com.py\/index\/wp-json\/wp\/v2\/product_cat?post=99688"},{"taxonomy":"product_tag","embeddable":true,"href":"https:\/\/brandss.com.py\/index\/wp-json\/wp\/v2\/product_tag?post=99688"}],"curies":[{"name":"wp","href":"https:\/\/api.w.org\/{rel}","templated":true}]}}