{"id":99708,"date":"2026-03-04T12:37:52","date_gmt":"2026-03-04T12:37:52","guid":{"rendered":"https:\/\/brandss.com.py\/index\/?post_type=product&#038;p=99708"},"modified":"2026-04-22T17:07:26","modified_gmt":"2026-04-22T17:07:26","slug":"perfume-masculino-afnan-turathi-blue-edp-90ml","status":"publish","type":"product","link":"https:\/\/brandss.com.py\/index\/producto\/perfume-masculino-afnan-turathi-blue-edp-90ml\/","title":{"rendered":"PERFUME MASCULINO AFNAN TURATHI BLUE EDP 90ML"},"content":{"rendered":"<p><img loading=\"lazy\" decoding=\"async\" class=\"\" src=\"https:\/\/www.961scents.com\/cdn\/shop\/collections\/afnan_logo.png?v=1747839919\" alt=\"V\u00e9saura - Afnan Logo Meaning: Symbolism Behind the Afnan\" width=\"95\" height=\"95\" \/><\/p>\n<h1>TURATHI BLUE<\/h1>\n<p>Del\u00e9itese con el aroma innegablemente rico y memorizable de este eau de parfum. Turathi Blue, con una combinaci\u00f3n \u00fanica de notas c\u00edtricas y amaderadas, crea una fragancia refrescante y c\u00e1lida. C\u00f3mpralo, pru\u00e9balo y enam\u00f3rate de su aroma \u00fanico e inolvidable. Turathi Blue es frescura intensa con un toque de misterio.<\/p>\n<p><img loading=\"lazy\" decoding=\"async\" class=\"alignleft\" src=\"https:\/\/scentralstore.com\/wp-content\/uploads\/2025\/04\/ChatGPT-Image-Apr-8-2025-01_25_57-AM.png\" alt=\"Afnan Turathi Blue 90ml EDP \u2013 Scentralstore\" width=\"609\" height=\"609\" \/><\/p>\n<h3><\/h3>\n<h3>Notas Olfativas<\/h3>\n<p>&nbsp;<\/p>\n<p>Turathi Blue de Afnan es una fragancia de la familia olfativa Arom\u00e1tica Acu\u00e1tica para Hombres. Turathi Blue de Afnan es una fragancia masculina que evoca la atm\u00f3sfera \u00edntima y apasionada de una cena rom\u00e1ntica. Esta fragancia se inicia con una refrescante explosi\u00f3n de c\u00edtricos en la nota de salida, que agrega una chispa de vitalidad y frescura a la experiencia.<\/p>\n<p>En el coraz\u00f3n de la fragancia, el \u00e1mbar se combina con notas amaderadas para crear una mezcla que es a la vez c\u00e1lida y elegante. Las notas de fondo de almizcle, pachul\u00ed y especias otorgan a Turathi Blue una sensualidad profunda y duradera, como el final perfecto para una cena rom\u00e1ntica. Turathi Blue de Afnan es una fragancia que encarna la masculinidad.<\/p>\n<p>Su composici\u00f3n equilibrada y sus notas envolventes hacen que sea la elecci\u00f3n ideal para crear un ambiente apasionado y seductor en una cena especial con esa persona especial!<\/p>\n<p><strong>Nota de salida:<\/strong> bergamota, mandarina.<\/p>\n<p><strong>Notas de coraz\u00f3n:<\/strong> \u00e1mbar, notas amaderadas.<\/p>\n<p><strong>Notas de fondo:<\/strong> almizcle, pachul\u00ed, especias.<\/p>\n","protected":false},"excerpt":{"rendered":"<p>TURATHI BLUE Del\u00e9itese con el aroma innegablemente rico y memorizable de este eau de parfum. Turathi Blue, con una combinaci\u00f3n<\/p>\n","protected":false},"featured_media":99709,"comment_status":"open","ping_status":"closed","template":"","meta":{"nf_dc_page":""},"product_brand":[102],"product_cat":[84],"product_tag":[3025],"class_list":{"0":"post-99708","1":"product","2":"type-product","3":"status-publish","4":"has-post-thumbnail","6":"product_brand-afnan","7":"product_cat-perfumeria","8":"product_tag-3025","10":"first","11":"instock","12":"shipping-taxable","13":"purchasable","14":"product-type-simple"},"_links":{"self":[{"href":"https:\/\/brandss.com.py\/index\/wp-json\/wp\/v2\/product\/99708","targetHints":{"allow":["GET"]}}],"collection":[{"href":"https:\/\/brandss.com.py\/index\/wp-json\/wp\/v2\/product"}],"about":[{"href":"https:\/\/brandss.com.py\/index\/wp-json\/wp\/v2\/types\/product"}],"replies":[{"embeddable":true,"href":"https:\/\/brandss.com.py\/index\/wp-json\/wp\/v2\/comments?post=99708"}],"version-history":[{"count":1,"href":"https:\/\/brandss.com.py\/index\/wp-json\/wp\/v2\/product\/99708\/revisions"}],"predecessor-version":[{"id":99716,"href":"https:\/\/brandss.com.py\/index\/wp-json\/wp\/v2\/product\/99708\/revisions\/99716"}],"wp:featuredmedia":[{"embeddable":true,"href":"https:\/\/brandss.com.py\/index\/wp-json\/wp\/v2\/media\/99709"}],"wp:attachment":[{"href":"https:\/\/brandss.com.py\/index\/wp-json\/wp\/v2\/media?parent=99708"}],"wp:term":[{"taxonomy":"product_brand","embeddable":true,"href":"https:\/\/brandss.com.py\/index\/wp-json\/wp\/v2\/product_brand?post=99708"},{"taxonomy":"product_cat","embeddable":true,"href":"https:\/\/brandss.com.py\/index\/wp-json\/wp\/v2\/product_cat?post=99708"},{"taxonomy":"product_tag","embeddable":true,"href":"https:\/\/brandss.com.py\/index\/wp-json\/wp\/v2\/product_tag?post=99708"}],"curies":[{"name":"wp","href":"https:\/\/api.w.org\/{rel}","templated":true}]}}