{"id":99725,"date":"2026-03-04T13:55:08","date_gmt":"2026-03-04T13:55:08","guid":{"rendered":"https:\/\/brandss.com.py\/index\/?post_type=product&#038;p=99725"},"modified":"2026-03-04T13:55:42","modified_gmt":"2026-03-04T13:55:42","slug":"perfume-masculino-afnan-supremacy-in-heaven-100ml","status":"publish","type":"product","link":"https:\/\/brandss.com.py\/index\/producto\/perfume-masculino-afnan-supremacy-in-heaven-100ml\/","title":{"rendered":"PERFUME MASCULINO AFNAN SUPREMACY IN HEAVEN EDP 100ML"},"content":{"rendered":"<p><img loading=\"lazy\" decoding=\"async\" class=\"\" src=\"https:\/\/www.961scents.com\/cdn\/shop\/collections\/afnan_logo.png?v=1747839919\" alt=\"V\u00e9saura - Afnan Logo Meaning: Symbolism Behind the Afnan\" width=\"77\" height=\"77\" \/><\/p>\n<h1>SUPREMACY IN HEAVEN<\/h1>\n<p>Asciende a un cielo soleado con Supremacy In Heaven una fragancia amaderada ligera y vaporosa que te enamorar\u00e1 al instante. Los chispeantes acordes de frutas y t\u00e9 verde son perfectos para las c\u00e1lidas tardes de verano.<img loading=\"lazy\" decoding=\"async\" class=\"alignleft\" src=\"https:\/\/cdn.notinoimg.com\/detail_main_mq\/afnan\/6290171002253_03\/supremacy-in-heaven___240924.jpg\" width=\"543\" height=\"680\" \/><\/p>\n<div class=\"g576uof\">\n<div class=\"ahuayrb\">\n<div class=\"g1p5jkrz p6951qp s1x0xdr0\">\n<div class=\"t32cisg\">\n<div id=\"tabAnchor\">\n<div id=\"description-tab\" role=\"tabpanel\" aria-hidden=\"false\">\n<div class=\"c2bhh5s\">\n<section id=\"pdDescription\" class=\"ckx2qkv c6ac6oz\">\n<div id=\"pd-description-wrapper\" class=\"m1mzrr0c celqrir\" data-testid=\"pd-description-wrapper\">\n<div class=\"m152i0kl e1v18fwl\">\n<div id=\"pd-description-text\" class=\"dpppq6z\" data-testid=\"pd-description-text\">\n<div class=\"g576uof\">\n<div class=\"ahuayrb\">\n<div class=\"g1p5jkrz p6951qp s1x0xdr0\">\n<div class=\"t32cisg\">\n<div id=\"tabAnchor\">\n<div id=\"description-tab\" role=\"tabpanel\" aria-hidden=\"false\">\n<div class=\"c2bhh5s\">\n<section id=\"pdDescription\" class=\"ckx2qkv c6ac6oz\">\n<div id=\"pd-description-wrapper\" class=\"m1mzrr0c celqrir\" data-testid=\"pd-description-wrapper\">\n<div class=\"m152i0kl e1v18fwl\">\n<div id=\"pd-description-text\" class=\"dpppq6z\" data-testid=\"pd-description-text\">\n<p>Aunque ah\u00ed fuera no sea verano, podr\u00e1s llevarlo en el alma gracias a la estimulante fragancia de Supremacy In Heaven, una oda a los relajantes d\u00edas veraniegos, en los que podemos olvidarnos de todo lo que nos preocupa mientras dejamos que el sol acaricie nuestro rostro.<\/p>\n<p>&nbsp;<\/p>\n<h3>Notas Olfativas<\/h3>\n<p>&nbsp;<\/p>\n<p>Supremacy in Heaven, lanzada en 2018, est\u00e1 clasificada como una fragancia para hombres y pertenece a las familias olfativas Fougere y C\u00edtrica.<\/p>\n<p>Supremacy in Heaven forma parte de la colecci\u00f3n SUPREMACY. Supremacy In Heaven de Afnan es una fragancia cautivadora de la familia olfativa c\u00edtrica Arom\u00e1tica, dise\u00f1ada especialmente para hombres que buscan una experiencia olfativa \u00fanica garantizando una experiencia olfativa excepcional con cada aplicaci\u00f3n.<\/p>\n<p>Al abrirse con una frescura chispeante, esta fragancia c\u00edtrica y amaderada brinda un toque a la hora del t\u00e9, el aroma del t\u00e9 verde reci\u00e9n hecho calma los sentidos mientras uno camina por el sendero de piedra que parece un bosque, una terrosidad profunda envuelve en su calidez mientras el suave resplandor del sol roza.<\/p>\n<p><strong>Notas de salida:<\/strong> bergamota, mandarina.<\/p>\n<p><strong>Notas de coraz\u00f3n:<\/strong> t\u00e9 verde, grosellas negras.<\/p>\n<p><strong>Notas de fondo:<\/strong> almizcle, madera, s\u00e1ndalo.<\/p>\n<\/div>\n<\/div>\n<\/div>\n<\/section>\n<\/div>\n<\/div>\n<\/div>\n<\/div>\n<\/div>\n<\/div>\n<\/div>\n<\/div>\n<\/div>\n<\/div>\n<\/section>\n<\/div>\n<\/div>\n<\/div>\n<\/div>\n<\/div>\n<\/div>\n<\/div>\n","protected":false},"excerpt":{"rendered":"<p>SUPREMACY IN HEAVEN Asciende a un cielo soleado con Supremacy In Heaven una fragancia amaderada ligera y vaporosa que te<\/p>\n","protected":false},"featured_media":99726,"comment_status":"open","ping_status":"closed","template":"","meta":{"nf_dc_page":""},"product_brand":[102],"product_cat":[84],"product_tag":[3027],"class_list":{"0":"post-99725","1":"product","2":"type-product","3":"status-publish","4":"has-post-thumbnail","6":"product_brand-afnan","7":"product_cat-perfumeria","8":"product_tag-3027","10":"first","11":"instock","12":"shipping-taxable","13":"purchasable","14":"product-type-simple"},"_links":{"self":[{"href":"https:\/\/brandss.com.py\/index\/wp-json\/wp\/v2\/product\/99725","targetHints":{"allow":["GET"]}}],"collection":[{"href":"https:\/\/brandss.com.py\/index\/wp-json\/wp\/v2\/product"}],"about":[{"href":"https:\/\/brandss.com.py\/index\/wp-json\/wp\/v2\/types\/product"}],"replies":[{"embeddable":true,"href":"https:\/\/brandss.com.py\/index\/wp-json\/wp\/v2\/comments?post=99725"}],"version-history":[{"count":2,"href":"https:\/\/brandss.com.py\/index\/wp-json\/wp\/v2\/product\/99725\/revisions"}],"predecessor-version":[{"id":99734,"href":"https:\/\/brandss.com.py\/index\/wp-json\/wp\/v2\/product\/99725\/revisions\/99734"}],"wp:featuredmedia":[{"embeddable":true,"href":"https:\/\/brandss.com.py\/index\/wp-json\/wp\/v2\/media\/99726"}],"wp:attachment":[{"href":"https:\/\/brandss.com.py\/index\/wp-json\/wp\/v2\/media?parent=99725"}],"wp:term":[{"taxonomy":"product_brand","embeddable":true,"href":"https:\/\/brandss.com.py\/index\/wp-json\/wp\/v2\/product_brand?post=99725"},{"taxonomy":"product_cat","embeddable":true,"href":"https:\/\/brandss.com.py\/index\/wp-json\/wp\/v2\/product_cat?post=99725"},{"taxonomy":"product_tag","embeddable":true,"href":"https:\/\/brandss.com.py\/index\/wp-json\/wp\/v2\/product_tag?post=99725"}],"curies":[{"name":"wp","href":"https:\/\/api.w.org\/{rel}","templated":true}]}}