{"id":99744,"date":"2026-03-04T16:42:14","date_gmt":"2026-03-04T16:42:14","guid":{"rendered":"https:\/\/brandss.com.py\/index\/?post_type=product&#038;p=99744"},"modified":"2026-04-20T12:25:04","modified_gmt":"2026-04-20T12:25:04","slug":"perfume-femenino-afnan-souvenir-floral-bouquet-edp-100ml","status":"publish","type":"product","link":"https:\/\/brandss.com.py\/index\/producto\/perfume-femenino-afnan-souvenir-floral-bouquet-edp-100ml\/","title":{"rendered":"PERFUME FEMENINO AFNAN SOUVENIR FLORAL BOUQUET EDP 100ML"},"content":{"rendered":"<p><img loading=\"lazy\" decoding=\"async\" class=\"\" src=\"https:\/\/www.961scents.com\/cdn\/shop\/collections\/afnan_logo.png?v=1747839919\" alt=\"V\u00e9saura - Afnan Logo Meaning: Symbolism Behind the Afnan\" width=\"78\" height=\"78\" \/><\/p>\n<h1>SOUVENIR FLORAL BOUQUET<\/h1>\n<p><span dir=\"auto\">El ramo floral de recuerdo para mujer<\/span><span dir=\"auto\"> encapsula la esencia de un jard\u00edn floreciente en plena floraci\u00f3n<\/span>\u00a0que a\u00fana raz\u00f3n y sentimiento. Esta moderna fragancia floral y frutal ha sido creada para alegrar el d\u00eda a la mujer que la lleva e infundirle buen humor. Es un perfume que esconde en un lujoso frasco blanco la esencia de una mujer moderna que sabe lo que quiere, pero, al mismo tiempo, es capaz de so\u00f1ar y expresar sus sentimientos a la perfecci\u00f3n.<img loading=\"lazy\" decoding=\"async\" class=\"alignleft\" src=\"https:\/\/es.afnan.com\/cdn\/shop\/files\/25_Souvenir-White.jpg?v=1770011153&amp;width=800\" width=\"556\" height=\"695\" \/><\/p>\n<p>La fragancia es rica como un ramo de las flores m\u00e1s selectas y chispeante como una gota de roc\u00edo en sus p\u00e9talos. Con su sofisticada composici\u00f3n e ingredientes de lujo, Afnan Souvenir Floral Bouquet es un imprescindible para quienes aprecian las fragancias de alta calidad.<\/p>\n<p>Su formato EDP en spray garantiza una experiencia arom\u00e1tica duradera y consistente durante todo el d\u00eda.<\/p>\n<h3><\/h3>\n<h3>Notas Olfativas<\/h3>\n<p>&nbsp;<\/p>\n<p><span dir=\"auto\">Descubra el encanto encantador de Afnan Souvenir Floral Bouquet, una fragancia cautivadora lanzada en 2020. Este exquisito aroma, dise\u00f1ado espec\u00edficamente para damas, pertenece a la\u00a0<\/span><span dir=\"auto\">familia Floral<\/span><span dir=\"auto\">\u00a0y es una elegante adici\u00f3n a cualquier colecci\u00f3n de perfumes.<\/span><\/p>\n<p><span dir=\"auto\">Las\u00a0<\/span><span dir=\"auto\">notas de salida<\/span><span dir=\"auto\"> de este perfume incluyen la singular mezcla de\u00a0<\/span><span dir=\"auto\">ruibarbo, lichi y bergamota<\/span><span dir=\"auto\">, ofreciendo un comienzo fresco y estimulante. A medida que la fragancia se desarrolla, las\u00a0<\/span><span dir=\"auto\">notas de coraz\u00f3n<\/span><span dir=\"auto\">\u00a0revelan un hermoso\u00a0<\/span><span dir=\"auto\">bouquet de rosa, peon\u00eda, vainilla y muguete<\/span><span dir=\"auto\">, creando una esencia suave y femenina. <\/span><\/p>\n<p><span dir=\"auto\">Las\u00a0<\/span><span dir=\"auto\">notas de fondo de almizcle, madera de cachemira y \u00e1mbar<\/span><span dir=\"auto\"> proporcionan un final c\u00e1lido y duradero, haciendo de esta fragancia la fragancia perfecta para cualquier ocasi\u00f3n.\u00a0<\/span><\/p>\n<p><strong>Notas de salida:<\/strong> lichi, ruibarbo, bergamota.<br \/>\n<strong>Notas de coraz\u00f3n:<\/strong> rosa, muguet, peon\u00eda, vainilla.<br \/>\n<strong>Notas de fondo:<\/strong> almizcle, madera de cachemira, \u00e1mbar.<\/p>\n","protected":false},"excerpt":{"rendered":"<p>SOUVENIR FLORAL BOUQUET El ramo floral de recuerdo para mujer encapsula la esencia de un jard\u00edn floreciente en plena floraci\u00f3n\u00a0que<\/p>\n","protected":false},"featured_media":99745,"comment_status":"open","ping_status":"closed","template":"","meta":{"nf_dc_page":""},"product_brand":[102],"product_cat":[84],"product_tag":[3029],"class_list":{"0":"post-99744","1":"product","2":"type-product","3":"status-publish","4":"has-post-thumbnail","6":"product_brand-afnan","7":"product_cat-perfumeria","8":"product_tag-3029","10":"first","11":"outofstock","12":"shipping-taxable","13":"purchasable","14":"product-type-simple"},"_links":{"self":[{"href":"https:\/\/brandss.com.py\/index\/wp-json\/wp\/v2\/product\/99744","targetHints":{"allow":["GET"]}}],"collection":[{"href":"https:\/\/brandss.com.py\/index\/wp-json\/wp\/v2\/product"}],"about":[{"href":"https:\/\/brandss.com.py\/index\/wp-json\/wp\/v2\/types\/product"}],"replies":[{"embeddable":true,"href":"https:\/\/brandss.com.py\/index\/wp-json\/wp\/v2\/comments?post=99744"}],"version-history":[{"count":1,"href":"https:\/\/brandss.com.py\/index\/wp-json\/wp\/v2\/product\/99744\/revisions"}],"predecessor-version":[{"id":99752,"href":"https:\/\/brandss.com.py\/index\/wp-json\/wp\/v2\/product\/99744\/revisions\/99752"}],"wp:featuredmedia":[{"embeddable":true,"href":"https:\/\/brandss.com.py\/index\/wp-json\/wp\/v2\/media\/99745"}],"wp:attachment":[{"href":"https:\/\/brandss.com.py\/index\/wp-json\/wp\/v2\/media?parent=99744"}],"wp:term":[{"taxonomy":"product_brand","embeddable":true,"href":"https:\/\/brandss.com.py\/index\/wp-json\/wp\/v2\/product_brand?post=99744"},{"taxonomy":"product_cat","embeddable":true,"href":"https:\/\/brandss.com.py\/index\/wp-json\/wp\/v2\/product_cat?post=99744"},{"taxonomy":"product_tag","embeddable":true,"href":"https:\/\/brandss.com.py\/index\/wp-json\/wp\/v2\/product_tag?post=99744"}],"curies":[{"name":"wp","href":"https:\/\/api.w.org\/{rel}","templated":true}]}}