{"id":99765,"date":"2026-03-04T19:06:29","date_gmt":"2026-03-04T19:06:29","guid":{"rendered":"https:\/\/brandss.com.py\/index\/?post_type=product&#038;p=99765"},"modified":"2026-04-16T12:31:04","modified_gmt":"2026-04-16T12:31:04","slug":"perfume-masculino-lattafa-musamam-black-intense-edp-100ml","status":"publish","type":"product","link":"https:\/\/brandss.com.py\/index\/producto\/perfume-masculino-lattafa-musamam-black-intense-edp-100ml\/","title":{"rendered":"PERFUME MASCULINO LATTAFA MUSAMAM BLACK INTENSE EDP 100ML"},"content":{"rendered":"<p><img loading=\"lazy\" decoding=\"async\" class=\"\" src=\"https:\/\/myscentjourney.s3.us-east-2.amazonaws.com\/2022\/02\/14\/29KIascent_j_marca_1644871114_202.png\" alt=\"MSJ::LATTAFA\" width=\"69\" height=\"82\" \/><\/p>\n<h1>MUSAMAN BLACK INTENSE<\/h1>\n<p>Es una potente fragancia arom\u00e1tica amaderada. Est\u00e1 especialmente dise\u00f1ado para hombres que disfrutan de aromas atrevidos y modernos.<\/p>\n<h3>Beneficios<img loading=\"lazy\" decoding=\"async\" class=\"alignleft\" src=\"https:\/\/www.nurabliss.co.uk\/cdn\/shop\/files\/LattafaMusamamBlackIntenseEauDeParfumforMen_5.png?v=1766219824&amp;width=1500\" width=\"762\" height=\"762\" \/><\/h3>\n<ul>\n<li><span dir=\"auto\">Aroma rico y cautivador: una fragancia audaz con una mezcla de notas orientales profundas que dejan una\u00a0<\/span><span dir=\"auto\">impresi\u00f3n duradera<\/span><span dir=\"auto\">.<\/span><\/li>\n<li><span dir=\"auto\">Equilibrio exquisito: combina acordes<\/span><span dir=\"auto\">\u00a0ahumados, especiados y amaderados\u00a0con un toque\u00a0<\/span><span dir=\"auto\">dulce<\/span><span dir=\"auto\">, perfecto para cualquier ocasi\u00f3n.<\/span><\/li>\n<li><span dir=\"auto\">Larga duraci\u00f3n: Su f\u00f3rmula intensa asegura que la fragancia permanezca contigo durante todo el\u00a0<\/span><span dir=\"auto\">d\u00eda<\/span><span dir=\"auto\">\u00a0o\u00a0<\/span><span dir=\"auto\">la noche<\/span><span dir=\"auto\">.<\/span><\/li>\n<li><span dir=\"auto\">Dise\u00f1o elegante de la botella: el empaque elegante y\u00a0<\/span><span dir=\"auto\">sofisticado<\/span><span dir=\"auto\">\u00a0agrega un toque lujoso a su\u00a0<\/span><span dir=\"auto\">colecci\u00f3n de fragancias<\/span><span dir=\"auto\">.<\/span><\/li>\n<li><span dir=\"auto\">Perfecto para la noche: ideal para eventos formales o\u00a0<\/span><span dir=\"auto\">salidas nocturnas<\/span><span dir=\"auto\">, ofrece un aura refinada y segura.<\/span><\/li>\n<\/ul>\n<h3>Notas Olfativas<\/h3>\n<p>&nbsp;<\/p>\n<p data-start=\"67\" data-end=\"404\"><span dir=\"auto\">Musamam Black Intense es una composici\u00f3n arom\u00e1tica amaderada que combina un refinamiento moderno con una calidez profunda y adictiva. Se abre con una explosi\u00f3n de lavanda y salvia, revitalizada por la bergamota fresca y la sutil especia de la nuez moscada. La entrada es fresca pero imponente, creando el tono perfecto para una fragancia que equilibra claridad y fuerza.<\/span><\/p>\n<p data-start=\"406\" data-end=\"877\"><span dir=\"auto\">A medida que se desarrolla, el geranio y la Rosyfolia\u2122 aportan un refinado matiz floral, enriquecido por la suave dulzura del Mahonial\u2122 y con un fondo de madera de cedro. <\/span><\/p>\n<p data-start=\"406\" data-end=\"877\"><span dir=\"auto\">La base se despliega en madera de arce, pachul\u00ed y haba tonka, con toques de Cocoapulse\u2122 para un cremoso toque gourmand y Ambrofix\u2122 para una c\u00e1lida luminosidad ambarina y amaderada. <\/span><\/p>\n<p data-start=\"406\" data-end=\"877\"><span dir=\"auto\">Rica, suave y duradera, Musamam Black Intense es ideal para la noche, las estaciones m\u00e1s fr\u00edas y los momentos que exigen una presencia audaz con una sofisticaci\u00f3n refinada.<\/span><\/p>\n<p data-start=\"406\" data-end=\"877\"><strong data-start=\"900\" data-end=\"914\"><span dir=\"auto\">Notas de salida:<\/span><\/strong><span dir=\"auto\"> lavanda, nuez moscada, bergamota, salvia.<\/span><br data-start=\"947\" data-end=\"950\" \/><strong data-start=\"950\" data-end=\"966\"><span dir=\"auto\">Notas de coraz\u00f3n:<\/span><\/strong><span dir=\"auto\"> geranio, Rosyfolia\u2122, Mahonial\u2122, madera de cedro.<\/span><br data-start=\"1009\" data-end=\"1012\" \/><strong data-start=\"1012\" data-end=\"1027\"><span dir=\"auto\">Notas de fondo:<\/span><\/strong><span dir=\"auto\"> madera de arce, pachul\u00ed, haba tonka, Cocoapulse\u2122, Ambrofix\u2122.<\/span><\/p>\n","protected":false},"excerpt":{"rendered":"<p>MUSAMAN BLACK INTENSE Es una potente fragancia arom\u00e1tica amaderada. Est\u00e1 especialmente dise\u00f1ado para hombres que disfrutan de aromas atrevidos y<\/p>\n","protected":false},"featured_media":99766,"comment_status":"open","ping_status":"closed","template":"","meta":{"nf_dc_page":""},"product_brand":[109],"product_cat":[84],"product_tag":[3032],"class_list":{"0":"post-99765","1":"product","2":"type-product","3":"status-publish","4":"has-post-thumbnail","6":"product_brand-lattafa","7":"product_cat-perfumeria","8":"product_tag-3032","10":"first","11":"instock","12":"sale","13":"shipping-taxable","14":"purchasable","15":"product-type-simple"},"_links":{"self":[{"href":"https:\/\/brandss.com.py\/index\/wp-json\/wp\/v2\/product\/99765","targetHints":{"allow":["GET"]}}],"collection":[{"href":"https:\/\/brandss.com.py\/index\/wp-json\/wp\/v2\/product"}],"about":[{"href":"https:\/\/brandss.com.py\/index\/wp-json\/wp\/v2\/types\/product"}],"replies":[{"embeddable":true,"href":"https:\/\/brandss.com.py\/index\/wp-json\/wp\/v2\/comments?post=99765"}],"version-history":[{"count":2,"href":"https:\/\/brandss.com.py\/index\/wp-json\/wp\/v2\/product\/99765\/revisions"}],"predecessor-version":[{"id":99775,"href":"https:\/\/brandss.com.py\/index\/wp-json\/wp\/v2\/product\/99765\/revisions\/99775"}],"wp:featuredmedia":[{"embeddable":true,"href":"https:\/\/brandss.com.py\/index\/wp-json\/wp\/v2\/media\/99766"}],"wp:attachment":[{"href":"https:\/\/brandss.com.py\/index\/wp-json\/wp\/v2\/media?parent=99765"}],"wp:term":[{"taxonomy":"product_brand","embeddable":true,"href":"https:\/\/brandss.com.py\/index\/wp-json\/wp\/v2\/product_brand?post=99765"},{"taxonomy":"product_cat","embeddable":true,"href":"https:\/\/brandss.com.py\/index\/wp-json\/wp\/v2\/product_cat?post=99765"},{"taxonomy":"product_tag","embeddable":true,"href":"https:\/\/brandss.com.py\/index\/wp-json\/wp\/v2\/product_tag?post=99765"}],"curies":[{"name":"wp","href":"https:\/\/api.w.org\/{rel}","templated":true}]}}