{"id":99801,"date":"2026-03-06T11:48:15","date_gmt":"2026-03-06T11:48:15","guid":{"rendered":"https:\/\/brandss.com.py\/index\/?post_type=product&#038;p=99801"},"modified":"2026-03-06T11:50:56","modified_gmt":"2026-03-06T11:50:56","slug":"base-facial-ruby-rose-perfect-blend-stick-10gr","status":"publish","type":"product","link":"https:\/\/brandss.com.py\/index\/producto\/base-facial-ruby-rose-perfect-blend-stick-10gr\/","title":{"rendered":"BASE FACIAL RUBY ROSE PERFECT BLEND STICK 10GR"},"content":{"rendered":"<p><img loading=\"lazy\" decoding=\"async\" class=\"\" src=\"https:\/\/www.rubyrose.com.co\/cdn\/shop\/files\/LOGO_2x_125ecf34-c834-4adf-924a-59a9a178c39a_996x.png?v=1752701852\" alt=\"Productos de maquillaje | Ruby Rose\" width=\"99\" height=\"30\" \/><\/p>\n<h1>PERFECT BLEND<\/h1>\n<p><span dir=\"auto\">La base de maquillaje en barra Perfect Blend HB-M300 de Ruby Rose ofrece practicidad, una cobertura adaptable y un acabado uniforme. Su textura cremosa se desliza f\u00e1cilmente sobre la piel, proporcionando un efecto natural, ideal para pieles que buscan una cobertura r\u00e1pida y aterciopelada que dure todo el d\u00eda.<img decoding=\"async\" class=\"alignleft\" src=\"https:\/\/down-br.img.susercontent.com\/file\/sg-11134201-7rdve-mc159ysmdvvy9a\" \/><\/span><\/p>\n<p>&nbsp;<\/p>\n<p><strong><span dir=\"auto\">Caracter\u00edsticas y beneficios:<\/span><\/strong><\/p>\n<p>&nbsp;<\/p>\n<ol>\n<li><strong><span dir=\"auto\">F\u00e1cil aplicaci\u00f3n:<\/span><\/strong><span dir=\"auto\">\u00a0El formato en stick permite una f\u00e1cil aplicaci\u00f3n directamente sobre la piel.<\/span><\/li>\n<li><strong><span dir=\"auto\">Cobertura modular:<\/span><\/strong><span dir=\"auto\">\u00a0De media a alta, dependiendo del n\u00famero de capas.<\/span><\/li>\n<li><strong><span dir=\"auto\">Textura cremosa:<\/span><\/strong><span dir=\"auto\">\u00a0se desliza suavemente y se extiende f\u00e1cilmente.<\/span><\/li>\n<li><strong><span dir=\"auto\">Acabado natural:<\/span><\/strong><span dir=\"auto\">\u00a0Tono de piel uniforme sin aspecto pesado.<\/span><\/li>\n<li><strong><span dir=\"auto\">C\u00f3modo de llevar:<\/span><\/strong><span dir=\"auto\">\u00a0ideal para retoques y uso diario.<\/span><\/li>\n<\/ol>\n<p>&nbsp;<\/p>\n<p><strong><span dir=\"auto\">Instrucciones de uso:<\/span><\/strong><\/p>\n<p>&nbsp;<\/p>\n<p><span dir=\"auto\">Aplicar directamente sobre el rostro, con toques suaves en las zonas deseadas. Difuminar con una brocha, una esponja o los dedos hasta lograr el acabado deseado. Se puede usar solo o combinado con corrector y polvos para una mayor durabilidad. Ideal para aplicar capas seg\u00fan sea necesario.<\/span><\/p>\n<p><span dir=\"auto\">\u00a1Consigue una piel perfecta con facilidad usando la base Ruby Rose, perfecta para un maquillaje r\u00e1pido y uniforme con un acabado profesional!<\/span><\/p>\n","protected":false},"excerpt":{"rendered":"<p>PERFECT BLEND La base de maquillaje en barra Perfect Blend HB-M300 de Ruby Rose ofrece practicidad, una cobertura adaptable y<\/p>\n","protected":false},"featured_media":99802,"comment_status":"open","ping_status":"closed","template":"","meta":{"nf_dc_page":""},"product_brand":[2962],"product_cat":[95],"product_tag":[3039],"class_list":{"0":"post-99801","1":"product","2":"type-product","3":"status-publish","4":"has-post-thumbnail","6":"product_brand-ruby-rose","7":"product_cat-maquillaje","8":"product_tag-3039","10":"first","11":"instock","12":"shipping-taxable","13":"purchasable","14":"product-type-simple"},"_links":{"self":[{"href":"https:\/\/brandss.com.py\/index\/wp-json\/wp\/v2\/product\/99801","targetHints":{"allow":["GET"]}}],"collection":[{"href":"https:\/\/brandss.com.py\/index\/wp-json\/wp\/v2\/product"}],"about":[{"href":"https:\/\/brandss.com.py\/index\/wp-json\/wp\/v2\/types\/product"}],"replies":[{"embeddable":true,"href":"https:\/\/brandss.com.py\/index\/wp-json\/wp\/v2\/comments?post=99801"}],"version-history":[{"count":2,"href":"https:\/\/brandss.com.py\/index\/wp-json\/wp\/v2\/product\/99801\/revisions"}],"predecessor-version":[{"id":99811,"href":"https:\/\/brandss.com.py\/index\/wp-json\/wp\/v2\/product\/99801\/revisions\/99811"}],"wp:featuredmedia":[{"embeddable":true,"href":"https:\/\/brandss.com.py\/index\/wp-json\/wp\/v2\/media\/99802"}],"wp:attachment":[{"href":"https:\/\/brandss.com.py\/index\/wp-json\/wp\/v2\/media?parent=99801"}],"wp:term":[{"taxonomy":"product_brand","embeddable":true,"href":"https:\/\/brandss.com.py\/index\/wp-json\/wp\/v2\/product_brand?post=99801"},{"taxonomy":"product_cat","embeddable":true,"href":"https:\/\/brandss.com.py\/index\/wp-json\/wp\/v2\/product_cat?post=99801"},{"taxonomy":"product_tag","embeddable":true,"href":"https:\/\/brandss.com.py\/index\/wp-json\/wp\/v2\/product_tag?post=99801"}],"curies":[{"name":"wp","href":"https:\/\/api.w.org\/{rel}","templated":true}]}}