{"id":99825,"date":"2026-03-06T14:36:16","date_gmt":"2026-03-06T14:36:16","guid":{"rendered":"https:\/\/brandss.com.py\/index\/?post_type=product&#038;p=99825"},"modified":"2026-03-06T14:36:47","modified_gmt":"2026-03-06T14:36:47","slug":"rubor-facial-ruby-rose-dreamy-cheeks-stick-6-57gr","status":"publish","type":"product","link":"https:\/\/brandss.com.py\/index\/producto\/rubor-facial-ruby-rose-dreamy-cheeks-stick-6-57gr\/","title":{"rendered":"RUBOR FACIAL RUBY ROSE DREAMY CHEEKS STICK 6.57GR"},"content":{"rendered":"<p><img loading=\"lazy\" decoding=\"async\" class=\"\" src=\"https:\/\/www.rubyrose.com.co\/cdn\/shop\/files\/LOGO_2x_125ecf34-c834-4adf-924a-59a9a178c39a_996x.png?v=1752701852\" alt=\"Productos de maquillaje | Ruby Rose\" width=\"76\" height=\"23\" \/><\/p>\n<h1>DREAMY CHEEKS<\/h1>\n<p>\u00a1Resalta tus p\u00f3mulos con un toque moderno, pr\u00e1ctico y encantador! El rubor en barra Ruby Rose Dreamy Cheeks es un rubor cremoso muy f\u00e1cil de aplicar que proporciona un acabado natural y radiante. Su textura suave se desliza suavemente sobre la piel, proporcionando un color sofisticado con un efecto ahumado. Tiene una textura cremosa de f\u00e1cil aplicaci\u00f3n, un acabado natural con un suave efecto de brillo, larga duraci\u00f3n y no acent\u00faa los poros.<img decoding=\"async\" class=\"alignleft\" src=\"https:\/\/bellacentral.com.ar\/wp-content\/uploads\/2025\/08\/WPS-Photos1.png\" \/><\/p>\n<h3 class=\"p4\"><span class=\"s3\">\u00a0<\/span><b>Beneficios<\/b><b><\/b><\/h3>\n<ul>\n<li>\n<p class=\"p1\">Textura cremosa y confortable.<\/p>\n<\/li>\n<li>\n<p class=\"p1\">F\u00e1cil de aplicar y difuminar.<\/p>\n<\/li>\n<li>\n<p class=\"p1\">Acabado natural.<\/p>\n<\/li>\n<li>\n<p class=\"p1\">Perfecto para todo tipo de piel.<\/p>\n<\/li>\n<\/ul>\n<h3><\/h3>\n<h3>Modo de empleo:<\/h3>\n<p>&nbsp;<\/p>\n<p>Aplica el rubor directamente en las manzanas de tus mejillas.<\/p>\n<p>Con los dedos, una esponja o una brocha, extiende el producto con suaves toques hasta que est\u00e9 uniforme.<\/p>\n<p>Crea capas si quieres un efecto m\u00e1s intenso.<\/p>\n<p>Tambi\u00e9n se puede utilizar como l\u00e1piz labial o sombra de ojos en crema.<\/p>\n<h3>Preguntas frecuentes:<\/h3>\n<p>\u00bfSe puede usar en piel grasa? \u00a1S\u00ed! A pesar de su textura cremosa, el acabado es ligero y no se siente pesado en la piel. \u00bfSe transfiere f\u00e1cilmente? Tiene buen poder de fijaci\u00f3n. Para una mayor durabilidad, puedes fijarlo con polvos transl\u00facidos.<\/p>\n<p>\u00bfEl rubor se acumula en las l\u00edneas de expresi\u00f3n? No. Tiene una textura ligera y cremosa que se extiende f\u00e1cilmente, sin acumularse ni enfatizar las l\u00edneas de expresi\u00f3n en el rostro.<\/p>\n<p>\u00bfSe seca en la piel o permanece cremoso? Tiene una sensaci\u00f3n c\u00f3moda y un acabado de brillo natural, pero no pegajoso. Quienes prefieren un acabado seco pueden fijarlo con polvos.<\/p>\n<p>\u00bfPuede ser utilizado por personas con piel sensible? S\u00ed, pero como con cualquier cosm\u00e9tico, se recomienda hacer una prueba en una zona espec\u00edfica antes de usar si tu piel es muy sensible o reactiva.<\/p>\n<p>\u00bfMancha la base de maquillaje? No, siempre y cuando se aplique con ligeros toques, sin arrastrar. Se puede usar con esponja, brocha o incluso con los dedos.<\/p>\n","protected":false},"excerpt":{"rendered":"<p>DREAMY CHEEKS \u00a1Resalta tus p\u00f3mulos con un toque moderno, pr\u00e1ctico y encantador! El rubor en barra Ruby Rose Dreamy Cheeks<\/p>\n","protected":false},"featured_media":99826,"comment_status":"open","ping_status":"closed","template":"","meta":{"nf_dc_page":""},"product_brand":[2962],"product_cat":[95],"product_tag":[3041],"class_list":{"0":"post-99825","1":"product","2":"type-product","3":"status-publish","4":"has-post-thumbnail","6":"product_brand-ruby-rose","7":"product_cat-maquillaje","8":"product_tag-3041","10":"first","11":"instock","12":"shipping-taxable","13":"purchasable","14":"product-type-simple"},"_links":{"self":[{"href":"https:\/\/brandss.com.py\/index\/wp-json\/wp\/v2\/product\/99825","targetHints":{"allow":["GET"]}}],"collection":[{"href":"https:\/\/brandss.com.py\/index\/wp-json\/wp\/v2\/product"}],"about":[{"href":"https:\/\/brandss.com.py\/index\/wp-json\/wp\/v2\/types\/product"}],"replies":[{"embeddable":true,"href":"https:\/\/brandss.com.py\/index\/wp-json\/wp\/v2\/comments?post=99825"}],"version-history":[{"count":1,"href":"https:\/\/brandss.com.py\/index\/wp-json\/wp\/v2\/product\/99825\/revisions"}],"predecessor-version":[{"id":99837,"href":"https:\/\/brandss.com.py\/index\/wp-json\/wp\/v2\/product\/99825\/revisions\/99837"}],"wp:featuredmedia":[{"embeddable":true,"href":"https:\/\/brandss.com.py\/index\/wp-json\/wp\/v2\/media\/99826"}],"wp:attachment":[{"href":"https:\/\/brandss.com.py\/index\/wp-json\/wp\/v2\/media?parent=99825"}],"wp:term":[{"taxonomy":"product_brand","embeddable":true,"href":"https:\/\/brandss.com.py\/index\/wp-json\/wp\/v2\/product_brand?post=99825"},{"taxonomy":"product_cat","embeddable":true,"href":"https:\/\/brandss.com.py\/index\/wp-json\/wp\/v2\/product_cat?post=99825"},{"taxonomy":"product_tag","embeddable":true,"href":"https:\/\/brandss.com.py\/index\/wp-json\/wp\/v2\/product_tag?post=99825"}],"curies":[{"name":"wp","href":"https:\/\/api.w.org\/{rel}","templated":true}]}}