{"id":99880,"date":"2026-03-07T14:02:20","date_gmt":"2026-03-07T14:02:20","guid":{"rendered":"https:\/\/brandss.com.py\/index\/?post_type=product&#038;p=99880"},"modified":"2026-03-07T14:02:44","modified_gmt":"2026-03-07T14:02:44","slug":"calzado-deportivo-masculino-peak-taichi-flash-6-lou-williams-canvas-purple","status":"publish","type":"product","link":"https:\/\/brandss.com.py\/index\/producto\/calzado-deportivo-masculino-peak-taichi-flash-6-lou-williams-canvas-purple\/","title":{"rendered":"CALZADO DEPORTIVO MASCULINO PEAK TAICHI FLASH 6 LOU WILLIAMS CANVAS PURPLE"},"content":{"rendered":"<p><img loading=\"lazy\" decoding=\"async\" class=\"\" src=\"https:\/\/peakoficial.com.ar\/wp-content\/uploads\/2025\/06\/logo2peak.png\" alt=\"Team Peak - Peak\" width=\"120\" height=\"120\" \/><\/p>\n<h1>TAICHI FLASH 6 LOU WILLIAMS<\/h1>\n<p><span dir=\"auto\">El apodo de Lou Williams, &#8220;UNDERGROUND GOAT&#8221; (El m\u00e1s grande de todos los tiempos en el Underground), inspir\u00f3 el dise\u00f1o de las zapatillas de baloncesto PEAK Lou Williams TAICHI Flash 6 para hombre. Este t\u00edtulo simboliza la formidable potencia de Lou Williams en la cancha. La zapatilla luce las palabras &#8220;UNDERGROUND GOAT&#8221;, el logotipo exclusivo de Lou Williams y su firma manuscrita, todo lo cual resalta su estilo personal.<\/span><\/p>\n<p><span dir=\"auto\">\u00a0Las combinaciones de colores de las zapatillas de baloncesto PEAK Lou Williams TAICHI Flash 6 para hombre tambi\u00e9n incluyen una combinaci\u00f3n de colores &#8220;High School&#8221; que rinde homenaje a la experiencia de Lou Williams en la escuela secundaria, una combinaci\u00f3n de colores colaborativa en honor a los hermanos Haier, as\u00ed como combinaciones de colores que conmemoran el Mes de la Historia Afroamericana y la Navidad, entre otros. La integraci\u00f3n de estos elementos de color hace que las Flash 6 sean visualmente m\u00e1s diversas y ricas.<\/span><\/p>\n<p><span dir=\"auto\">Ajuste Adaptable: El ajuste adaptativo de las zapatillas de baloncesto PEAK Lou Williams TAICHI Flash 6 para hombre est\u00e1 inspirado en un cintur\u00f3n de seguridad de cuatro puntos. Este dise\u00f1o ofrece un ajuste c\u00f3modo y firme, reduciendo la presi\u00f3n en la parte superior del pie y mejorando la experiencia de uso.<\/span><\/p>\n<p><span dir=\"auto\">Tecnolog\u00eda de entresuela: Las zapatillas de baloncesto PEAK Lou Williams TAICHI Flash 6 para hombre incorporan una entresuela ultraligera P-ULTRALIGHT de longitud completa, tecnolog\u00eda de alta velocidad P-SOON en el antepi\u00e9 y tecnolog\u00eda ligera Taichi en el tal\u00f3n. La combinaci\u00f3n de estos elementos tecnol\u00f3gicos garantiza un rendimiento excepcional de las Flash 6 en cuanto a amortiguaci\u00f3n, rebote y estabilidad.<\/span><\/p>\n<h3>Caracter\u00edsticas<\/h3>\n<p><span dir=\"auto\">Marca: Peak.<\/span><br \/>\n<span dir=\"auto\">Nombre: Calzados de baloncesto PEAK Lou Williams TAICHI Flash 6 para hombre.<\/span><br \/>\n<span dir=\"auto\">Modelo: ET43111A.<\/span><br \/>\n<span dir=\"auto\">Altura superior: Parte superior baja (altura superior inferior a 10 cm).<\/span><br \/>\n<span dir=\"auto\">G\u00e9nero: Masculino.<\/span><br \/>\n<span dir=\"auto\">Material superior: tela + piel sint\u00e9tica.<\/span><br \/>\n<span dir=\"auto\">Disponible: Verano 2024.<\/span><br \/>\n<span dir=\"auto\">Funciones: Equilibrio, soporte, rebote, antideslizante, ligero, aumento, transpirable, encapsulaci\u00f3n, amortiguaci\u00f3n, absorci\u00f3n de impactos, resistencia al desgaste.<\/span><br \/>\n<span dir=\"auto\">Serie: Serie Speed.<\/span><br \/>\n<span dir=\"auto\">\u200b\u200bLugar adecuado: suelo de hormig\u00f3n exterior, suelo interior, cancha de baloncesto.<\/span><br \/>\n<span dir=\"auto\">Material de la suela: goma antideslizante.<\/span><\/p>\n","protected":false},"excerpt":{"rendered":"<p>TAICHI FLASH 6 LOU WILLIAMS El apodo de Lou Williams, &#8220;UNDERGROUND GOAT&#8221; (El m\u00e1s grande de todos los tiempos en<\/p>\n","protected":false},"featured_media":99881,"comment_status":"open","ping_status":"closed","template":"","meta":{"nf_dc_page":""},"product_brand":[3042],"product_cat":[76],"product_tag":[3049],"class_list":{"0":"post-99880","1":"product","2":"type-product","3":"status-publish","4":"has-post-thumbnail","6":"product_brand-peak","7":"product_cat-masculino","8":"product_tag-et43111a-cp","10":"first","11":"instock","12":"shipping-taxable","13":"purchasable","14":"product-type-simple"},"_links":{"self":[{"href":"https:\/\/brandss.com.py\/index\/wp-json\/wp\/v2\/product\/99880","targetHints":{"allow":["GET"]}}],"collection":[{"href":"https:\/\/brandss.com.py\/index\/wp-json\/wp\/v2\/product"}],"about":[{"href":"https:\/\/brandss.com.py\/index\/wp-json\/wp\/v2\/types\/product"}],"replies":[{"embeddable":true,"href":"https:\/\/brandss.com.py\/index\/wp-json\/wp\/v2\/comments?post=99880"}],"version-history":[{"count":1,"href":"https:\/\/brandss.com.py\/index\/wp-json\/wp\/v2\/product\/99880\/revisions"}],"predecessor-version":[{"id":99887,"href":"https:\/\/brandss.com.py\/index\/wp-json\/wp\/v2\/product\/99880\/revisions\/99887"}],"wp:featuredmedia":[{"embeddable":true,"href":"https:\/\/brandss.com.py\/index\/wp-json\/wp\/v2\/media\/99881"}],"wp:attachment":[{"href":"https:\/\/brandss.com.py\/index\/wp-json\/wp\/v2\/media?parent=99880"}],"wp:term":[{"taxonomy":"product_brand","embeddable":true,"href":"https:\/\/brandss.com.py\/index\/wp-json\/wp\/v2\/product_brand?post=99880"},{"taxonomy":"product_cat","embeddable":true,"href":"https:\/\/brandss.com.py\/index\/wp-json\/wp\/v2\/product_cat?post=99880"},{"taxonomy":"product_tag","embeddable":true,"href":"https:\/\/brandss.com.py\/index\/wp-json\/wp\/v2\/product_tag?post=99880"}],"curies":[{"name":"wp","href":"https:\/\/api.w.org\/{rel}","templated":true}]}}