{"id":99888,"date":"2026-03-09T11:45:07","date_gmt":"2026-03-09T11:45:07","guid":{"rendered":"https:\/\/brandss.com.py\/index\/?post_type=product&#038;p=99888"},"modified":"2026-03-09T11:56:21","modified_gmt":"2026-03-09T11:56:21","slug":"calzado-deportivo-femenino-peak-taichi-training-running-white-green","status":"publish","type":"product","link":"https:\/\/brandss.com.py\/index\/producto\/calzado-deportivo-femenino-peak-taichi-training-running-white-green\/","title":{"rendered":"CALZADO DEPORTIVO FEMENINO PEAK TAICHI TRAINING RUNNING WHITE GREEN"},"content":{"rendered":"<p><img loading=\"lazy\" decoding=\"async\" class=\"\" src=\"https:\/\/peakoficial.com.ar\/wp-content\/uploads\/2025\/06\/logo2peak.png\" alt=\"Team Peak - Peak\" width=\"98\" height=\"98\" \/><\/p>\n<h1>TAICHI TRAINING RUNNING<\/h1>\n<p>Los calzados de entrenamiento Peak Running est\u00e1n especialmente dise\u00f1adas para satisfacer las necesidades de corredores y atletas en entrenamiento. Su dise\u00f1o combina ligereza, comodidad y durabilidad, ofreciendo un soporte \u00f3ptimo para diversas actividades f\u00edsicas. Con su dise\u00f1o elegante, son ideales tanto para entrenamientos como para uso diario.<\/p>\n<h3>Caracter\u00edsticas<\/h3>\n<ul>\n<li><strong>Comodidad:<\/strong> La plantilla acolchada reduce el impacto y maximiza la comodidad durante entrenamientos largos.<\/li>\n<li><strong>Transpirabilidad:<\/strong> Materiales ventilados para una mejor circulaci\u00f3n del aire, manteniendo los pies frescos incluso durante esfuerzos prolongados.<\/li>\n<li><strong>Agarre:<\/strong> La suela proporciona una excelente tracci\u00f3n en diversas superficies, lo que garantiza una mayor estabilidad.<\/li>\n<li><strong>Ligereza:<\/strong> Su construcci\u00f3n ligera facilita movimientos r\u00e1pidos y suaves.<\/li>\n<li><strong>Durabilidad:<\/strong> Dise\u00f1adas con materiales resistentes al desgaste, perfectas para un uso intensivo.<\/li>\n<li><strong>Versatilidad:<\/strong> Adecuadas para diferentes actividades deportivas, desde correr hasta entrenamiento funcional.<\/li>\n<\/ul>\n<h3>Detalles<\/h3>\n<ul class=\"list\" data-v-1703e6e9=\"\">\n<li class=\"item\" data-v-1703e6e9=\"\" data-test-id=\"text__attribute\"><span dir=\"auto\">La suela de EVA es el\u00e1stica, de alta calidad, estable y tiene buen agarre en la superficie.<\/span><\/li>\n<li><span dir=\"auto\">Los calzados PEAK son ligeras, la parte superior est\u00e1 hecha de tejido de alta tecnolog\u00eda (transpirable).<\/span><\/li>\n<li><span dir=\"auto\">Peak Sport Original.<\/span><\/li>\n<li><span dir=\"auto\">Disciplina: Correr\/entrenar\/todos los d\u00edas.<\/span><\/li>\n<li data-v-1703e6e9=\"\" data-test-id=\"text__attribute\">Color: White\/ Green.<\/li>\n<li data-v-1703e6e9=\"\" data-test-id=\"text__attribute\">Modelo: ET43158H.<\/li>\n<li class=\"item\" data-v-1703e6e9=\"\" data-test-id=\"text__attribute\"><span dir=\"auto\">Hecho en china.<\/span><\/li>\n<\/ul>\n","protected":false},"excerpt":{"rendered":"<p>TAICHI TRAINING RUNNING Los calzados de entrenamiento Peak Running est\u00e1n especialmente dise\u00f1adas para satisfacer las necesidades de corredores y atletas<\/p>\n","protected":false},"featured_media":99889,"comment_status":"open","ping_status":"closed","template":"","meta":{"nf_dc_page":""},"product_brand":[3042],"product_cat":[73],"product_tag":[3050],"class_list":{"0":"post-99888","1":"product","2":"type-product","3":"status-publish","4":"has-post-thumbnail","6":"product_brand-peak","7":"product_cat-femenino","8":"product_tag-et43158h-wg","10":"first","11":"instock","12":"shipping-taxable","13":"purchasable","14":"product-type-simple"},"_links":{"self":[{"href":"https:\/\/brandss.com.py\/index\/wp-json\/wp\/v2\/product\/99888","targetHints":{"allow":["GET"]}}],"collection":[{"href":"https:\/\/brandss.com.py\/index\/wp-json\/wp\/v2\/product"}],"about":[{"href":"https:\/\/brandss.com.py\/index\/wp-json\/wp\/v2\/types\/product"}],"replies":[{"embeddable":true,"href":"https:\/\/brandss.com.py\/index\/wp-json\/wp\/v2\/comments?post=99888"}],"version-history":[{"count":1,"href":"https:\/\/brandss.com.py\/index\/wp-json\/wp\/v2\/product\/99888\/revisions"}],"predecessor-version":[{"id":99893,"href":"https:\/\/brandss.com.py\/index\/wp-json\/wp\/v2\/product\/99888\/revisions\/99893"}],"wp:featuredmedia":[{"embeddable":true,"href":"https:\/\/brandss.com.py\/index\/wp-json\/wp\/v2\/media\/99889"}],"wp:attachment":[{"href":"https:\/\/brandss.com.py\/index\/wp-json\/wp\/v2\/media?parent=99888"}],"wp:term":[{"taxonomy":"product_brand","embeddable":true,"href":"https:\/\/brandss.com.py\/index\/wp-json\/wp\/v2\/product_brand?post=99888"},{"taxonomy":"product_cat","embeddable":true,"href":"https:\/\/brandss.com.py\/index\/wp-json\/wp\/v2\/product_cat?post=99888"},{"taxonomy":"product_tag","embeddable":true,"href":"https:\/\/brandss.com.py\/index\/wp-json\/wp\/v2\/product_tag?post=99888"}],"curies":[{"name":"wp","href":"https:\/\/api.w.org\/{rel}","templated":true}]}}