{"id":99894,"date":"2026-03-09T12:26:04","date_gmt":"2026-03-09T12:26:04","guid":{"rendered":"https:\/\/brandss.com.py\/index\/?post_type=product&#038;p=99894"},"modified":"2026-03-09T12:26:26","modified_gmt":"2026-03-09T12:26:26","slug":"calzado-deportivo-femenino-peak-taichi-training-running-white-pink","status":"publish","type":"product","link":"https:\/\/brandss.com.py\/index\/producto\/calzado-deportivo-femenino-peak-taichi-training-running-white-pink\/","title":{"rendered":"CALZADO DEPORTIVO FEMENINO PEAK TAICHI TRAINING RUNNING WHITE PINK"},"content":{"rendered":"<p><img loading=\"lazy\" decoding=\"async\" class=\"\" src=\"https:\/\/peakoficial.com.ar\/wp-content\/uploads\/2025\/06\/logo2peak.png\" alt=\"Team Peak - Peak\" width=\"73\" height=\"73\" \/><\/p>\n<h1>TAICHI TRAINING RUNNING<\/h1>\n<p><span dir=\"auto\">Estos calzados<\/span><span dir=\"auto\">\u00a0de running para mujer\u00a0est\u00e1n confeccionadas en malla con revestimientos de pol\u00edmero. Cuentan con una puntera reforzada.\u00a0Los calzados <\/span><span dir=\"auto\">de running<\/span>\u00a0<span dir=\"auto\">Peak promueven la salud de los pies, las articulaciones y la columna vertebral gracias a las tecnolog\u00edas empleadas en su fabricaci\u00f3n. La tecnolog\u00eda Peak\u00a0TAICHI proporciona m\u00e1xima amortiguaci\u00f3n, comodidad y sujeci\u00f3n durante la actividad f\u00edsica. El sistema de cordones cl\u00e1sico garantiza un ajuste seguro. Estos\u00a0calzados\u00a0de running de entrenamiento\u00a0son ideales para entrenar, correr, caminar y un estilo de vida activo.<\/span><\/p>\n<h3>Caracter\u00edsticas<\/h3>\n<ul>\n<li><span dir=\"auto\">Ideales para todo tipo de actividades deportivas, como correr, hacer ejercicio, as\u00ed como para actividades de ocio y paseos.<\/span><\/li>\n<li><span dir=\"auto\">La parte superior de estos excelentes calzados deportivos est\u00e1 fabricado con un tejido especial o tejido de base hueca.<\/span><\/li>\n<li><span dir=\"auto\">El tejido de la capa superior est\u00e1 tejido a partir de tres capas de hilo, que se adapta al pie y proporciona una mejor transpirabilidad y suavidad con la piel.<\/span><\/li>\n<li><span dir=\"auto\">La suela est\u00e1 hecha de una espuma autoadaptativa llamada TAICHI, que se adapta a la superficie y tiene la capacidad de devolver energ\u00eda, proteger y reducir el riesgo de lesiones.<\/span><\/li>\n<li><span dir=\"auto\">En la parte lateral del tal\u00f3n hay un fuerte inserto de TPU en ambos lados, que, adem\u00e1s del inserto TOPEE distribuido por casi toda la superficie de la suela, proporciona al calzado una estabilidad torsional excepcional y un buen soporte para el pie.<\/span><\/li>\n<\/ul>\n<h3>Detalles<\/h3>\n<p><strong>Marca:<\/strong> PEAK.<\/p>\n<p><strong>Modelo:<\/strong> ET52628H.<\/p>\n<p><strong>G\u00e9nero:<\/strong> Femenino.<\/p>\n<p><strong>Disciplina:<\/strong> Training, running.<\/p>\n<p><strong>Color:<\/strong> White\/ pink\/ blue\/ yellow.<\/p>\n","protected":false},"excerpt":{"rendered":"<p>TAICHI TRAINING RUNNING Estos calzados\u00a0de running para mujer\u00a0est\u00e1n confeccionadas en malla con revestimientos de pol\u00edmero. Cuentan con una puntera reforzada.\u00a0Los<\/p>\n","protected":false},"featured_media":99895,"comment_status":"open","ping_status":"closed","template":"","meta":{"nf_dc_page":""},"product_brand":[3042],"product_cat":[73],"product_tag":[3051],"class_list":{"0":"post-99894","1":"product","2":"type-product","3":"status-publish","4":"has-post-thumbnail","6":"product_brand-peak","7":"product_cat-femenino","8":"product_tag-et52628h-wp","10":"first","11":"instock","12":"shipping-taxable","13":"purchasable","14":"product-type-simple"},"_links":{"self":[{"href":"https:\/\/brandss.com.py\/index\/wp-json\/wp\/v2\/product\/99894","targetHints":{"allow":["GET"]}}],"collection":[{"href":"https:\/\/brandss.com.py\/index\/wp-json\/wp\/v2\/product"}],"about":[{"href":"https:\/\/brandss.com.py\/index\/wp-json\/wp\/v2\/types\/product"}],"replies":[{"embeddable":true,"href":"https:\/\/brandss.com.py\/index\/wp-json\/wp\/v2\/comments?post=99894"}],"version-history":[{"count":1,"href":"https:\/\/brandss.com.py\/index\/wp-json\/wp\/v2\/product\/99894\/revisions"}],"predecessor-version":[{"id":99900,"href":"https:\/\/brandss.com.py\/index\/wp-json\/wp\/v2\/product\/99894\/revisions\/99900"}],"wp:featuredmedia":[{"embeddable":true,"href":"https:\/\/brandss.com.py\/index\/wp-json\/wp\/v2\/media\/99895"}],"wp:attachment":[{"href":"https:\/\/brandss.com.py\/index\/wp-json\/wp\/v2\/media?parent=99894"}],"wp:term":[{"taxonomy":"product_brand","embeddable":true,"href":"https:\/\/brandss.com.py\/index\/wp-json\/wp\/v2\/product_brand?post=99894"},{"taxonomy":"product_cat","embeddable":true,"href":"https:\/\/brandss.com.py\/index\/wp-json\/wp\/v2\/product_cat?post=99894"},{"taxonomy":"product_tag","embeddable":true,"href":"https:\/\/brandss.com.py\/index\/wp-json\/wp\/v2\/product_tag?post=99894"}],"curies":[{"name":"wp","href":"https:\/\/api.w.org\/{rel}","templated":true}]}}