{"id":99901,"date":"2026-03-09T14:07:51","date_gmt":"2026-03-09T14:07:51","guid":{"rendered":"https:\/\/brandss.com.py\/index\/?post_type=product&#038;p=99901"},"modified":"2026-03-09T14:08:57","modified_gmt":"2026-03-09T14:08:57","slug":"calzado-deportivo-masculino-peak-taichi-turbo-stride-light-grey-black","status":"publish","type":"product","link":"https:\/\/brandss.com.py\/index\/producto\/calzado-deportivo-masculino-peak-taichi-turbo-stride-light-grey-black\/","title":{"rendered":"CALZADO DEPORTIVO MASCULINO PEAK TAICHI TURBO STRIDE LIGHT GREY\/ BLACK"},"content":{"rendered":"<p><img loading=\"lazy\" decoding=\"async\" class=\"\" src=\"https:\/\/peakoficial.com.ar\/wp-content\/uploads\/2025\/06\/logo2peak.png\" alt=\"Team Peak - Peak\" width=\"149\" height=\"149\" \/><\/p>\n<h1>TAICHI TURBO STRIDE<\/h1>\n<p data-start=\"144\" data-end=\"481\"><span dir=\"auto\">Los <\/span><span dir=\"auto\">calzados de running TURBO STRIDE para hombre<\/span><span dir=\"auto\">\u00a0est\u00e1n dise\u00f1adas para corredores que buscan\u00a0<\/span><span dir=\"auto\">ligereza, comodidad, estabilidad y rendimiento<\/span><span dir=\"auto\">\u00a0en la carretera, el gimnasio o la cinta. Con\u00a0<\/span><span dir=\"auto\">amortiguaci\u00f3n Taichi Smart<\/span><span dir=\"auto\">\u00a0combinada con\u00a0<\/span><span dir=\"auto\">espuma EVA ligera<\/span><span dir=\"auto\">, ofrecen una suave absorci\u00f3n de impactos y un retorno de energ\u00eda eficaz en cada zancada.<\/span><\/p>\n<p data-start=\"483\" data-end=\"764\"><span dir=\"auto\">La\u00a0<\/span><span dir=\"auto\">parte superior de malla t\u00e9cnica transpirable con refuerzo de TPU<\/span><span dir=\"auto\">\u00a0ofrece sujeci\u00f3n segura y durabilidad, mientras que la\u00a0<\/span><span dir=\"auto\">suela de goma antihuellas<\/span><span dir=\"auto\">\u00a0garantiza un agarre fiable para entrenamientos en interiores y exteriores. Su\u00a0<\/span><span dir=\"auto\">dise\u00f1o bajo y flexible<\/span><span dir=\"auto\">\u00a0favorece un movimiento natural y una comodidad duradera.<\/span><\/p>\n<p data-start=\"766\" data-end=\"922\"><span dir=\"auto\">Ideal para hombres que buscan\u00a0<\/span><span dir=\"auto\">calzados para correr c\u00f3modos con tecnolog\u00eda de amortiguaci\u00f3n moderno<\/span><span dir=\"auto\">, el PEAK turbo stride es adecuado tanto para carreras de corta como de larga distancia.<\/span><\/p>\n<h3 data-start=\"929\" data-end=\"945\"><span dir=\"auto\">Caracter\u00edsticas<\/span><\/h3>\n<ul>\n<li data-start=\"929\" data-end=\"945\"><span dir=\"auto\">Entresuela Taichi Smart para una amortiguaci\u00f3n adaptable.<\/span><\/li>\n<li data-start=\"946\" data-end=\"994\">\n<p data-start=\"948\" data-end=\"994\"><span dir=\"auto\">Espuma EVA ligera para reducir la fatiga.<\/span><\/p>\n<\/li>\n<li data-start=\"1038\" data-end=\"1080\">\n<p data-start=\"1040\" data-end=\"1080\"><span dir=\"auto\">Parte superior de malla transpirable con soporte de TPU.<\/span><\/p>\n<\/li>\n<li data-start=\"1081\" data-end=\"1126\">\n<p data-start=\"1083\" data-end=\"1126\"><span dir=\"auto\">Plantilla de EVA acolchada para una mayor comodidad.<\/span><\/p>\n<\/li>\n<li data-start=\"1127\" data-end=\"1168\">\n<p data-start=\"1129\" data-end=\"1168\"><span dir=\"auto\">Suela de goma antideslizante que no deja marcas.<\/span><\/p>\n<\/li>\n<li data-start=\"1169\" data-end=\"1201\">\n<p data-start=\"1171\" data-end=\"1201\"><span dir=\"auto\">Uso en carretera, gimnasio y cinta de correr.<\/span><\/p>\n<\/li>\n<\/ul>\n<h3>Detalles<\/h3>\n<p><strong>Marca:<\/strong> Peak.<\/p>\n<p><strong>Modelo:<\/strong> EXT52217H.<\/p>\n<p><strong>G\u00e9nero:<\/strong> Masculino.<\/p>\n<p><strong>Disciplina:<\/strong> Running.<\/p>\n<p><strong>Color:<\/strong> Light grey\/ black.<\/p>\n<p>&nbsp;<\/p>\n","protected":false},"excerpt":{"rendered":"<p>TAICHI TURBO STRIDE Los calzados de running TURBO STRIDE para hombre\u00a0est\u00e1n dise\u00f1adas para corredores que buscan\u00a0ligereza, comodidad, estabilidad y rendimiento\u00a0en<\/p>\n","protected":false},"featured_media":99902,"comment_status":"open","ping_status":"closed","template":"","meta":{"nf_dc_page":""},"product_brand":[3042],"product_cat":[76],"product_tag":[3052],"class_list":{"0":"post-99901","1":"product","2":"type-product","3":"status-publish","4":"has-post-thumbnail","6":"product_brand-peak","7":"product_cat-masculino","8":"product_tag-ext52217h-lgb","10":"first","11":"instock","12":"shipping-taxable","13":"purchasable","14":"product-type-simple"},"_links":{"self":[{"href":"https:\/\/brandss.com.py\/index\/wp-json\/wp\/v2\/product\/99901","targetHints":{"allow":["GET"]}}],"collection":[{"href":"https:\/\/brandss.com.py\/index\/wp-json\/wp\/v2\/product"}],"about":[{"href":"https:\/\/brandss.com.py\/index\/wp-json\/wp\/v2\/types\/product"}],"replies":[{"embeddable":true,"href":"https:\/\/brandss.com.py\/index\/wp-json\/wp\/v2\/comments?post=99901"}],"version-history":[{"count":1,"href":"https:\/\/brandss.com.py\/index\/wp-json\/wp\/v2\/product\/99901\/revisions"}],"predecessor-version":[{"id":99909,"href":"https:\/\/brandss.com.py\/index\/wp-json\/wp\/v2\/product\/99901\/revisions\/99909"}],"wp:featuredmedia":[{"embeddable":true,"href":"https:\/\/brandss.com.py\/index\/wp-json\/wp\/v2\/media\/99902"}],"wp:attachment":[{"href":"https:\/\/brandss.com.py\/index\/wp-json\/wp\/v2\/media?parent=99901"}],"wp:term":[{"taxonomy":"product_brand","embeddable":true,"href":"https:\/\/brandss.com.py\/index\/wp-json\/wp\/v2\/product_brand?post=99901"},{"taxonomy":"product_cat","embeddable":true,"href":"https:\/\/brandss.com.py\/index\/wp-json\/wp\/v2\/product_cat?post=99901"},{"taxonomy":"product_tag","embeddable":true,"href":"https:\/\/brandss.com.py\/index\/wp-json\/wp\/v2\/product_tag?post=99901"}],"curies":[{"name":"wp","href":"https:\/\/api.w.org\/{rel}","templated":true}]}}