{"id":99919,"date":"2026-03-09T16:24:07","date_gmt":"2026-03-09T16:24:07","guid":{"rendered":"https:\/\/brandss.com.py\/index\/?post_type=product&#038;p=99919"},"modified":"2026-03-09T16:24:49","modified_gmt":"2026-03-09T16:24:49","slug":"calzado-deportivo-femenino-peak-taichi-running-white-yellow","status":"publish","type":"product","link":"https:\/\/brandss.com.py\/index\/producto\/calzado-deportivo-femenino-peak-taichi-running-white-yellow\/","title":{"rendered":"CALZADO DEPORTIVO FEMENINO PEAK TAICHI RUNNING WHITE\/ YELLOW"},"content":{"rendered":"<p><img loading=\"lazy\" decoding=\"async\" class=\"\" src=\"https:\/\/peakoficial.com.ar\/wp-content\/uploads\/2025\/06\/logo2peak.png\" alt=\"Team Peak - Peak\" width=\"99\" height=\"99\" \/><\/p>\n<h1>TAICHI RUNNING<\/h1>\n<p><span dir=\"auto\">Los calzados para mujer PEAK TAICHI RUNNING combinan tecnolog\u00eda moderna, dise\u00f1o liviano y comodidad pensada para un estilo de vida activo. <\/span><span dir=\"auto\">Este modelo est\u00e1 confeccionado con tejido de alta tecnolog\u00eda y altamente transpirable. El material absorbe eficazmente la humedad y permite que el pie respire, creando un microclima confortable incluso durante entrenamientos intensos o caminatas largas. El tejido se adapta suavemente a la forma del pie, permitiendo una libertad de movimiento total y un ajuste c\u00f3modo desde el primer momento.<\/span><\/p>\n<p><span dir=\"auto\">La suela est\u00e1 hecha de espuma EVA ligera, que ofrece gran amortiguaci\u00f3n y resistencia. Suaviza el impacto al caminar y correr, reduce la fatiga del pie y garantiza una transici\u00f3n suave. Su dise\u00f1o ligero la hace pr\u00e1cticamente inamovible, lo cual es especialmente importante para un uso prolongado.<\/span><\/p>\n<p><span dir=\"auto\">El dise\u00f1o del calzado proporciona un soporte seguro, manteniendo el pie en la posici\u00f3n correcta. Esto te ayuda a sentirte seguro durante los movimientos activos y evita molestias. La horma c\u00f3moda y el sistema de cordones bien dise\u00f1ado permiten un ajuste personalizado.<\/span><\/p>\n<p><span dir=\"auto\">Este vers\u00e1til modelo es perfecto para fitness, entrenamientos en el gimnasio, paseos, actividades al aire libre y uso diario. Su dise\u00f1o moderno combina a la perfecci\u00f3n con ropa deportiva y casual.<\/span><\/p>\n<p><span dir=\"auto\">El tama\u00f1o es exactamente el indicado.<\/span><\/p>\n<p><span dir=\"auto\">Para una m\u00e1xima comodidad, te recomendamos combinar tus calzados con los atuendos de la marca PEAK SPORT de nuestra tienda.<\/span><\/p>\n<h3>Detalles<\/h3>\n<ul class=\"list\" data-v-1703e6e9=\"\">\n<li class=\"item\" data-test-id=\"text__attribute\" data-v-1703e6e9=\"\"><span dir=\"auto\">Fijaci\u00f3n en la pierna.<\/span><\/li>\n<li class=\"item\" data-test-id=\"text__attribute\" data-v-1703e6e9=\"\"><span dir=\"auto\">Malla de alta tecnolog\u00eda.<\/span><\/li>\n<li class=\"item\" data-test-id=\"text__attribute\" data-v-1703e6e9=\"\"><span dir=\"auto\">Suela de EVA.<\/span><\/li>\n<li class=\"item\" data-test-id=\"text__attribute\" data-v-1703e6e9=\"\"><span dir=\"auto\">Respirable.<\/span><\/li>\n<li class=\"item\" data-test-id=\"text__attribute\" data-v-1703e6e9=\"\"><span dir=\"auto\">Hecho en china.<\/span><\/li>\n<li data-test-id=\"text__attribute\" data-v-1703e6e9=\"\">Modelo: EXT52218H.<\/li>\n<li data-test-id=\"text__attribute\" data-v-1703e6e9=\"\">Color: white\/ yellow.<\/li>\n<\/ul>\n","protected":false},"excerpt":{"rendered":"<p>TAICHI RUNNING Los calzados para mujer PEAK TAICHI RUNNING combinan tecnolog\u00eda moderna, dise\u00f1o liviano y comodidad pensada para un estilo<\/p>\n","protected":false},"featured_media":99920,"comment_status":"open","ping_status":"closed","template":"","meta":{"nf_dc_page":""},"product_brand":[3042],"product_cat":[73],"product_tag":[3054],"class_list":{"0":"post-99919","1":"product","2":"type-product","3":"status-publish","4":"has-post-thumbnail","6":"product_brand-peak","7":"product_cat-femenino","8":"product_tag-ext52218h-wy","10":"first","11":"instock","12":"shipping-taxable","13":"purchasable","14":"product-type-simple"},"_links":{"self":[{"href":"https:\/\/brandss.com.py\/index\/wp-json\/wp\/v2\/product\/99919","targetHints":{"allow":["GET"]}}],"collection":[{"href":"https:\/\/brandss.com.py\/index\/wp-json\/wp\/v2\/product"}],"about":[{"href":"https:\/\/brandss.com.py\/index\/wp-json\/wp\/v2\/types\/product"}],"replies":[{"embeddable":true,"href":"https:\/\/brandss.com.py\/index\/wp-json\/wp\/v2\/comments?post=99919"}],"version-history":[{"count":1,"href":"https:\/\/brandss.com.py\/index\/wp-json\/wp\/v2\/product\/99919\/revisions"}],"predecessor-version":[{"id":99924,"href":"https:\/\/brandss.com.py\/index\/wp-json\/wp\/v2\/product\/99919\/revisions\/99924"}],"wp:featuredmedia":[{"embeddable":true,"href":"https:\/\/brandss.com.py\/index\/wp-json\/wp\/v2\/media\/99920"}],"wp:attachment":[{"href":"https:\/\/brandss.com.py\/index\/wp-json\/wp\/v2\/media?parent=99919"}],"wp:term":[{"taxonomy":"product_brand","embeddable":true,"href":"https:\/\/brandss.com.py\/index\/wp-json\/wp\/v2\/product_brand?post=99919"},{"taxonomy":"product_cat","embeddable":true,"href":"https:\/\/brandss.com.py\/index\/wp-json\/wp\/v2\/product_cat?post=99919"},{"taxonomy":"product_tag","embeddable":true,"href":"https:\/\/brandss.com.py\/index\/wp-json\/wp\/v2\/product_tag?post=99919"}],"curies":[{"name":"wp","href":"https:\/\/api.w.org\/{rel}","templated":true}]}}