{"id":99933,"date":"2026-03-09T17:21:05","date_gmt":"2026-03-09T17:21:05","guid":{"rendered":"https:\/\/brandss.com.py\/index\/?post_type=product&#038;p=99933"},"modified":"2026-03-09T17:21:33","modified_gmt":"2026-03-09T17:21:33","slug":"calzado-deportivo-masculino-peak-taichi-t-flow-running-all-black","status":"publish","type":"product","link":"https:\/\/brandss.com.py\/index\/producto\/calzado-deportivo-masculino-peak-taichi-t-flow-running-all-black\/","title":{"rendered":"CALZADO DEPORTIVO MASCULINO PEAK TAICHI T-FLOW RUNNING ALL BLACK"},"content":{"rendered":"<p><img loading=\"lazy\" decoding=\"async\" class=\"\" src=\"https:\/\/peakoficial.com.ar\/wp-content\/uploads\/2025\/06\/logo2peak.png\" alt=\"Team Peak - Peak\" width=\"115\" height=\"115\" \/><\/p>\n<h1>TAICHI T-FLOW RUNNING<\/h1>\n<p>Es un calzado deportivo masculino pensado para brindar m\u00e1ximo confort, estabilidad y rendimiento durante actividades como caminatas, running ligero o entrenamientos diarios. Su dise\u00f1o moderno y vers\u00e1til tambi\u00e9n permite utilizarlo como zapatilla casual para el d\u00eda a d\u00eda.<\/p>\n<h3>Beneficios<\/h3>\n<ul>\n<li><span dir=\"auto\">Ventajas: absorci\u00f3n de impactos, antideslizante, antiabrasi\u00f3n, transpirable, absorbe el sudor, envolvente, de apoyo, equilibrado, resistente a los impactos, ligero, aumentado, rebote.<\/span><\/li>\n<li><span dir=\"auto\">Material: La parte superior utiliza tela transpirable que absorbe el sudor para crear una apariencia general armoniosa con tonos de color sobresalientes, lo que le da al calzado una sensaci\u00f3n de firmeza y durabilidad.<\/span><\/li>\n<li><span dir=\"auto\">La tecnolog\u00eda PEAK TAICHI integrada en la entresuela proporciona elasticidad, flexibilidad, suavidad al caminar y rebota hasta un 70% al correr o practicar deporte.<\/span><\/li>\n<li><span dir=\"auto\">La suela exterior est\u00e1 hecha de caucho RB para reducir el peso del calzado y evitar resbalones. El caucho que cubre la puntera ayuda a reducir el desgaste en zonas de fricci\u00f3n frecuente, aumentando as\u00ed la durabilidad del calzado.<\/span><\/li>\n<li><span dir=\"auto\">El marco de TPU que rodea el cuerpo del calzado proporciona un soporte duradero para garantizar la estabilidad de todo el cuerpo del calzado.<\/span><\/li>\n<li><span dir=\"auto\">El sistema de cordones ajustados combinado con la leng\u00fceta unida al cuerpo del zapato garantiza que el zapato se ajuste firmemente al pie.<\/span><\/li>\n<li><span dir=\"auto\">El forro interior est\u00e1 hecho de tela voladora, proporcionando una sensaci\u00f3n suave, tersa y transpirable sin provocar pies calientes.<\/span><\/li>\n<\/ul>\n<h3><span dir=\"auto\">Usos<\/span><\/h3>\n<ul>\n<li><span dir=\"auto\">Zapatillas de running semiprofesionales: Caminar, trotar a menos de 10 km\/d\u00eda dependiendo del terreno.<\/span><\/li>\n<li><span dir=\"auto\">Se puede combinar con zapatillas para correr para practicar deportes o hacer ejercicio ligero.<\/span><\/li>\n<li><span dir=\"auto\">El estilo es minimalista y b\u00e1sico, ideal para usar a diario como un par de zapatillas deportivas de moda. Para ir al trabajo, a la escuela, a salir.<\/span><\/li>\n<\/ul>\n<h3>Detalles<\/h3>\n<p><strong>Marca:<\/strong> Peak.<\/p>\n<p><strong>Modelo: <\/strong>EXT52227H.<\/p>\n<p><strong>G\u00e9nero:<\/strong> masculino.<\/p>\n<p><strong>Color:<\/strong> all black.<\/p>\n<p><strong>Disciplina:<\/strong> running.<\/p>\n","protected":false},"excerpt":{"rendered":"<p>TAICHI T-FLOW RUNNING Es un calzado deportivo masculino pensado para brindar m\u00e1ximo confort, estabilidad y rendimiento durante actividades como caminatas,<\/p>\n","protected":false},"featured_media":99934,"comment_status":"open","ping_status":"closed","template":"","meta":{"nf_dc_page":""},"product_brand":[3042],"product_cat":[76],"product_tag":[3056],"class_list":{"0":"post-99933","1":"product","2":"type-product","3":"status-publish","4":"has-post-thumbnail","6":"product_brand-peak","7":"product_cat-masculino","8":"product_tag-ext52227h-ab","10":"first","11":"instock","12":"shipping-taxable","13":"purchasable","14":"product-type-simple"},"_links":{"self":[{"href":"https:\/\/brandss.com.py\/index\/wp-json\/wp\/v2\/product\/99933","targetHints":{"allow":["GET"]}}],"collection":[{"href":"https:\/\/brandss.com.py\/index\/wp-json\/wp\/v2\/product"}],"about":[{"href":"https:\/\/brandss.com.py\/index\/wp-json\/wp\/v2\/types\/product"}],"replies":[{"embeddable":true,"href":"https:\/\/brandss.com.py\/index\/wp-json\/wp\/v2\/comments?post=99933"}],"version-history":[{"count":1,"href":"https:\/\/brandss.com.py\/index\/wp-json\/wp\/v2\/product\/99933\/revisions"}],"predecessor-version":[{"id":99941,"href":"https:\/\/brandss.com.py\/index\/wp-json\/wp\/v2\/product\/99933\/revisions\/99941"}],"wp:featuredmedia":[{"embeddable":true,"href":"https:\/\/brandss.com.py\/index\/wp-json\/wp\/v2\/media\/99934"}],"wp:attachment":[{"href":"https:\/\/brandss.com.py\/index\/wp-json\/wp\/v2\/media?parent=99933"}],"wp:term":[{"taxonomy":"product_brand","embeddable":true,"href":"https:\/\/brandss.com.py\/index\/wp-json\/wp\/v2\/product_brand?post=99933"},{"taxonomy":"product_cat","embeddable":true,"href":"https:\/\/brandss.com.py\/index\/wp-json\/wp\/v2\/product_cat?post=99933"},{"taxonomy":"product_tag","embeddable":true,"href":"https:\/\/brandss.com.py\/index\/wp-json\/wp\/v2\/product_tag?post=99933"}],"curies":[{"name":"wp","href":"https:\/\/api.w.org\/{rel}","templated":true}]}}