{"id":99942,"date":"2026-03-09T18:35:49","date_gmt":"2026-03-09T18:35:49","guid":{"rendered":"https:\/\/brandss.com.py\/index\/?post_type=product&#038;p=99942"},"modified":"2026-03-09T18:36:54","modified_gmt":"2026-03-09T18:36:54","slug":"calzado-deportivo-femenino-peak-taichi-running-white-blue","status":"publish","type":"product","link":"https:\/\/brandss.com.py\/index\/producto\/calzado-deportivo-femenino-peak-taichi-running-white-blue\/","title":{"rendered":"CALZADO DEPORTIVO FEMENINO PEAK TAICHI RUNNING WHITE\/ BLUE"},"content":{"rendered":"<p><img loading=\"lazy\" decoding=\"async\" class=\"\" src=\"https:\/\/peakoficial.com.ar\/wp-content\/uploads\/2025\/06\/logo2peak.png\" alt=\"Team Peak - Peak\" width=\"101\" height=\"101\" \/><\/p>\n<h1>TAICHI RUNNING<\/h1>\n<p><span dir=\"auto\">Los calzados de running Peak EXT52228H<\/span><span dir=\"auto\">\u00a0para mujer,\u00a0en una elegante combinaci\u00f3n de blanco y azul claro, est\u00e1n dise\u00f1adas para quienes valoran la comodidad, la fiabilidad y la confianza en cada kil\u00f3metro.<\/span><\/p>\n<p><strong><span dir=\"auto\">Beneficios:<\/span><\/strong><\/p>\n<ul>\n<li><span dir=\"auto\">La parte superior del modelo est\u00e1 hecha de malla transpirable combinada con inserciones de cuero sint\u00e9tico duradero para un equilibrio \u00f3ptimo entre ventilaci\u00f3n y sujeci\u00f3n del pie.<\/span><\/li>\n<li><span dir=\"auto\">La entresuela de espuma\u00a0<\/span><span dir=\"auto\">MD<\/span><span dir=\"auto\">\u00a0liviana absorbe eficazmente el impacto para reducir la tensi\u00f3n en las articulaciones, mientras que la entresuela de goma\u00a0<\/span><span dir=\"auto\">RB<\/span><span dir=\"auto\">\u00a0duradera proporciona una excelente tracci\u00f3n en una variedad de superficies, ya sea asfalto, cinta de correr o caminos trillados.<\/span><\/li>\n<li><span dir=\"auto\">La silueta ergon\u00f3mica y el dise\u00f1o moderno hacen que este modelo no s\u00f3lo sea funcional, sino tambi\u00e9n visualmente atractivo.<\/span><\/li>\n<\/ul>\n<p><span dir=\"auto\">Los Peak EXT52228H<\/span><span dir=\"auto\">\u00a0son ideales para correr, caminar o entrenar en el gimnasio. \u00a1Corre con comodidad y estilo! \u00a1Elige Peak!<\/span><\/p>\n","protected":false},"excerpt":{"rendered":"<p>TAICHI RUNNING Los calzados de running Peak EXT52228H\u00a0para mujer,\u00a0en una elegante combinaci\u00f3n de blanco y azul claro, est\u00e1n dise\u00f1adas para<\/p>\n","protected":false},"featured_media":99944,"comment_status":"open","ping_status":"closed","template":"","meta":{"nf_dc_page":""},"product_brand":[3042],"product_cat":[73],"product_tag":[3057],"class_list":{"0":"post-99942","1":"product","2":"type-product","3":"status-publish","4":"has-post-thumbnail","6":"product_brand-peak","7":"product_cat-femenino","8":"product_tag-ext52228h-wb","10":"first","11":"instock","12":"shipping-taxable","13":"purchasable","14":"product-type-simple"},"_links":{"self":[{"href":"https:\/\/brandss.com.py\/index\/wp-json\/wp\/v2\/product\/99942","targetHints":{"allow":["GET"]}}],"collection":[{"href":"https:\/\/brandss.com.py\/index\/wp-json\/wp\/v2\/product"}],"about":[{"href":"https:\/\/brandss.com.py\/index\/wp-json\/wp\/v2\/types\/product"}],"replies":[{"embeddable":true,"href":"https:\/\/brandss.com.py\/index\/wp-json\/wp\/v2\/comments?post=99942"}],"version-history":[{"count":1,"href":"https:\/\/brandss.com.py\/index\/wp-json\/wp\/v2\/product\/99942\/revisions"}],"predecessor-version":[{"id":99943,"href":"https:\/\/brandss.com.py\/index\/wp-json\/wp\/v2\/product\/99942\/revisions\/99943"}],"wp:featuredmedia":[{"embeddable":true,"href":"https:\/\/brandss.com.py\/index\/wp-json\/wp\/v2\/media\/99944"}],"wp:attachment":[{"href":"https:\/\/brandss.com.py\/index\/wp-json\/wp\/v2\/media?parent=99942"}],"wp:term":[{"taxonomy":"product_brand","embeddable":true,"href":"https:\/\/brandss.com.py\/index\/wp-json\/wp\/v2\/product_brand?post=99942"},{"taxonomy":"product_cat","embeddable":true,"href":"https:\/\/brandss.com.py\/index\/wp-json\/wp\/v2\/product_cat?post=99942"},{"taxonomy":"product_tag","embeddable":true,"href":"https:\/\/brandss.com.py\/index\/wp-json\/wp\/v2\/product_tag?post=99942"}],"curies":[{"name":"wp","href":"https:\/\/api.w.org\/{rel}","templated":true}]}}