{"id":99970,"date":"2026-03-10T16:41:40","date_gmt":"2026-03-10T16:41:40","guid":{"rendered":"https:\/\/brandss.com.py\/index\/?post_type=product&#038;p=99970"},"modified":"2026-03-10T16:42:06","modified_gmt":"2026-03-10T16:42:06","slug":"calzado-casual-masculino-peak-court-motion-culture-white-green","status":"publish","type":"product","link":"https:\/\/brandss.com.py\/index\/producto\/calzado-casual-masculino-peak-court-motion-culture-white-green\/","title":{"rendered":"CALZADO CASUAL MASCULINO PEAK COURT MOTION CULTURE WHITE\/ GREEN"},"content":{"rendered":"<p><img loading=\"lazy\" decoding=\"async\" class=\"\" src=\"https:\/\/i0.wp.com\/peakoficial.com.ar\/wp-content\/uploads\/2025\/06\/logo2peak.png?resize=87%2C87&amp;ssl=1\" alt=\"Team Peak - Peak\" width=\"87\" height=\"87\" data-recalc-dims=\"1\" \/><\/p>\n<h1>COURT MOTION CULTURE<\/h1>\n<p><span dir=\"auto\">Mu\u00e9vete con estilo y comodidad con Peak Court Motion: el calzado de estilo de vida vers\u00e1til que combina un dise\u00f1o urbano moderno y un rendimiento diario para un look activo e informal.<\/span><\/p>\n<p><strong><span dir=\"auto\">Por qu\u00e9 los movimientos cortos revitalizan tu vida diaria<\/span><\/strong><\/p>\n<ul>\n<li><strong><span dir=\"auto\">Dise\u00f1o urbano moderno:<\/span><\/strong><span dir=\"auto\">\u00a0una silueta contempor\u00e1nea cl\u00e1sica en blanco y negro que se adapta a todos tus looks casuales y deportivos.<\/span><\/li>\n<li><strong><span dir=\"auto\">Versatilidad Sport-City:\u00a0<\/span><\/strong><span dir=\"auto\">p<\/span><span dir=\"auto\">erfecta para deportes casuales, salidas urbanas y la vida cotidiana activa.<\/span><\/li>\n<li><strong><span dir=\"auto\">Comodidad durante todo el d\u00eda:<\/span><\/strong><span dir=\"auto\">\u00a0amortiguaci\u00f3n generosa y una suela flexible para un uso prolongado sin fatiga.<\/span><\/li>\n<li><strong><span dir=\"auto\">Ligero y flexible:<\/span><\/strong><span dir=\"auto\">\u00a0construcci\u00f3n optimizada que se mueve naturalmente contigo<\/span><\/li>\n<li><strong><span dir=\"auto\">Agarre confiable:<\/span><\/strong><span dir=\"auto\">\u00a0suela que proporciona estabilidad y tracci\u00f3n en diversas superficies.<\/span><\/li>\n<\/ul>\n<p><strong><span dir=\"auto\">Rendimiento y estilo cotidianos<\/span><\/strong><\/p>\n<p><span dir=\"auto\">El Court Motion est\u00e1 dise\u00f1ado para quienes llevan una vida activa y se niegan a sacrificar estilo y funcionalidad. Su dise\u00f1o deportivo con un toque moderno te acompa\u00f1a tanto en el gimnasio como en la terraza, desde tu carrera matutina hasta tus aventuras urbanas. Su atemporal combinaci\u00f3n de blanco y negro aporta una elegancia discreta a tu look.<\/span><\/p>\n<p><strong><span dir=\"auto\">Comodidad duradera para tu vida activa<\/span><\/strong><\/p>\n<p><span dir=\"auto\">La parte superior transpirable garantiza una ventilaci\u00f3n \u00f3ptima incluso durante la actividad intensa, mientras que la c\u00f3moda suela absorbe los impactos para proteger tus pies. El sistema de cordones seguro garantiza un ajuste perfecto. Desde caminatas activas hasta estilo urbano, las Court Motion se adaptan a tu estilo de vida con estilo y rendimiento.<\/span><\/p>\n<h3><strong><span dir=\"auto\">Detalles<\/span><\/strong><\/h3>\n<ul>\n<li><span dir=\"auto\">Marca: Peak Sports.<\/span><\/li>\n<li><span dir=\"auto\">Modelo: EXT52367B.<\/span><\/li>\n<li><span dir=\"auto\">Categor\u00eda: Estilo de vida Calzado deportivo-casual.<\/span><\/li>\n<li><span dir=\"auto\">G\u00e9nero: Masculino.<\/span><\/li>\n<li><span dir=\"auto\">Estilo: Estilo de vida urbano activo\/deportivo.<\/span><\/li>\n<li><span dir=\"auto\">Color: Blanco verde.<\/span><\/li>\n<\/ul>\n","protected":false},"excerpt":{"rendered":"<p>COURT MOTION CULTURE Mu\u00e9vete con estilo y comodidad con Peak Court Motion: el calzado de estilo de vida vers\u00e1til que<\/p>\n","protected":false},"featured_media":99971,"comment_status":"open","ping_status":"closed","template":"","meta":{"nf_dc_page":""},"product_brand":[3042],"product_cat":[76],"product_tag":[3061],"class_list":{"0":"post-99970","1":"product","2":"type-product","3":"status-publish","4":"has-post-thumbnail","6":"product_brand-peak","7":"product_cat-masculino","8":"product_tag-ext52367b-wgn","10":"first","11":"instock","12":"shipping-taxable","13":"purchasable","14":"product-type-simple"},"_links":{"self":[{"href":"https:\/\/brandss.com.py\/index\/wp-json\/wp\/v2\/product\/99970","targetHints":{"allow":["GET"]}}],"collection":[{"href":"https:\/\/brandss.com.py\/index\/wp-json\/wp\/v2\/product"}],"about":[{"href":"https:\/\/brandss.com.py\/index\/wp-json\/wp\/v2\/types\/product"}],"replies":[{"embeddable":true,"href":"https:\/\/brandss.com.py\/index\/wp-json\/wp\/v2\/comments?post=99970"}],"version-history":[{"count":1,"href":"https:\/\/brandss.com.py\/index\/wp-json\/wp\/v2\/product\/99970\/revisions"}],"predecessor-version":[{"id":99975,"href":"https:\/\/brandss.com.py\/index\/wp-json\/wp\/v2\/product\/99970\/revisions\/99975"}],"wp:featuredmedia":[{"embeddable":true,"href":"https:\/\/brandss.com.py\/index\/wp-json\/wp\/v2\/media\/99971"}],"wp:attachment":[{"href":"https:\/\/brandss.com.py\/index\/wp-json\/wp\/v2\/media?parent=99970"}],"wp:term":[{"taxonomy":"product_brand","embeddable":true,"href":"https:\/\/brandss.com.py\/index\/wp-json\/wp\/v2\/product_brand?post=99970"},{"taxonomy":"product_cat","embeddable":true,"href":"https:\/\/brandss.com.py\/index\/wp-json\/wp\/v2\/product_cat?post=99970"},{"taxonomy":"product_tag","embeddable":true,"href":"https:\/\/brandss.com.py\/index\/wp-json\/wp\/v2\/product_tag?post=99970"}],"curies":[{"name":"wp","href":"https:\/\/api.w.org\/{rel}","templated":true}]}}