{"id":99983,"date":"2026-03-10T17:54:27","date_gmt":"2026-03-10T17:54:27","guid":{"rendered":"https:\/\/brandss.com.py\/index\/?post_type=product&#038;p=99983"},"modified":"2026-03-11T11:43:05","modified_gmt":"2026-03-11T11:43:05","slug":"calzado-casual-femenino-peak-court-motion-culture-white-black","status":"publish","type":"product","link":"https:\/\/brandss.com.py\/index\/producto\/calzado-casual-femenino-peak-court-motion-culture-white-black\/","title":{"rendered":"CALZADO CASUAL FEMENINO PEAK COURT MOTION CULTURE WHITE\/ BLACK"},"content":{"rendered":"<p><img loading=\"lazy\" decoding=\"async\" class=\"\" src=\"https:\/\/peakoficial.com.ar\/wp-content\/uploads\/2025\/06\/logo2peak.png\" alt=\"Peak \u2013 Indumentaria deportiva\" width=\"74\" height=\"74\" \/><\/p>\n<h1>COURT MOTION CULTURE<\/h1>\n<p><span dir=\"auto\">Mu\u00e9vete con estilo y comodidad con Peak Court Motion: el calzado de estilo de vida vers\u00e1til que combina un dise\u00f1o urbano moderno y un rendimiento diario para un look activo e informal.<\/span><\/p>\n<p><strong><span dir=\"auto\">Por qu\u00e9 los movimientos cortos revitalizan tu vida diaria<\/span><\/strong><\/p>\n<ul>\n<li><strong><span dir=\"auto\">Dise\u00f1o urbano moderno<\/span><\/strong><span dir=\"auto\">\u00a0: una silueta contempor\u00e1nea cl\u00e1sica en blanco y negro que se adapta a todos tus looks casuales y deportivos.<\/span><\/li>\n<li><strong><span dir=\"auto\">Versatilidad Sport-City<\/span><\/strong><span dir=\"auto\">\u00a0: perfecta para deportes casuales, salidas urbanas y la vida cotidiana activa.<\/span><\/li>\n<li><strong><span dir=\"auto\">Comodidad durante todo el d\u00eda<\/span><\/strong><span dir=\"auto\">\u00a0: amortiguaci\u00f3n generosa y una suela flexible para un uso prolongado sin fatiga.<\/span><\/li>\n<li><strong><span dir=\"auto\">Ligero y flexible<\/span><\/strong><span dir=\"auto\">\u00a0: construcci\u00f3n optimizada que se mueve naturalmente contigo<\/span><\/li>\n<li><strong><span dir=\"auto\">Agarre confiable<\/span><\/strong><span dir=\"auto\">\u00a0: suela que proporciona estabilidad y tracci\u00f3n en diversas superficies.<\/span><\/li>\n<\/ul>\n<p><strong><span dir=\"auto\">Rendimiento y estilo cotidianos<\/span><\/strong><\/p>\n<p><span dir=\"auto\">El Court Motion est\u00e1 dise\u00f1ado para quienes llevan una vida activa y se niegan a elegir entre estilo y funcionalidad. Su dise\u00f1o deportivo con un toque moderno te acompa\u00f1a tanto en el gimnasio como en la terraza, desde tu carrera matutina hasta tus aventuras urbanas. Su atemporal combinaci\u00f3n de blanco y negro aporta una elegancia discreta a tu look.<\/span><\/p>\n<p><strong><span dir=\"auto\">Comodidad duradera para tu vida activa<\/span><\/strong><\/p>\n<p><span dir=\"auto\">La parte superior de malla transpirable y duradera con revestimientos de cuero sint\u00e9tico proporciona ventilaci\u00f3n y estabilidad, mientras que la entresuela de espuma MD absorbe los impactos para proteger tus pies. El sistema de cordones seguro garantiza un ajuste perfecto. Desde caminatas activas hasta ropa urbana, las Court Motion se adaptan a tu estilo de vida con estilo y rendimiento.<\/span><\/p>\n<h3><strong><span dir=\"auto\">Detalles<\/span><\/strong><\/h3>\n<ul>\n<li><span dir=\"auto\"><strong>Marca:<\/strong> Peak Sports.<\/span><\/li>\n<li><span dir=\"auto\"><strong>Modelo:<\/strong> EXT52368B.<\/span><\/li>\n<li><span dir=\"auto\"><strong>Categor\u00eda:<\/strong> Estilo de vida Calzado deportivo-casual.<\/span><\/li>\n<li><span dir=\"auto\"><strong>G\u00e9nero:<\/strong> Femenino.<\/span><\/li>\n<li><span dir=\"auto\"><strong>Estilo:<\/strong> Estilo de vida urbano activo\/deportivo.<\/span><\/li>\n<li><span dir=\"auto\"><strong>Color:<\/strong> Blanco Negro.<\/span><\/li>\n<\/ul>\n<section id=\"shopify-section-template--19118143766727__recommendations\" class=\"shopify-section cc-product-recommendations cc-product-card-grid\">\n<div class=\"container mb-heading\"><\/div>\n<\/section>\n","protected":false},"excerpt":{"rendered":"<p>COURT MOTION CULTURE Mu\u00e9vete con estilo y comodidad con Peak Court Motion: el calzado de estilo de vida vers\u00e1til que<\/p>\n","protected":false},"featured_media":99984,"comment_status":"open","ping_status":"closed","template":"","meta":{"nf_dc_page":""},"product_brand":[3042],"product_cat":[73],"product_tag":[3063],"class_list":{"0":"post-99983","1":"product","2":"type-product","3":"status-publish","4":"has-post-thumbnail","6":"product_brand-peak","7":"product_cat-femenino","8":"product_tag-ext52368b-wb","10":"first","11":"instock","12":"shipping-taxable","13":"purchasable","14":"product-type-simple"},"_links":{"self":[{"href":"https:\/\/brandss.com.py\/index\/wp-json\/wp\/v2\/product\/99983","targetHints":{"allow":["GET"]}}],"collection":[{"href":"https:\/\/brandss.com.py\/index\/wp-json\/wp\/v2\/product"}],"about":[{"href":"https:\/\/brandss.com.py\/index\/wp-json\/wp\/v2\/types\/product"}],"replies":[{"embeddable":true,"href":"https:\/\/brandss.com.py\/index\/wp-json\/wp\/v2\/comments?post=99983"}],"version-history":[{"count":1,"href":"https:\/\/brandss.com.py\/index\/wp-json\/wp\/v2\/product\/99983\/revisions"}],"predecessor-version":[{"id":99989,"href":"https:\/\/brandss.com.py\/index\/wp-json\/wp\/v2\/product\/99983\/revisions\/99989"}],"wp:featuredmedia":[{"embeddable":true,"href":"https:\/\/brandss.com.py\/index\/wp-json\/wp\/v2\/media\/99984"}],"wp:attachment":[{"href":"https:\/\/brandss.com.py\/index\/wp-json\/wp\/v2\/media?parent=99983"}],"wp:term":[{"taxonomy":"product_brand","embeddable":true,"href":"https:\/\/brandss.com.py\/index\/wp-json\/wp\/v2\/product_brand?post=99983"},{"taxonomy":"product_cat","embeddable":true,"href":"https:\/\/brandss.com.py\/index\/wp-json\/wp\/v2\/product_cat?post=99983"},{"taxonomy":"product_tag","embeddable":true,"href":"https:\/\/brandss.com.py\/index\/wp-json\/wp\/v2\/product_tag?post=99983"}],"curies":[{"name":"wp","href":"https:\/\/api.w.org\/{rel}","templated":true}]}}