{"id":99990,"date":"2026-03-11T12:06:11","date_gmt":"2026-03-11T12:06:11","guid":{"rendered":"https:\/\/brandss.com.py\/index\/?post_type=product&#038;p=99990"},"modified":"2026-03-11T12:06:47","modified_gmt":"2026-03-11T12:06:47","slug":"perfume-masculino-antonio-banderas-black-seduction-edt-100ml","status":"publish","type":"product","link":"https:\/\/brandss.com.py\/index\/producto\/perfume-masculino-antonio-banderas-black-seduction-edt-100ml\/","title":{"rendered":"PERFUME MASCULINO ANTONIO BANDERAS BLACK SEDUCTION EDT 100ML"},"content":{"rendered":"<p><img loading=\"lazy\" decoding=\"async\" class=\"\" src=\"https:\/\/encrypted-tbn0.gstatic.com\/images?q=tbn:ANd9GcTDqRm3VnVXuCbpTugdrtZT8rU7TNChWb_bPw&amp;s\" alt=\"PERFUME ANTONIO BANDERAS THE ICON FOR MEN E...\" width=\"85\" height=\"85\" \/><\/p>\n<h1>BLACK SEDUCTION<\/h1>\n<div class=\"fb-product-information-tab__copy__new\">\n<div class=\"fb-product-information-tab__picture-text separator\">\n<div class=\"fb-product-information-tab__picture-text-second\">\n<h5 class=\"fb-cpy-bold\"><em>JUEGO DE LA SEDUCCI\u00d3N<\/em><\/h5>\n<p>Los cuerpos se acercan, los secretos se revelan. Con Seduction in Black, el juego de la seducci\u00f3n contin\u00faa en la oscuridad de la noche. Blue Seduction\u2026 se vuelve negra. Blue Seduction cre\u00f3 una atm\u00f3sfera de seducci\u00f3n sexy y espont\u00e1nea. Al caer la noche, las luces se apagan, dando m\u00e1s intimidad a cada encuentro. Los cuerpos se acercan, los secretos se revelan. Con Seduction in Black, el juego de la seducci\u00f3n contin\u00faa en la oscuridad de la noche.<img loading=\"lazy\" decoding=\"async\" class=\"alignleft\" src=\"https:\/\/perfumescardales.com.ar\/wp-content\/uploads\/2020\/01\/Black-Seduction-1.jpg\" width=\"531\" height=\"532\" \/><\/p>\n<\/div>\n<\/div>\n<\/div>\n<p>&nbsp;<\/p>\n<h3><strong>Notas Olfativas<\/strong><\/h3>\n<p>&nbsp;<\/p>\n<p>Seduction in Black de Antonio Banderas es una fragancia de la familia olfativa Oriental Especiada para Hombres. Seduction in Black se lanz\u00f3 en 2009.<\/p>\n<p>La Nariz detr\u00e1s de esta fragrancia es Olivier Cresp. Black Seduction de Antonio Banderas es el perfume que lleva la seducci\u00f3n a un nivel m\u00e1s \u00edntimo y personal.<\/p>\n<p>Un perfume acuoso y cristalino con un atractivo toque de madera de cedro y capuccino. El acompa\u00f1ante ideal para un hombre espontaneo y natural que seduce con su verdadera personalidad. La expresi\u00f3n perfecta de la atracci\u00f3n masculina contempor\u00e1nea.<\/p>\n<p><strong>Notas de salida:<\/strong> grosellas negras, bergamota.<\/p>\n<p><strong>Notas de coraz\u00f3n:<\/strong> nuez moscada, cardamomo, cilantro.<\/p>\n<p><strong>Notas de fondo:<\/strong> haba tonka, \u00e1mbar, almizcle, cedro de Virginia.<\/p>\n","protected":false},"excerpt":{"rendered":"<p>BLACK SEDUCTION JUEGO DE LA SEDUCCI\u00d3N Los cuerpos se acercan, los secretos se revelan. Con Seduction in Black, el juego<\/p>\n","protected":false},"featured_media":99991,"comment_status":"open","ping_status":"closed","template":"","meta":{"nf_dc_page":""},"product_brand":[870],"product_cat":[84],"product_tag":[3067],"class_list":{"0":"post-99990","1":"product","2":"type-product","3":"status-publish","4":"has-post-thumbnail","6":"product_brand-antonio-banderas","7":"product_cat-perfumeria","8":"product_tag-3067","10":"first","11":"instock","12":"shipping-taxable","13":"purchasable","14":"product-type-simple"},"_links":{"self":[{"href":"https:\/\/brandss.com.py\/index\/wp-json\/wp\/v2\/product\/99990","targetHints":{"allow":["GET"]}}],"collection":[{"href":"https:\/\/brandss.com.py\/index\/wp-json\/wp\/v2\/product"}],"about":[{"href":"https:\/\/brandss.com.py\/index\/wp-json\/wp\/v2\/types\/product"}],"replies":[{"embeddable":true,"href":"https:\/\/brandss.com.py\/index\/wp-json\/wp\/v2\/comments?post=99990"}],"version-history":[{"count":2,"href":"https:\/\/brandss.com.py\/index\/wp-json\/wp\/v2\/product\/99990\/revisions"}],"predecessor-version":[{"id":99998,"href":"https:\/\/brandss.com.py\/index\/wp-json\/wp\/v2\/product\/99990\/revisions\/99998"}],"wp:featuredmedia":[{"embeddable":true,"href":"https:\/\/brandss.com.py\/index\/wp-json\/wp\/v2\/media\/99991"}],"wp:attachment":[{"href":"https:\/\/brandss.com.py\/index\/wp-json\/wp\/v2\/media?parent=99990"}],"wp:term":[{"taxonomy":"product_brand","embeddable":true,"href":"https:\/\/brandss.com.py\/index\/wp-json\/wp\/v2\/product_brand?post=99990"},{"taxonomy":"product_cat","embeddable":true,"href":"https:\/\/brandss.com.py\/index\/wp-json\/wp\/v2\/product_cat?post=99990"},{"taxonomy":"product_tag","embeddable":true,"href":"https:\/\/brandss.com.py\/index\/wp-json\/wp\/v2\/product_tag?post=99990"}],"curies":[{"name":"wp","href":"https:\/\/api.w.org\/{rel}","templated":true}]}}